{"id":2128,"date":"2025-06-12T16:39:15","date_gmt":"2025-06-12T14:39:15","guid":{"rendered":"https:\/\/relaunch.taktiq.de\/developpement-agile\/"},"modified":"2025-08-11T14:13:47","modified_gmt":"2025-08-11T12:13:47","slug":"developpement-agile","status":"publish","type":"page","link":"https:\/\/www.taktiq.de\/fr\/developpement-agile\/","title":{"rendered":"D\u00e9veloppement agile"},"content":{"rendered":"\n<div class=\"wp-block-group alignfull has-global-padding is-layout-constrained wp-block-group-is-layout-constrained\">\n<div class=\"wp-block-columns alignwide are-vertically-aligned-center is-layout-flex wp-container-core-columns-is-layout-28f84493 wp-block-columns-is-layout-flex\">\n<div class=\"wp-block-column is-vertically-aligned-center is-layout-flow wp-block-column-is-layout-flow\">\n<h1 class=\"wp-block-heading\"><mark style=\"background-color:rgba(0, 0, 0, 0)\" class=\"has-inline-color has-orange-color\">Un d\u00e9veloppement continu<\/mark> &#8211; La meilleure solution pour l&rsquo;\u00e9quilibrage des lignes de production \u00e0 grande vari\u00e9t\u00e9 de produits.<\/h1>\n\n\n\n<p class=\"has-intro-font-size\">Les d\u00e9fis de la planification de l&rsquo;assemblage ne cessent de cro\u00eetre &#8211; et nous \u00e9voluons avec eux. Gr\u00e2ce \u00e0 notre approche de d\u00e9veloppement agile, nous ne nous contentons pas de rester \u00e0 la pointe de l&rsquo;innovation, nous la faisons progresser. <\/p>\n\n\n\n<div class=\"wp-block-buttons is-layout-flex wp-block-buttons-is-layout-flex\">\n<div class=\"wp-block-button\"><a class=\"wp-block-button__link wp-element-button\" href=\"https:\/\/www.taktiq.de\/fr\/vivre\/\">D\u00e9couvrir maintenant<\/a><\/div>\n\n\n\n<div class=\"wp-block-button is-style-outline is-style-outline--1\"><a class=\"wp-block-button__link wp-element-button\" href=\"https:\/\/www.taktiq.de\/fr\/communiques\/\">Communiqu\u00e9s<\/a><\/div>\n<\/div>\n<\/div>\n\n\n\n<div class=\"wp-block-column is-vertically-aligned-center is-layout-flow wp-block-column-is-layout-flow\">\t<div  class=\"wp-block-illustration  \">\n\n\t\t<div class=\"card card-illustration bg-transparent card-alignment- border-0\" data-alt=\"478\">\n\t\t\t<img loading=\"lazy\" decoding=\"async\" width=\"1\" height=\"1\" src=\"https:\/\/www.taktiq.de\/wp-content\/uploads\/2025\/06\/taktiq-agile-development-dialogue.svg\" class=\"card-img h-auto\" alt=\"\" style=\"max-width: 100%\" \/>\t\t\t\n\t\t\t\n\t\t\t\n\t\t\t\t\n\t\t\t\t\t\n\t\t\t\t\t<div class=\"card-img-overlay p-0\">\t\t\t\t\t\n\t\t\t\t\t\t<div class=\"d-flex illustration-positioning align-items-center justify-content-start h-100\">\n\t\t\t\t\t\t\t<div class=\"illustration-wrapper position-relative aspect-ratio aspect-ratio-1-1\" style=\"max-width: 20%\">\n\t\t\t\t\t\t\t\t<div class=\"illustration-background position-absolute bottom-0 d-flex object-fit-cover border-start border-5 border-primary w-100\">\n\t\t\t\t\t\t\t\t\t<img loading=\"lazy\" decoding=\"async\" width=\"300\" height=\"300\" src=\"https:\/\/www.taktiq.de\/wp-content\/uploads\/2025\/06\/background-customer-production-300x300.jpg\" class=\"card-img h-auto\" alt=\"\" \/>\t\t\t\t\t\t\t\t<\/div>\n\t\t\t\t\t\t\t\t<div class=\"illustration-portrait position-absolute d-flex object-fit-cover h-100\">\t\t\t\t\t\t\n\t\t\t\t\t\t\t\t\t<img loading=\"lazy\" decoding=\"async\" width=\"300\" height=\"300\" src=\"https:\/\/www.taktiq.de\/wp-content\/uploads\/2025\/06\/customer-thinking-front-taktiq-300x300.png\" class=\"card-img h-auto\" alt=\"\" srcset=\"https:\/\/www.taktiq.de\/wp-content\/uploads\/2025\/06\/customer-thinking-front-taktiq-300x300.png 300w, https:\/\/www.taktiq.de\/wp-content\/uploads\/2025\/06\/customer-thinking-front-taktiq-600x600.png 600w, https:\/\/www.taktiq.de\/wp-content\/uploads\/2025\/06\/customer-thinking-front-taktiq-900x900.png 900w\" sizes=\"auto, (max-width: 300px) 100vw, 300px\" \/>\t\t\t\t\t\t\t\t<\/div>\n\t\t\t\t\t\t\t<\/div>\n\t\t\t\t\t\t<\/div>\n\t\t\t\t\t<\/div>\n\t\t\t\t\n\t\t\t\t\t\n\t\t\t\t\t<div class=\"card-img-overlay p-0\">\t\t\t\t\t\n\t\t\t\t\t\t<div class=\"d-flex illustration-positioning align-items-end justify-content-end h-100\">\n\t\t\t\t\t\t\t<div class=\"illustration-wrapper position-relative aspect-ratio aspect-ratio-1-1\" style=\"max-width: 20%\">\n\t\t\t\t\t\t\t\t<div class=\"illustration-background position-absolute bottom-0 d-flex object-fit-cover border-start border-5 border-primary w-100\">\n\t\t\t\t\t\t\t\t\t<img loading=\"lazy\" decoding=\"async\" width=\"300\" height=\"300\" src=\"https:\/\/www.taktiq.de\/wp-content\/uploads\/2025\/06\/background-taktiq-lounge-300x300.jpg\" class=\"card-img h-auto\" alt=\"\" \/>\t\t\t\t\t\t\t\t<\/div>\n\t\t\t\t\t\t\t\t<div class=\"illustration-portrait position-absolute d-flex object-fit-cover h-100\">\t\t\t\t\t\t\n\t\t\t\t\t\t\t\t\t<img loading=\"lazy\" decoding=\"async\" width=\"300\" height=\"300\" src=\"https:\/\/www.taktiq.de\/wp-content\/uploads\/2025\/06\/employee-headset-explaining-smile-front-taktiq-300x300.png\" class=\"card-img h-auto\" alt=\"\" srcset=\"https:\/\/www.taktiq.de\/wp-content\/uploads\/2025\/06\/employee-headset-explaining-smile-front-taktiq-300x300.png 300w, https:\/\/www.taktiq.de\/wp-content\/uploads\/2025\/06\/employee-headset-explaining-smile-front-taktiq-600x600.png 600w, https:\/\/www.taktiq.de\/wp-content\/uploads\/2025\/06\/employee-headset-explaining-smile-front-taktiq-900x900.png 900w\" sizes=\"auto, (max-width: 300px) 100vw, 300px\" \/>\t\t\t\t\t\t\t\t<\/div>\n\t\t\t\t\t\t\t<\/div>\n\t\t\t\t\t\t<\/div>\n\t\t\t\t\t<\/div>\n\t\t\t\t\t\t\t\n\t\t\t\n\t\t<\/div>\t\n\n\t<\/div>\n<\/div>\n<\/div>\n<\/div>\n\n<div class=\"wp-block-group alignfull has-global-padding is-layout-constrained wp-block-group-is-layout-constrained\">\n<div class=\"wp-block-columns alignwide are-vertically-aligned-center is-layout-flex wp-container-core-columns-is-layout-28f84493 wp-block-columns-is-layout-flex\">\n<div class=\"wp-block-column is-vertically-aligned-center is-layout-flow wp-block-column-is-layout-flow\">\t<div  class=\"wp-block-illustration  \">\n\n\t\t<div class=\"card card-illustration bg-transparent card-alignment-start border-0\" data-alt=\"479\">\n\t\t\t<img loading=\"lazy\" decoding=\"async\" width=\"1\" height=\"1\" src=\"https:\/\/www.taktiq.de\/wp-content\/uploads\/2025\/06\/taktiq-agile-development-ideas-benefits.svg\" class=\"card-img h-auto\" alt=\"\" style=\"max-width: 100%\" \/>\t\t\t\n\t\t\t\n\t\t\t\t\t\t\t\n\t\t\t\n\t\t\t\t<div class=\"card-img-overlay p-0\">\t\t\t\t\t\n\t\t\t\t\t<div class=\"d-flex illustration-positioning align-items-end justify-content-start h-100\">\n\t\t\t\t\t\t<div class=\"illustration-wrapper position-relative aspect-ratio aspect-ratio-1-1\">\n\t\t\t\t\t\t\t<div class=\"illustration-background position-absolute bottom-0 d-flex object-fit-cover border-start border-5 border-primary w-100\">\n\t\t\t\t\t\t\t\t<img loading=\"lazy\" decoding=\"async\" width=\"300\" height=\"300\" src=\"https:\/\/www.taktiq.de\/wp-content\/uploads\/2025\/06\/background-customer-production-300x300.jpg\" class=\"card-img h-auto\" alt=\"\" \/>\t\t\t\t\t\t\t<\/div>\n\t\t\t\t\t\t\t<div class=\"illustration-portrait position-absolute d-flex object-fit-cover h-100\">\t\t\t\t\t\t\n\t\t\t\t\t\t\t\t<img loading=\"lazy\" decoding=\"async\" width=\"300\" height=\"300\" src=\"https:\/\/www.taktiq.de\/wp-content\/uploads\/2025\/06\/customer-happy-thumbs-up-side-taktiq-300x300.png\" class=\"card-img h-auto\" alt=\"\" srcset=\"https:\/\/www.taktiq.de\/wp-content\/uploads\/2025\/06\/customer-happy-thumbs-up-side-taktiq-300x300.png 300w, https:\/\/www.taktiq.de\/wp-content\/uploads\/2025\/06\/customer-happy-thumbs-up-side-taktiq-600x600.png 600w, https:\/\/www.taktiq.de\/wp-content\/uploads\/2025\/06\/customer-happy-thumbs-up-side-taktiq-900x900.png 900w\" sizes=\"auto, (max-width: 300px) 100vw, 300px\" \/>\t\t\t\t\t\t\t<\/div>\n\t\t\t\t\t\t<\/div>\n\t\t\t\t\t<\/div>\n\t\t\t\t<\/div>\n\n\t\t\t\n\t\t<\/div>\t\n\n\t<\/div>\n<\/div>\n\n\n\n<div class=\"wp-block-column is-vertically-aligned-center is-layout-flow wp-block-column-is-layout-flow\">\n<div class=\"wp-block-group has-global-padding is-layout-constrained wp-container-core-group-is-layout-c3d0faaf wp-block-group-is-layout-constrained\" style=\"padding-top:0;padding-right:0;padding-bottom:0;padding-left:0\">\n<h2 class=\"wp-block-heading has-orange-color has-text-color has-link-color has-h-5-font-size wp-elements-a743e15dabc34525d5904f9c02c35ef9\" style=\"font-style:normal;font-weight:300\">Votre vote compte<\/h2>\n\n\n\n<p class=\"has-h-2-font-size\">Participez \u00e0 la conception du logiciel<\/p>\n<\/div>\n\n\n\n<p>Nous accordons une grande importance aux \u00e9changes \u00e9troits et r\u00e9guliers avec nos clients. C&rsquo;est ainsi que TAKTIQ \u00e9volue avec nos clients, afin que vous soyez pr\u00eat \u00e0 relever tous les d\u00e9fis. <\/p>\n\n\n\n<ul class=\"wp-block-list is-style-checklist-clean\">\n<li>Possibilit\u00e9 d&rsquo;accords de d\u00e9veloppement individuels<\/li>\n\n\n\n<li>Profiter des d\u00e9veloppements r\u00e9alis\u00e9s par d&rsquo;autres clients<\/li>\n\n\n\n<li>Un lien direct avec le d\u00e9veloppement<\/li>\n<\/ul>\n\n\n\n<div class=\"wp-block-buttons is-layout-flex wp-block-buttons-is-layout-flex\">\n<div class=\"wp-block-button is-style-outline is-style-outline--2\"><a class=\"wp-block-button__link wp-element-button\" href=\"https:\/\/www.taktiq.de\/fr\/possibilites-de-personnalisation\/\">en savoir plus<\/a><\/div>\n<\/div>\n<\/div>\n<\/div>\n<\/div>\n\n<div class=\"wp-block-group alignfull has-global-padding is-layout-constrained wp-block-group-is-layout-constrained\">\n<div class=\"wp-block-columns alignwide are-vertically-aligned-center is-style-framed is-layout-flex wp-container-core-columns-is-layout-28f84493 wp-block-columns-is-layout-flex\">\n<div class=\"wp-block-column is-vertically-aligned-center is-layout-flow wp-block-column-is-layout-flow\" style=\"padding-right:var(--wp--preset--spacing--60);padding-left:var(--wp--preset--spacing--60);flex-basis:50%\">\n<h2 class=\"wp-block-heading\">Am\u00e9lioration continue<\/h2>\n\n\n\n<p>Notre logiciel est continuellement d\u00e9velopp\u00e9 et am\u00e9lior\u00e9. Afin de garantir une stabilit\u00e9 maximale du logiciel pour nos clients, nous testons chaque version de mani\u00e8re approfondie et la mettons \u00e9galement \u00e0 la disposition de nos clients pour qu&rsquo;ils puissent la tester. <\/p>\n\n\n\n<div class=\"wp-block-buttons is-layout-flex wp-block-buttons-is-layout-flex\">\n<div class=\"wp-block-button is-style-outline is-style-outline--3\"><a class=\"wp-block-button__link wp-element-button\" href=\"https:\/\/www.taktiq.de\/fr\/communiques\/\">Explorer les versions<\/a><\/div>\n<\/div>\n<\/div>\n\n\n\n<div class=\"wp-block-column is-vertically-aligned-center is-layout-flow wp-block-column-is-layout-flow\">\n<div class=\"wp-block-group has-global-padding is-layout-constrained wp-container-core-group-is-layout-daeba0bf wp-block-group-is-layout-constrained\" style=\"padding-top:0;padding-bottom:0\">\n<figure class=\"wp-block-image aligncenter size-full is-resized\"><img decoding=\"async\" src=\"https:\/\/www.taktiq.de\/wp-content\/uploads\/2025\/06\/taktiq-benefit-calendar.svg\" alt=\"\" class=\"wp-image-481\" style=\"width:auto;height:120px\"\/><\/figure>\n\n\n\n<p class=\"has-text-align-center\">Intervalles de mise \u00e0 jour flexibles<\/p>\n<\/div>\n<\/div>\n\n\n\n<div class=\"wp-block-column is-vertically-aligned-center is-layout-flow wp-block-column-is-layout-flow\">\n<div class=\"wp-block-group has-global-padding is-layout-constrained wp-container-core-group-is-layout-daeba0bf wp-block-group-is-layout-constrained\" style=\"padding-top:0;padding-bottom:0\">\n<figure class=\"wp-block-image aligncenter size-full is-resized\"><img decoding=\"async\" src=\"https:\/\/www.taktiq.de\/wp-content\/uploads\/2025\/06\/taktiq-benefit-first-place.svg\" alt=\"\" class=\"wp-image-485\" style=\"width:auto;height:120px\"\/><\/figure>\n\n\n\n<p class=\"has-text-align-center\">Toujours \u00e0 jour avec les derni\u00e8res technologies<\/p>\n<\/div>\n<\/div>\n<\/div>\n<\/div>\n\n<div class=\"wp-block-group alignfull has-lightgrey-background-color has-background has-global-padding is-layout-constrained wp-block-group-is-layout-constrained\">\n<div class=\"wp-block-columns alignwide are-vertically-aligned-center is-layout-flex wp-container-core-columns-is-layout-28f84493 wp-block-columns-is-layout-flex\">\n<div class=\"wp-block-column is-vertically-aligned-center is-layout-flow wp-block-column-is-layout-flow\">\n<div class=\"wp-block-group is-horizontal is-content-justification-center is-nowrap is-layout-flex wp-container-core-group-is-layout-d989b447 wp-block-group-is-layout-flex\">\n<figure class=\"wp-block-image size-full is-resized\"><img loading=\"lazy\" decoding=\"async\" width=\"711\" height=\"325\" src=\"https:\/\/www.taktiq.de\/wp-content\/uploads\/2025\/07\/fhdw.png\" alt=\"\" class=\"wp-image-743\" style=\"width:auto;height:125px\"\/><\/figure>\n\n\n\n<figure class=\"wp-block-image size-full is-resized\"><img decoding=\"async\" src=\"https:\/\/www.taktiq.de\/wp-content\/uploads\/2025\/07\/bsfz-siegel.svg\" alt=\"\" class=\"wp-image-741\" style=\"width:auto;height:200px\"\/><\/figure>\n<\/div>\n<\/div>\n\n\n\n<div class=\"wp-block-column is-vertically-aligned-center is-layout-flow wp-block-column-is-layout-flow\">\n<h2 class=\"wp-block-heading\">Nous investissons dans l&rsquo;avenir<\/h2>\n\n\n\n<p>Nous encourageons les jeunes talents et investissons dans la recherche. C&rsquo;est ainsi que nous faisons activement avancer l&rsquo;innovation dans la planification de la production. <\/p>\n\n\n\n<ul class=\"wp-block-list is-style-checklist-clean\">\n<li>Des algorithmes puissants et avant-gardistes<\/li>\n\n\n\n<li>Pionnier de l&rsquo;IA dans la planification de la production<\/li>\n<\/ul>\n<\/div>\n<\/div>\n<\/div>\n\n<div class=\"wp-block-group alignfull has-global-padding is-layout-constrained wp-block-group-is-layout-constrained\">\n<div class=\"wp-block-columns alignwide are-vertically-aligned-center is-layout-flex wp-container-core-columns-is-layout-28f84493 wp-block-columns-is-layout-flex\">\n<div class=\"wp-block-column is-vertically-aligned-center is-layout-flow wp-block-column-is-layout-flow\">\n<h2 class=\"wp-block-heading\">Quoi de neuf ?<\/h2>\n\n\n\n<p>Obtenez un aper\u00e7u de nos derni\u00e8res versions et des optimisations et nouvelles fonctionnalit\u00e9s qui les accompagnent. Vous pouvez \u00e9galement vous inscrire \u00e0 notre newsletter pour \u00eatre inform\u00e9 des futures am\u00e9liorations. <\/p>\n\n\n\n<div class=\"wp-block-buttons is-layout-flex wp-block-buttons-is-layout-flex\">\n<div class=\"wp-block-button is-style-fill\"><a class=\"wp-block-button__link wp-element-button\" href=\"https:\/\/www.taktiq.de\/fr\/communiques\/\">Explorer les versions<\/a><\/div>\n<\/div>\n<\/div>\n\n\n\n<div class=\"wp-block-column is-vertically-aligned-center is-layout-flow wp-block-column-is-layout-flow\">\t<div  class=\"wp-block-illustration  \">\n\n\t\t<div class=\"card card-illustration bg-transparent card-alignment-end border-0\" data-alt=\"501\">\n\t\t\t<img loading=\"lazy\" decoding=\"async\" width=\"1\" height=\"1\" src=\"https:\/\/www.taktiq.de\/wp-content\/uploads\/2025\/06\/taktiq-downloads.svg\" class=\"card-img h-auto\" alt=\"\" style=\"max-width: \" \/>\t\t\t\n\t\t\t\n\t\t\t\t\t\t\t\n\t\t\t\n\t\t\t\t<div class=\"card-img-overlay p-0\">\t\t\t\t\t\n\t\t\t\t\t<div class=\"d-flex illustration-positioning align-items-end justify-content-end h-100\">\n\t\t\t\t\t\t<div class=\"illustration-wrapper position-relative aspect-ratio aspect-ratio-1-1\">\n\t\t\t\t\t\t\t<div class=\"illustration-background position-absolute bottom-0 d-flex object-fit-cover border-start border-5 border-primary w-100\">\n\t\t\t\t\t\t\t\t<img loading=\"lazy\" decoding=\"async\" width=\"300\" height=\"300\" src=\"https:\/\/www.taktiq.de\/wp-content\/uploads\/2025\/06\/background-customer-production-300x300.jpg\" class=\"card-img h-auto\" alt=\"\" \/>\t\t\t\t\t\t\t<\/div>\n\t\t\t\t\t\t\t<div class=\"illustration-portrait position-absolute d-flex object-fit-cover h-100\">\t\t\t\t\t\t\n\t\t\t\t\t\t\t\t<img loading=\"lazy\" decoding=\"async\" width=\"300\" height=\"300\" src=\"https:\/\/www.taktiq.de\/wp-content\/uploads\/2025\/06\/customer-happy-thumbs-up-side-laptop-taktiq-300x300.png\" class=\"card-img h-auto\" alt=\"\" srcset=\"https:\/\/www.taktiq.de\/wp-content\/uploads\/2025\/06\/customer-happy-thumbs-up-side-laptop-taktiq-300x300.png 300w, https:\/\/www.taktiq.de\/wp-content\/uploads\/2025\/06\/customer-happy-thumbs-up-side-laptop-taktiq-600x600.png 600w, https:\/\/www.taktiq.de\/wp-content\/uploads\/2025\/06\/customer-happy-thumbs-up-side-laptop-taktiq-900x900.png 900w\" sizes=\"auto, (max-width: 300px) 100vw, 300px\" \/>\t\t\t\t\t\t\t<\/div>\n\t\t\t\t\t\t<\/div>\n\t\t\t\t\t<\/div>\n\t\t\t\t<\/div>\n\n\t\t\t\n\t\t<\/div>\t\n\n\t<\/div>\n<\/div>\n<\/div>\n<\/div>\n\n<div class=\"wp-block-group alignwide is-style-framed has-white-background-color has-background has-global-padding is-layout-constrained wp-container-core-group-is-layout-da4f2bcd wp-block-group-is-layout-constrained\" style=\"padding-top:var(--wp--preset--spacing--60);padding-right:var(--wp--preset--spacing--60);padding-bottom:var(--wp--preset--spacing--60);padding-left:var(--wp--preset--spacing--60)\">\n<div class=\"wp-block-columns alignwide are-vertically-aligned-center is-layout-flex wp-container-core-columns-is-layout-28f84493 wp-block-columns-is-layout-flex\">\n<div class=\"wp-block-column is-vertically-aligned-center is-layout-flow wp-block-column-is-layout-flow\">\n<p class=\"has-h-2-font-size\">Restez inform\u00e9<\/p>\n\n\n\n<p>Recevez de pr\u00e9cieux aper\u00e7us, des mises \u00e0 jour exclusives et des conseils pratiques directement dans votre bo\u00eete de r\u00e9ception.<\/p>\n\n\n\n<ul class=\"wp-block-list is-style-checklist-clean\">\n<li>D\u00e9couvrir de nouvelles fonctionnalit\u00e9s<\/li>\n\n\n\n<li>Optimiser la planification de la production<\/li>\n\n\n\n<li>Faciliter la vie quotidienne<\/li>\n<\/ul>\n<\/div>\n\n\n\n<div class=\"wp-block-column is-vertically-aligned-center is-layout-flow wp-block-column-is-layout-flow\">\n<script src=\"https:\/\/js-eu1.hsforms.net\/forms\/embed\/developer\/147363348.js\" defer><\/script>\n<div class=\"hs-form-html\" data-region=\"eu1\" data-form-id=\"b172bf98-9bf2-4dc9-9313-b06d8da89c25\" data-portal-id=\"147363348\"><\/div>\n<\/div>\n<\/div>\n<\/div>\n\n<div class=\"wp-block-group alignfull has-global-padding is-layout-constrained wp-block-group-is-layout-constrained\">\n<div class=\"wp-block-columns alignwide are-vertically-aligned-center is-layout-flex wp-container-core-columns-is-layout-28f84493 wp-block-columns-is-layout-flex\">\n<div class=\"wp-block-column is-vertically-aligned-center is-layout-flow wp-block-column-is-layout-flow\">\n<p class=\"has-text-align-left has-h-2-font-size\">Vous pourriez \u00e9galement \u00eatre int\u00e9ress\u00e9 par<\/p>\n\n\n\n<p>D\u00e9couvrez si notre logiciel vous convient lors d&rsquo;un bref entretien initial. Ou apprenez-en plus sur les diff\u00e9rentes possibilit\u00e9s de personnalisation de TAKTIQ et sur les avantages que vous pouvez en tirer. <\/p>\n<\/div>\n\n\n\n<div class=\"wp-block-column is-vertically-aligned-center is-layout-flow wp-block-column-is-layout-flow\">\n<div  class=\"wp-block-teaser  \">\t\n\t\n\t\n\t<div class=\"card card-teaser rounded h-100\">\n\t\t\t\t<div class=\"card-body p-3 p-lg-4 p-xxl-5\">\n\t\t\t\t\t\t<a href=\"https:\/\/www.taktiq.de\/fr\/vivre\/\" class=\"card-title d-block stretched-link text-decoration-none my-2 fw-semibold fs-5\">Vivre<\/a>\n\t\t\t<p class=\"card-text hyphens m-0 p-0\">\n\t\t\t\tApprenez \u00e0 mieux conna\u00eetre TAKTIQ et d\u00e9couvrez comment faire passer votre planification de production au niveau sup\u00e9rieur.\t\t\t<\/p>\n\t\t\t<a href=\"https:\/\/www.taktiq.de\/fr\/vivre\/\" class=\"btn btn-outline-primary btn-sm mt-3\">En savoir plus<\/a>\n\t\t<\/div>\n\t\t\t\t\n\t<\/div>\n<\/div>\n\n\n\n\n<div  class=\"wp-block-teaser  \">\t\n\t\n\t\n\t<div class=\"card card-teaser rounded h-100\">\n\t\t\t\t\t<div class=\"card-body p-3 p-lg-4 p-xxl-5\">\n\t\t\t\t<div class=\"row align-items-center\">\n\t\t\t\t\t<div class=\"col-md-7 order-2 order-md-1\">\t\t\t\t\t\n\t\t\t\t\t\t\t\t\t\t\t\t<a href=\"https:\/\/www.taktiq.de\/fr\/possibilites-de-personnalisation\/\" class=\"card-title d-block stretched-link text-decoration-none my-2 fw-semibold fs-5\">Possibilit\u00e9s de personnalisation<\/a>\n\t\t\t\t\t\t<p class=\"card-text hyphens m-0 p-0\">\n\t\t\t\t\t\t\tGr\u00e2ce \u00e0 la possibilit\u00e9 de conclure un accord de d\u00e9veloppement de produit et \u00e0 d&rsquo;autres options de personnalisation, nous permettons \u00e0 votre TAKTIQ de grandir avec vous.\t\t\t\t\t\t<\/p>\n\t\t\t\t\t\t<a href=\"https:\/\/www.taktiq.de\/fr\/possibilites-de-personnalisation\/\" class=\"btn btn-outline-primary btn-sm mt-3\">En savoir plus<\/a>\n\t\t\t\t\t<\/div>\n\t\t\t\t\t<div class=\"col-md-5 order-1 order-md-2\">\n\t\t\t\t\t\t<img loading=\"lazy\" decoding=\"async\" width=\"1\" height=\"1\" src=\"https:\/\/www.taktiq.de\/wp-content\/uploads\/2025\/06\/taktiq-agile-development-ideas-benefits.svg\" class=\"card-img-top h-auto wp-post-image\" alt=\"\" \/>\t\t\t\t\t<\/div>\n\t\t\t\t<\/div>\t\n\t\t\t<\/div>\t\t\n\t\t\t\t\n\t<\/div>\n<\/div>\n\n<\/div>\n<\/div>\n<\/div>\n","protected":false},"excerpt":{"rendered":"<p>Gr\u00e2ce \u00e0 notre approche de d\u00e9veloppement agile, nous ne nous contentons pas de rester \u00e0 la pointe de l&rsquo;innovation, nous la faisons progresser.<\/p>\n","protected":false},"author":1,"featured_media":2132,"parent":0,"menu_order":0,"comment_status":"closed","ping_status":"closed","template":"","meta":{"_acf_changed":false,"footnotes":""},"class_list":["post-2128","page","type-page","status-publish","has-post-thumbnail","hentry"],"acf":[],"_links":{"self":[{"href":"https:\/\/www.taktiq.de\/fr\/wp-json\/wp\/v2\/pages\/2128","targetHints":{"allow":["GET"]}}],"collection":[{"href":"https:\/\/www.taktiq.de\/fr\/wp-json\/wp\/v2\/pages"}],"about":[{"href":"https:\/\/www.taktiq.de\/fr\/wp-json\/wp\/v2\/types\/page"}],"author":[{"embeddable":true,"href":"https:\/\/www.taktiq.de\/fr\/wp-json\/wp\/v2\/users\/1"}],"replies":[{"embeddable":true,"href":"https:\/\/www.taktiq.de\/fr\/wp-json\/wp\/v2\/comments?post=2128"}],"version-history":[{"count":2,"href":"https:\/\/www.taktiq.de\/fr\/wp-json\/wp\/v2\/pages\/2128\/revisions"}],"predecessor-version":[{"id":2228,"href":"https:\/\/www.taktiq.de\/fr\/wp-json\/wp\/v2\/pages\/2128\/revisions\/2228"}],"wp:featuredmedia":[{"embeddable":true,"href":"https:\/\/www.taktiq.de\/fr\/wp-json\/wp\/v2\/media\/2132"}],"wp:attachment":[{"href":"https:\/\/www.taktiq.de\/fr\/wp-json\/wp\/v2\/media?parent=2128"}],"curies":[{"name":"wp","href":"https:\/\/api.w.org\/{rel}","templated":true}]}}