{"id":2289,"date":"2025-07-07T09:05:24","date_gmt":"2025-07-07T07:05:24","guid":{"rendered":"https:\/\/relaunch.taktiq.de\/telechargements\/"},"modified":"2026-01-21T21:59:41","modified_gmt":"2026-01-21T20:59:41","slug":"downloads","status":"publish","type":"page","link":"https:\/\/www.taktiq.de\/fr\/downloads\/","title":{"rendered":"T\u00e9l\u00e9chargements"},"content":{"rendered":"\n<div class=\"wp-block-group alignfull has-global-padding is-layout-constrained wp-block-group-is-layout-constrained\">\n<div class=\"wp-block-columns alignwide are-vertically-aligned-center is-layout-flex wp-container-core-columns-is-layout-28f84493 wp-block-columns-is-layout-flex\">\n<div class=\"wp-block-column is-vertically-aligned-center is-layout-flow wp-block-column-is-layout-flow\">\n<h1 class=\"wp-block-heading\">Toutes les informations au m\u00eame endroit<\/h1>\n\n\n\n<p class=\"has-intro-font-size\">Les documents importants sont regroup\u00e9s de mani\u00e8re claire. Il suffit de les t\u00e9l\u00e9charger, de les partager avec votre \u00e9quipe et de les utiliser pour la prochaine d\u00e9cision. <\/p>\n\n\n\n<ol class=\"wp-block-list has-intro-font-size\">\n<li>T\u00e9l\u00e9charger des documents<\/li>\n\n\n\n<li>Partager avec des coll\u00e8gues<\/li>\n\n\n\n<li>Prendre rendez-vous et clarifier les questions<\/li>\n<\/ol>\n<\/div>\n\n\n\n<div class=\"wp-block-column is-vertically-aligned-center is-layout-flow wp-block-column-is-layout-flow\">\n<figure class=\"wp-block-image size-full\"><img decoding=\"async\" src=\"https:\/\/www.taktiq.de\/wp-content\/uploads\/2025\/06\/taktiq-downloads.svg\" alt=\"\" class=\"wp-image-501\"\/><\/figure>\n<\/div>\n<\/div>\n<\/div>\n\n<div class=\"wp-block-group alignfull has-lightgrey-background-color has-background has-global-padding is-layout-constrained wp-block-group-is-layout-constrained\">\n<div class=\"wp-block-columns alignwide is-layout-flex wp-container-core-columns-is-layout-28f84493 wp-block-columns-is-layout-flex\">\n<div class=\"wp-block-column is-layout-flow wp-block-column-is-layout-flow\">\n<h2 class=\"wp-block-heading\">TAKTIQ<\/h2>\n\n\n\n<div class=\"wp-block-file\"><a id=\"wp-block-file--media-5853e02c-0bef-499f-8a2f-1110e88894a8\" href=\"https:\/\/www.taktiq.de\/wp-content\/uploads\/2025\/07\/taktiq-releasekalender.pdf\" target=\"_blank\" rel=\"noreferrer noopener\">Calendrier des sorties<\/a><\/div>\n\n\n\n<div class=\"wp-block-group wp-fake-file-block has-border-color has-midgrey-border-color has-white-background-color has-background is-nowrap is-layout-flex wp-container-core-group-is-layout-6d80e04a wp-block-group-is-layout-flex\" style=\"border-width:1px;border-radius:0.5rem;padding-top:var(--wp--preset--spacing--40);padding-right:var(--wp--preset--spacing--40);padding-bottom:var(--wp--preset--spacing--40);padding-left:var(--wp--preset--spacing--40)\">\n<figure class=\"wp-block-image size-full is-resized\"><img decoding=\"async\" src=\"https:\/\/www.taktiq.de\/wp-content\/uploads\/2025\/05\/taktiq-logo-md.svg\" alt=\"Download\" class=\"wp-image-2121\" style=\"width:auto;height:24px\"\/><\/figure>\n\n\n\n<p><a href=\"https:\/\/www.taktiq.de\/fr\/vivre\/version-dessai\/\" id=\"1025\">Installateur du logiciel TAKTIQ<\/a><\/p>\n<\/div>\n\n\n\n<p class=\"has-lightgrey-color has-text-color has-link-color wp-elements-96b3bae6c7e59af01905fa2e53361f4e\">.\/<\/p>\n<\/div>\n\n\n\n<div class=\"wp-block-column is-layout-flow wp-block-column-is-layout-flow\">\n<h2 class=\"wp-block-heading\">Services<\/h2>\n\n\n\n<div class=\"wp-block-file\"><a id=\"wp-block-file--media-c52d09fb-4140-4f16-9ff6-101be2a867f8\" href=\"https:\/\/www.taktiq.de\/wp-content\/uploads\/2025\/07\/taktiq-system-requirements-and-installation-en.pdf\" target=\"_blank\" rel=\"noreferrer noopener\">Configuration requise et installation<\/a><\/div>\n\n\n\n<div class=\"wp-block-group wp-fake-file-block has-border-color has-midgrey-border-color has-white-background-color has-background has-global-padding is-layout-constrained wp-container-core-group-is-layout-52009084 wp-block-group-is-layout-constrained\" style=\"border-width:1px;border-radius:0.5rem;padding-top:var(--wp--preset--spacing--40);padding-right:var(--wp--preset--spacing--40);padding-bottom:var(--wp--preset--spacing--40);padding-left:var(--wp--preset--spacing--40)\">\n<p><a href=\"https:\/\/taktiq.assemblysuite.com\/prod1-interface\/index.html\" data-type=\"link\" data-id=\"https:\/\/taktiq.assemblysuite.com\/prod1-interface\/index.html\" target=\"_blank\" rel=\"noreferrer noopener\"><\/a><a href=\"https:\/\/taktiq.assemblysuite.com\/prod1-interface\/index.html\" data-type=\"link\" data-id=\"https:\/\/taktiq.assemblysuite.com\/prod1-interface\/index.html\" target=\"_blank\" rel=\"noreferrer noopener\">Exemple d&rsquo;interface<\/a><\/p>\n<\/div>\n\n\n\n<div class=\"wp-block-file\"><a id=\"wp-block-file--media-a955dd60-63ee-4380-9132-141a9b4c7149\" href=\"https:\/\/www.taktiq.de\/wp-content\/uploads\/2025\/07\/taktiq-service-specifications-en.pdf\" target=\"_blank\" rel=\"noreferrer noopener\">Cahier des charges<\/a><\/div>\n\n\n\n<div class=\"wp-block-file\"><a id=\"wp-block-file--media-6e9b4fda-6248-4b3e-a785-6925bea6b8f1\" href=\"https:\/\/www.taktiq.de\/wp-content\/uploads\/2025\/07\/taktiq-product-enhancement-agreement-en.pdf\" target=\"_blank\" rel=\"noreferrer noopener\">Accord d&rsquo;extension de produit<\/a><\/div>\n<\/div>\n<\/div>\n<\/div>\n\n<div class=\"wp-block-group alignfull has-lightgrey-background-color has-background has-global-padding is-layout-constrained wp-block-group-is-layout-constrained\">\n<h2 class=\"wp-block-heading has-text-align-center\">Vos prochaines \u00e9tapes avec TAKTIQ<\/h2>\n\n\n\n<p class=\"has-text-align-center\">Apprenez \u00e0 mieux conna\u00eetre TAKTIQ et d\u00e9couvrez comment faire passer votre planification de la production au niveau sup\u00e9rieur. Choisissez la voie qui vous convient le mieux. <\/p>\n\n\n\n<div style=\"height:1rem\" aria-hidden=\"true\" class=\"wp-block-spacer\"><\/div>\n\n\n\n<div class=\"wp-block-columns alignwide is-layout-flex wp-container-core-columns-is-layout-28f84493 wp-block-columns-is-layout-flex\">\n<div class=\"wp-block-column is-vertically-aligned-stretch is-layout-flow wp-block-column-is-layout-flow\">\n<div class=\"wp-block-group h-100 card-product has-border-color has-midgrey-border-color has-white-background-color has-background is-vertical is-layout-flex wp-container-core-group-is-layout-142ddb77 wp-block-group-is-layout-flex\" style=\"border-width:1px;border-radius:0.75rem;padding-top:var(--wp--preset--spacing--80);padding-right:var(--wp--preset--spacing--60);padding-bottom:var(--wp--preset--spacing--60);padding-left:var(--wp--preset--spacing--60)\">\n<figure class=\"wp-block-image size-full w-100 is-style-pulledout\" style=\"margin-right:var(--wp--preset--spacing--40);margin-left:var(--wp--preset--spacing--40)\"><img decoding=\"async\" src=\"https:\/\/www.taktiq.de\/wp-content\/uploads\/2025\/06\/taktiq-trial-truck.svg\" alt=\"\" class=\"wp-image-528\"\/><\/figure>\n\n\n\n<div class=\"wp-block-group has-lightgrey-background-color has-background is-horizontal is-content-justification-left is-nowrap is-layout-flex wp-container-core-group-is-layout-183914e5 wp-block-group-is-layout-flex\" style=\"padding-top:0;padding-right:var(--wp--preset--spacing--40);padding-bottom:0;padding-left:0\">\n<figure class=\"wp-block-image size-thumbnail is-resized\"><img loading=\"lazy\" decoding=\"async\" width=\"300\" height=\"300\" src=\"https:\/\/www.taktiq.de\/wp-content\/uploads\/2025\/07\/customer-happy-working-side-laptop-background-taktiq-300x300.jpg\" alt=\"\" class=\"wp-image-1260\" style=\"aspect-ratio:1;object-fit:cover;width:50px\" srcset=\"https:\/\/www.taktiq.de\/wp-content\/uploads\/2025\/07\/customer-happy-working-side-laptop-background-taktiq-300x300.jpg 300w, https:\/\/www.taktiq.de\/wp-content\/uploads\/2025\/07\/customer-happy-working-side-laptop-background-taktiq.jpg 600w\" sizes=\"auto, (max-width: 300px) 100vw, 300px\" \/><\/figure>\n\n\n\n<p>Tester seul<\/p>\n<\/div>\n\n\n\n<h3 class=\"wp-block-heading\">Version d&rsquo;essai de 4 semaines<\/h3>\n\n\n\n<p>Essayez TAKTIQ gratuitement et \u00e9valuez vous-m\u00eame si le logiciel r\u00e9pond \u00e0 vos besoins.<\/p>\n\n\n\n<ul class=\"wp-block-list is-style-checklist-clean\">\n<li>D\u00e9marrer en 5 minutes<\/li>\n\n\n\n<li>Fonctionnalit\u00e9s compl\u00e8tes<\/li>\n\n\n\n<li>Aucun risque<\/li>\n\n\n\n<li>Exp\u00e9rience personnelle<\/li>\n<\/ul>\n\n\n\n<div class=\"wp-block-buttons mt-auto is-layout-flex wp-block-buttons-is-layout-flex\">\n<div class=\"wp-block-button is-style-outline is-style-outline--1\"><a class=\"wp-block-button__link wp-element-button\" href=\"https:\/\/www.taktiq.de\/fr\/vivre\/version-dessai\/\">D\u00e9couvrir maintenant<\/a><\/div>\n<\/div>\n<\/div>\n<\/div>\n\n\n\n<div class=\"wp-block-column is-vertically-aligned-stretch is-layout-flow wp-block-column-is-layout-flow\">\n<div class=\"wp-block-group h-100 card-product has-border-color has-white-background-color has-background is-vertical is-layout-flex wp-container-core-group-is-layout-142ddb77 wp-block-group-is-layout-flex\" style=\"border-color:#6E6E6E;border-width:1px;border-radius:0.75rem;padding-top:var(--wp--preset--spacing--80);padding-right:var(--wp--preset--spacing--60);padding-bottom:var(--wp--preset--spacing--60);padding-left:var(--wp--preset--spacing--60)\">\n<figure class=\"wp-block-image size-full w-100 is-style-pulledout\" style=\"margin-right:var(--wp--preset--spacing--40);margin-left:var(--wp--preset--spacing--40)\"><img decoding=\"async\" src=\"https:\/\/www.taktiq.de\/wp-content\/uploads\/2025\/06\/taktiq-line-balancing-home-hero.svg\" alt=\"\" class=\"wp-image-514\"\/><\/figure>\n\n\n\n<div class=\"wp-block-group has-lightgrey-background-color has-background is-horizontal is-content-justification-left is-nowrap is-layout-flex wp-container-core-group-is-layout-183914e5 wp-block-group-is-layout-flex\" style=\"padding-top:0;padding-right:var(--wp--preset--spacing--40);padding-bottom:0;padding-left:0\">\n<figure class=\"wp-block-image size-thumbnail is-resized\"><img loading=\"lazy\" decoding=\"async\" width=\"300\" height=\"300\" src=\"https:\/\/www.taktiq.de\/wp-content\/uploads\/2025\/07\/employee-headset-explaining-smile-front-background-taktiq-300x300.jpg\" alt=\"\" class=\"wp-image-1261\" style=\"aspect-ratio:1;object-fit:cover;width:50px\" srcset=\"https:\/\/www.taktiq.de\/wp-content\/uploads\/2025\/07\/employee-headset-explaining-smile-front-background-taktiq-300x300.jpg 300w, https:\/\/www.taktiq.de\/wp-content\/uploads\/2025\/07\/employee-headset-explaining-smile-front-background-taktiq.jpg 600w\" sizes=\"auto, (max-width: 300px) 100vw, 300px\" \/><\/figure>\n\n\n\n<p>Avec Kira Askevold<\/p>\n<\/div>\n\n\n\n<h3 class=\"wp-block-heading has-orange-color has-text-color has-link-color wp-elements-da0735bac687259f00bfcf75d2e67460\">Premier entretien &amp; d\u00e9mo en direct<\/h3>\n\n\n\n<p>D\u00e9terminez si TAKTIQ vous convient lors d&rsquo;un premier entretien et d\u00e9couvrez ensuite notre logiciel lors d&rsquo;une d\u00e9monstration en direct personnalis\u00e9e.<\/p>\n\n\n\n<ul class=\"wp-block-list is-style-checklist-clean\">\n<li>La clart\u00e9 en 15 minutes<\/li>\n\n\n\n<li>\u00c9change avec des experts<\/li>\n\n\n\n<li>D\u00e9monstration en direct personnalis\u00e9e<\/li>\n<\/ul>\n\n\n\n<div class=\"wp-block-buttons mt-auto is-horizontal is-content-justification-left is-layout-flex wp-container-core-buttons-is-layout-c4719c80 wp-block-buttons-is-layout-flex\">\n<div class=\"wp-block-button has-custom-width wp-block-button__width-100 is-style-fill\"><a class=\"wp-block-button__link wp-element-button\" href=\"https:\/\/www.taktiq.de\/fr\/vivre\/premier-entretien-demo-en-direct\/\">Obtenir un premier entretien<\/a><\/div>\n<\/div>\n<\/div>\n<\/div>\n\n\n\n<div class=\"wp-block-column is-vertically-aligned-stretch is-layout-flow wp-block-column-is-layout-flow\">\n<div class=\"wp-block-group h-100 card-product has-border-color has-midgrey-border-color has-white-background-color has-background is-vertical is-layout-flex wp-container-core-group-is-layout-142ddb77 wp-block-group-is-layout-flex\" style=\"border-width:1px;border-radius:0.75rem;padding-top:var(--wp--preset--spacing--80);padding-right:var(--wp--preset--spacing--60);padding-bottom:var(--wp--preset--spacing--60);padding-left:var(--wp--preset--spacing--60)\">\n<figure class=\"wp-block-image size-full w-100 is-style-pulledout\" style=\"margin-right:var(--wp--preset--spacing--40);margin-left:var(--wp--preset--spacing--40)\"><img decoding=\"async\" src=\"https:\/\/www.taktiq.de\/wp-content\/uploads\/2025\/06\/taktiq-pilot-project.svg\" alt=\"\" class=\"wp-image-521\"\/><\/figure>\n\n\n\n<div class=\"wp-block-group has-lightgrey-background-color has-background is-horizontal is-content-justification-left is-nowrap is-layout-flex wp-container-core-group-is-layout-183914e5 wp-block-group-is-layout-flex\" style=\"padding-top:0;padding-right:var(--wp--preset--spacing--40);padding-bottom:0;padding-left:0\">\n<figure class=\"wp-block-image size-thumbnail is-resized\"><img loading=\"lazy\" decoding=\"async\" width=\"300\" height=\"300\" src=\"https:\/\/www.taktiq.de\/wp-content\/uploads\/2025\/07\/portrait-victor-kuepper-taktiq-300x300.jpg\" alt=\"\" class=\"wp-image-834\" style=\"aspect-ratio:1;object-fit:cover;width:50px\" srcset=\"https:\/\/www.taktiq.de\/wp-content\/uploads\/2025\/07\/portrait-victor-kuepper-taktiq-300x300.jpg 300w, https:\/\/www.taktiq.de\/wp-content\/uploads\/2025\/07\/portrait-victor-kuepper-taktiq-600x600.jpg 600w, https:\/\/www.taktiq.de\/wp-content\/uploads\/2025\/07\/portrait-victor-kuepper-taktiq-900x900.jpg 900w\" sizes=\"auto, (max-width: 300px) 100vw, 300px\" \/><\/figure>\n\n\n\n<p>Avec Victor K\u00fcpper<\/p>\n<\/div>\n\n\n\n<h3 class=\"wp-block-heading\">Projet pilote ou enregistrement des exigences<\/h3>\n\n\n\n<p>Testez TAKTIQ directement dans votre environnement de production avec un projet pilote sur mesure ou un relev\u00e9 des besoins sur site.<\/p>\n\n\n\n<ul class=\"wp-block-list is-style-checklist-clean\">\n<li>Fonctionnement en parall\u00e8le avec le syst\u00e8me actuel<\/li>\n\n\n\n<li>Zone de test optimis\u00e9e<\/li>\n\n\n\n<li>Analyse de l&rsquo;\u00e9cart d&rsquo;ajustement<\/li>\n\n\n\n<li>Formation sur mesure<\/li>\n\n\n\n<li>Assistance personnelle<\/li>\n<\/ul>\n\n\n\n<div class=\"wp-block-buttons mt-auto is-layout-flex wp-block-buttons-is-layout-flex\">\n<div class=\"wp-block-button is-style-outline is-style-outline--2\"><a class=\"wp-block-button__link wp-element-button\" href=\"https:\/\/www.taktiq.de\/fr\/vivre\/pilot\/\">Demander des conseils<\/a><\/div>\n<\/div>\n<\/div>\n<\/div>\n<\/div>\n<\/div>\n","protected":false},"excerpt":{"rendered":"<p>Les documents importants sont regroup\u00e9s de mani\u00e8re claire. Il suffit de les t\u00e9l\u00e9charger, de les partager avec votre \u00e9quipe et de les utiliser pour la prochaine d\u00e9cision. <\/p>\n","protected":false},"author":1,"featured_media":2159,"parent":0,"menu_order":0,"comment_status":"closed","ping_status":"closed","template":"","meta":{"_acf_changed":false,"footnotes":""},"class_list":["post-2289","page","type-page","status-publish","has-post-thumbnail","hentry"],"acf":[],"_links":{"self":[{"href":"https:\/\/www.taktiq.de\/fr\/wp-json\/wp\/v2\/pages\/2289","targetHints":{"allow":["GET"]}}],"collection":[{"href":"https:\/\/www.taktiq.de\/fr\/wp-json\/wp\/v2\/pages"}],"about":[{"href":"https:\/\/www.taktiq.de\/fr\/wp-json\/wp\/v2\/types\/page"}],"author":[{"embeddable":true,"href":"https:\/\/www.taktiq.de\/fr\/wp-json\/wp\/v2\/users\/1"}],"replies":[{"embeddable":true,"href":"https:\/\/www.taktiq.de\/fr\/wp-json\/wp\/v2\/comments?post=2289"}],"version-history":[{"count":6,"href":"https:\/\/www.taktiq.de\/fr\/wp-json\/wp\/v2\/pages\/2289\/revisions"}],"predecessor-version":[{"id":4677,"href":"https:\/\/www.taktiq.de\/fr\/wp-json\/wp\/v2\/pages\/2289\/revisions\/4677"}],"wp:featuredmedia":[{"embeddable":true,"href":"https:\/\/www.taktiq.de\/fr\/wp-json\/wp\/v2\/media\/2159"}],"wp:attachment":[{"href":"https:\/\/www.taktiq.de\/fr\/wp-json\/wp\/v2\/media?parent=2289"}],"curies":[{"name":"wp","href":"https:\/\/api.w.org\/{rel}","templated":true}]}}