{"id":2321,"date":"2025-07-07T09:59:09","date_gmt":"2025-07-07T07:59:09","guid":{"rendered":"https:\/\/relaunch.taktiq.de\/version-dessai\/"},"modified":"2025-09-01T16:42:12","modified_gmt":"2025-09-01T14:42:12","slug":"version-dessai","status":"publish","type":"page","link":"https:\/\/www.taktiq.de\/fr\/vivre\/version-dessai\/","title":{"rendered":"Version d&rsquo;essai"},"content":{"rendered":"\n<div class=\"wp-block-group alignfull has-global-padding is-layout-constrained wp-block-group-is-layout-constrained\">\n<div class=\"wp-block-columns alignwide are-vertically-aligned-center order-1 is-layout-flex wp-container-core-columns-is-layout-28f84493 wp-block-columns-is-layout-flex\">\n<div class=\"wp-block-column is-vertically-aligned-center is-layout-flow wp-block-column-is-layout-flow\">\n<h1 class=\"wp-block-heading\">Seulement 3 \u00e9tapes pour bien d\u00e9marrer<\/h1>\n\n\n\n<p class=\"has-intro-font-size\">Si vous avez des questions ou besoin d&rsquo;aide, n&rsquo;h\u00e9sitez pas \u00e0 nous contacter !<\/p>\n\n\n\n<div class=\"wp-block-group is-nowrap is-layout-flex wp-container-core-group-is-layout-bcde1d39 wp-block-group-is-layout-flex\" style=\"padding-top:0;padding-right:0;padding-bottom:0;padding-left:0\">\n<div class=\"wp-block-group has-lightgrey-background-color has-background is-vertical is-layout-flex wp-container-core-group-is-layout-982463c9 wp-block-group-is-layout-flex\" style=\"border-radius:0.5rem;padding-top:var(--wp--preset--spacing--40);padding-right:var(--wp--preset--spacing--50);padding-bottom:var(--wp--preset--spacing--40);padding-left:var(--wp--preset--spacing--50)\">\n<p><strong>Pour nous contacter :<\/strong><\/p>\n\n\n\n<ul class=\"wp-block-list\">\n<li><a href=\"mailto:&#115;up&#112;o&#114;&#116;&#64;&#116;a&#107;&#116;iq.&#100;e\">su&#112;&#112;ort&#64;ta&#107;ti&#113;.&#100;&#101;<\/a><\/li>\n\n\n\n<li><a href=\"tel:+4952516826200\">+49 5251 68262-00<\/a><\/li>\n<\/ul>\n<\/div>\n<\/div>\n<\/div>\n\n\n\n<div class=\"wp-block-column is-vertically-aligned-center order-2 is-layout-flow wp-block-column-is-layout-flow\">\n<div class=\"wp-block-group has-border-color has-global-padding is-layout-constrained wp-container-core-group-is-layout-0fee7581 wp-block-group-is-layout-constrained\" style=\"border-color:#6E6E6E;border-width:1px;border-radius:0.5rem;padding-top:var(--wp--preset--spacing--50);padding-right:var(--wp--preset--spacing--50);padding-bottom:var(--wp--preset--spacing--50);padding-left:var(--wp--preset--spacing--50)\">\n<div class=\"wp-block-columns is-layout-flex wp-container-core-columns-is-layout-28f84493 wp-block-columns-is-layout-flex\">\n<div class=\"wp-block-column is-layout-flow wp-block-column-is-layout-flow\" style=\"flex-basis:66.66%\">\n<p>Lancez le t\u00e9l\u00e9chargement et ouvrez ensuite le fichier <strong>Install TAKTIQ.exe<\/strong> dans votre dossier de t\u00e9l\u00e9chargement.<\/p>\n\n\n\n<div class=\"wp-block-buttons is-layout-flex wp-block-buttons-is-layout-flex\">\n<div class=\"wp-block-button\"><a class=\"wp-block-button__link wp-element-button\" href=\"\/files\/Installation de TAKTIQ.exe\" target=\"_blank\" rel=\"noreferrer noopener\">T\u00e9l\u00e9charger la version d&rsquo;essai<\/a><\/div>\n<\/div>\n<\/div>\n\n\n\n<div class=\"wp-block-column is-layout-flow wp-block-column-is-layout-flow\" style=\"flex-basis:33.33%\">\n<figure class=\"wp-block-image size-full\"><img decoding=\"async\" src=\"https:\/\/www.taktiq.de\/wp-content\/uploads\/2025\/06\/taktiq-download-trial.svg\" alt=\"\" class=\"wp-image-500\"\/><\/figure>\n<\/div>\n<\/div>\n<\/div>\n\n\n\n<div class=\"wp-block-group has-border-color has-global-padding is-layout-constrained wp-container-core-group-is-layout-0fee7581 wp-block-group-is-layout-constrained\" style=\"border-color:#6E6E6E;border-width:1px;border-radius:0.5rem;padding-top:var(--wp--preset--spacing--50);padding-right:var(--wp--preset--spacing--50);padding-bottom:var(--wp--preset--spacing--50);padding-left:var(--wp--preset--spacing--50)\">\n<div class=\"wp-block-columns is-layout-flex wp-container-core-columns-is-layout-28f84493 wp-block-columns-is-layout-flex\">\n<div class=\"wp-block-column is-vertically-aligned-center is-layout-flow wp-block-column-is-layout-flow\" style=\"flex-basis:66.66%\">\n<p>Au d\u00e9marrage du logiciel, remplissez le formulaire de demande de cl\u00e9 de licence. Vous recevrez la cl\u00e9 par e-mail et la saisirez dans le logiciel. <\/p>\n<\/div>\n\n\n\n<div class=\"wp-block-column is-layout-flow wp-block-column-is-layout-flow\" style=\"flex-basis:33.33%\">\n<figure class=\"wp-block-image size-full\"><img decoding=\"async\" src=\"https:\/\/www.taktiq.de\/wp-content\/uploads\/2025\/06\/taktiq-receive-key.svg\" alt=\"\" class=\"wp-image-525\"\/><\/figure>\n<\/div>\n<\/div>\n<\/div>\n\n\n\n<div class=\"wp-block-group has-border-color has-global-padding is-layout-constrained wp-container-core-group-is-layout-0fee7581 wp-block-group-is-layout-constrained\" style=\"border-color:#6E6E6E;border-width:1px;border-radius:0.5rem;padding-top:var(--wp--preset--spacing--50);padding-right:var(--wp--preset--spacing--50);padding-bottom:var(--wp--preset--spacing--50);padding-left:var(--wp--preset--spacing--50)\">\n<div class=\"wp-block-columns is-layout-flex wp-container-core-columns-is-layout-28f84493 wp-block-columns-is-layout-flex\">\n<div class=\"wp-block-column is-vertically-aligned-center is-layout-flow wp-block-column-is-layout-flow\" style=\"flex-basis:66.66%\">\n<p>Testez toutes les fonctionnalit\u00e9s du logiciel pendant 4 semaines.<\/p>\n<\/div>\n\n\n\n<div class=\"wp-block-column is-layout-flow wp-block-column-is-layout-flow\" style=\"flex-basis:33.33%\">\n<figure class=\"wp-block-image size-full\"><img decoding=\"async\" src=\"https:\/\/www.taktiq.de\/wp-content\/uploads\/2025\/06\/taktiq-trial-truck.svg\" alt=\"\" class=\"wp-image-528\"\/><\/figure>\n<\/div>\n<\/div>\n<\/div>\n<\/div>\n<\/div>\n<\/div>\n\n<div class=\"wp-block-group alignfull has-lightgrey-background-color has-background has-global-padding is-layout-constrained wp-block-group-is-layout-constrained\">\n<h2 class=\"wp-block-heading has-text-align-center\">Vos prochaines \u00e9tapes avec TAKTIQ<\/h2>\n\n\n\n<p class=\"has-text-align-center\">Apprenez \u00e0 mieux conna\u00eetre TAKTIQ et d\u00e9couvrez comment faire passer votre planification de la production au niveau sup\u00e9rieur. Choisissez la voie qui vous convient le mieux. <\/p>\n\n\n\n<div class=\"wp-block-columns is-layout-flex wp-container-core-columns-is-layout-28f84493 wp-block-columns-is-layout-flex\">\n<div class=\"wp-block-column is-vertically-aligned-stretch is-layout-flow wp-block-column-is-layout-flow\">\n<div class=\"wp-block-group h-100 card-product has-border-color has-white-background-color has-background is-vertical is-layout-flex wp-container-core-group-is-layout-142ddb77 wp-block-group-is-layout-flex\" style=\"border-color:#6E6E6E;border-width:1px;border-radius:0.75rem;padding-top:var(--wp--preset--spacing--80);padding-right:var(--wp--preset--spacing--60);padding-bottom:var(--wp--preset--spacing--60);padding-left:var(--wp--preset--spacing--60)\">\n<figure class=\"wp-block-image size-full w-100 is-style-pulledout\" style=\"margin-right:var(--wp--preset--spacing--40);margin-left:var(--wp--preset--spacing--40)\"><img decoding=\"async\" src=\"https:\/\/www.taktiq.de\/wp-content\/uploads\/2025\/06\/taktiq-line-balancing-home-hero.svg\" alt=\"\" class=\"wp-image-514\"\/><\/figure>\n\n\n\n<div class=\"wp-block-group has-lightgrey-background-color has-background is-horizontal is-content-justification-left is-nowrap is-layout-flex wp-container-core-group-is-layout-183914e5 wp-block-group-is-layout-flex\" style=\"padding-top:0;padding-right:var(--wp--preset--spacing--40);padding-bottom:0;padding-left:0\">\n<figure class=\"wp-block-image size-thumbnail is-resized\"><img loading=\"lazy\" decoding=\"async\" width=\"300\" height=\"300\" src=\"https:\/\/www.taktiq.de\/wp-content\/uploads\/2025\/07\/employee-headset-explaining-smile-front-background-taktiq-300x300.jpg\" alt=\"\" class=\"wp-image-1261\" style=\"aspect-ratio:1;object-fit:cover;width:50px\" srcset=\"https:\/\/www.taktiq.de\/wp-content\/uploads\/2025\/07\/employee-headset-explaining-smile-front-background-taktiq-300x300.jpg 300w, https:\/\/www.taktiq.de\/wp-content\/uploads\/2025\/07\/employee-headset-explaining-smile-front-background-taktiq.jpg 600w\" sizes=\"auto, (max-width: 300px) 100vw, 300px\" \/><\/figure>\n\n\n\n<p>Avec Kira Askevold<\/p>\n<\/div>\n\n\n\n<h3 class=\"wp-block-heading has-orange-color has-text-color has-link-color wp-elements-da0735bac687259f00bfcf75d2e67460\">Premier entretien &amp; d\u00e9mo en direct<\/h3>\n\n\n\n<p>D\u00e9terminez si TAKTIQ vous convient lors d&rsquo;un premier entretien et d\u00e9couvrez ensuite notre logiciel lors d&rsquo;une d\u00e9monstration en direct personnalis\u00e9e.<\/p>\n\n\n\n<ul class=\"wp-block-list is-style-checklist-clean\">\n<li>La clart\u00e9 en 15 minutes<\/li>\n\n\n\n<li>\u00c9change avec des experts<\/li>\n\n\n\n<li>D\u00e9monstration en direct personnalis\u00e9e<\/li>\n<\/ul>\n\n\n\n<div class=\"wp-block-buttons mt-auto is-horizontal is-content-justification-left is-layout-flex wp-container-core-buttons-is-layout-c4719c80 wp-block-buttons-is-layout-flex\">\n<div class=\"wp-block-button has-custom-width wp-block-button__width-100 is-style-fill\"><a class=\"wp-block-button__link wp-element-button\" href=\"https:\/\/www.taktiq.de\/fr\/vivre\/premier-entretien-demo-en-direct\/\">Obtenir un premier entretien<\/a><\/div>\n<\/div>\n<\/div>\n<\/div>\n\n\n\n<div class=\"wp-block-column is-vertically-aligned-stretch is-layout-flow wp-block-column-is-layout-flow\">\n<div class=\"wp-block-group h-100 card-product has-border-color has-midgrey-border-color has-white-background-color has-background is-vertical is-layout-flex wp-container-core-group-is-layout-142ddb77 wp-block-group-is-layout-flex\" style=\"border-width:1px;border-radius:0.75rem;padding-top:var(--wp--preset--spacing--80);padding-right:var(--wp--preset--spacing--60);padding-bottom:var(--wp--preset--spacing--60);padding-left:var(--wp--preset--spacing--60)\">\n<figure class=\"wp-block-image size-full w-100 is-style-pulledout\" style=\"margin-right:var(--wp--preset--spacing--40);margin-left:var(--wp--preset--spacing--40)\"><img decoding=\"async\" src=\"https:\/\/www.taktiq.de\/wp-content\/uploads\/2025\/06\/taktiq-pilot-project.svg\" alt=\"\" class=\"wp-image-521\"\/><\/figure>\n\n\n\n<div class=\"wp-block-group has-lightgrey-background-color has-background is-horizontal is-content-justification-left is-nowrap is-layout-flex wp-container-core-group-is-layout-183914e5 wp-block-group-is-layout-flex\" style=\"padding-top:0;padding-right:var(--wp--preset--spacing--40);padding-bottom:0;padding-left:0\">\n<figure class=\"wp-block-image size-thumbnail is-resized\"><img loading=\"lazy\" decoding=\"async\" width=\"300\" height=\"300\" src=\"https:\/\/www.taktiq.de\/wp-content\/uploads\/2025\/07\/portrait-victor-kuepper-taktiq-300x300.jpg\" alt=\"\" class=\"wp-image-834\" style=\"aspect-ratio:1;object-fit:cover;width:50px\" srcset=\"https:\/\/www.taktiq.de\/wp-content\/uploads\/2025\/07\/portrait-victor-kuepper-taktiq-300x300.jpg 300w, https:\/\/www.taktiq.de\/wp-content\/uploads\/2025\/07\/portrait-victor-kuepper-taktiq-600x600.jpg 600w, https:\/\/www.taktiq.de\/wp-content\/uploads\/2025\/07\/portrait-victor-kuepper-taktiq-900x900.jpg 900w\" sizes=\"auto, (max-width: 300px) 100vw, 300px\" \/><\/figure>\n\n\n\n<p>Avec Victor K\u00fcpper<\/p>\n<\/div>\n\n\n\n<h3 class=\"wp-block-heading\">Projet pilote ou enregistrement des exigences<\/h3>\n\n\n\n<p>Testez TAKTIQ directement dans votre environnement de production avec un projet pilote sur mesure ou un relev\u00e9 des besoins sur site.<\/p>\n\n\n\n<ul class=\"wp-block-list is-style-checklist-clean\">\n<li>Fonctionnement en parall\u00e8le avec le syst\u00e8me actuel<\/li>\n\n\n\n<li>Zone de test optimis\u00e9e<\/li>\n\n\n\n<li>Analyse de l&rsquo;\u00e9cart d&rsquo;ajustement<\/li>\n\n\n\n<li>Formation sur mesure<\/li>\n\n\n\n<li>Assistance personnelle<\/li>\n<\/ul>\n\n\n\n<div class=\"wp-block-buttons mt-auto is-layout-flex wp-block-buttons-is-layout-flex\">\n<div class=\"wp-block-button is-style-outline is-style-outline--1\"><a class=\"wp-block-button__link wp-element-button\" href=\"https:\/\/www.taktiq.de\/fr\/vivre\/pilot\/\">Demander des conseils<\/a><\/div>\n<\/div>\n<\/div>\n<\/div>\n<\/div>\n<\/div>\n","protected":false},"excerpt":{"rendered":"<p>Seulement 3 \u00e9tapes pour bien d\u00e9marrer Si vous avez des questions ou besoin d&rsquo;aide, n&rsquo;h\u00e9sitez pas \u00e0 nous contacter ! Lancez le t\u00e9l\u00e9chargement et ouvrez ensuite le fichier Install TAKTIQ.exe dans votre dossier de t\u00e9l\u00e9chargement. Au d\u00e9marrage du logiciel, remplissez le formulaire de demande de cl\u00e9 de licence. Vous recevrez la cl\u00e9 par e-mail et [&hellip;]<\/p>\n","protected":false},"author":1,"featured_media":0,"parent":2394,"menu_order":0,"comment_status":"closed","ping_status":"closed","template":"","meta":{"_acf_changed":false,"footnotes":""},"class_list":["post-2321","page","type-page","status-publish","hentry"],"acf":[],"_links":{"self":[{"href":"https:\/\/www.taktiq.de\/fr\/wp-json\/wp\/v2\/pages\/2321","targetHints":{"allow":["GET"]}}],"collection":[{"href":"https:\/\/www.taktiq.de\/fr\/wp-json\/wp\/v2\/pages"}],"about":[{"href":"https:\/\/www.taktiq.de\/fr\/wp-json\/wp\/v2\/types\/page"}],"author":[{"embeddable":true,"href":"https:\/\/www.taktiq.de\/fr\/wp-json\/wp\/v2\/users\/1"}],"replies":[{"embeddable":true,"href":"https:\/\/www.taktiq.de\/fr\/wp-json\/wp\/v2\/comments?post=2321"}],"version-history":[{"count":2,"href":"https:\/\/www.taktiq.de\/fr\/wp-json\/wp\/v2\/pages\/2321\/revisions"}],"predecessor-version":[{"id":3181,"href":"https:\/\/www.taktiq.de\/fr\/wp-json\/wp\/v2\/pages\/2321\/revisions\/3181"}],"up":[{"embeddable":true,"href":"https:\/\/www.taktiq.de\/fr\/wp-json\/wp\/v2\/pages\/2394"}],"wp:attachment":[{"href":"https:\/\/www.taktiq.de\/fr\/wp-json\/wp\/v2\/media?parent=2321"}],"curies":[{"name":"wp","href":"https:\/\/api.w.org\/{rel}","templated":true}]}}