{"id":2349,"date":"2025-06-13T14:13:30","date_gmt":"2025-06-13T12:13:30","guid":{"rendered":"https:\/\/relaunch.taktiq.de\/service-client-et-support\/"},"modified":"2025-08-11T14:11:27","modified_gmt":"2025-08-11T12:11:27","slug":"service-client-et-support","status":"publish","type":"page","link":"https:\/\/www.taktiq.de\/fr\/service-client-et-support\/","title":{"rendered":"Service client et support"},"content":{"rendered":"\n<div class=\"wp-block-group alignfull has-global-padding is-layout-constrained wp-block-group-is-layout-constrained\" style=\"margin-bottom:0;padding-bottom:0\">\n<div class=\"wp-block-columns alignwide is-layout-flex wp-container-core-columns-is-layout-28f84493 wp-block-columns-is-layout-flex\">\n<div class=\"wp-block-column is-vertically-aligned-center is-layout-flow wp-block-column-is-layout-flow\">\n<h1 class=\"wp-block-heading\">Un service et une assistance excellents<\/h1>\n\n\n\n<ul class=\"wp-block-list is-style-checklist-clean has-intro-font-size\">\n<li>\u00c9changes r\u00e9guliers et nouvelles d\u00e9monstrations de fonctionnalit\u00e9s<\/li>\n\n\n\n<li>Les commentaires des clients sont pris en compte dans le d\u00e9veloppement<\/li>\n\n\n\n<li>Un support hautement qualifi\u00e9 disponible dans le monde entier<\/li>\n<\/ul>\n\n\n\n<div class=\"wp-block-group is-nowrap is-layout-flex wp-container-core-group-is-layout-bcde1d39 wp-block-group-is-layout-flex\" style=\"padding-top:0;padding-right:0;padding-bottom:0;padding-left:0\">\n<div class=\"wp-block-group has-lightgrey-background-color has-background is-vertical is-layout-flex wp-container-core-group-is-layout-982463c9 wp-block-group-is-layout-flex\" style=\"border-radius:0.5rem;padding-top:var(--wp--preset--spacing--40);padding-right:var(--wp--preset--spacing--50);padding-bottom:var(--wp--preset--spacing--40);padding-left:var(--wp--preset--spacing--50)\">\n<p><strong>Pour nous contacter :<\/strong><\/p>\n\n\n\n<ul class=\"wp-block-list\">\n<li><a href=\"mailto:s&#117;ppo&#114;&#116;&#64;ta&#107;tiq.de\">&#115;up&#112;o&#114;&#116;&#64;&#116;&#97;&#107;&#116;i&#113;&#46;d&#101;<\/a><\/li>\n\n\n\n<li><a href=\"tel:+4952516826200\">+49 5251 68262-00<\/a><\/li>\n<\/ul>\n<\/div>\n<\/div>\n\n\n\n<div style=\"height:6rem\" aria-hidden=\"true\" class=\"wp-block-spacer\"><\/div>\n<\/div>\n\n\n\n<div class=\"wp-block-column is-vertically-aligned-bottom is-layout-flow wp-block-column-is-layout-flow\">\n<figure class=\"wp-block-image size-full\"><img decoding=\"async\" src=\"https:\/\/www.taktiq.de\/wp-content\/uploads\/2025\/06\/taktiq-globe-consulting-support.svg\" alt=\"\" class=\"wp-image-504\"\/><\/figure>\n<\/div>\n<\/div>\n<\/div>\n\n<div class=\"wp-block-group alignfull has-lightgrey-background-color has-background has-global-padding is-layout-constrained wp-container-core-group-is-layout-0049947b wp-block-group-is-layout-constrained\" style=\"margin-top:0\">\n<div class=\"wp-block-columns alignwide are-vertically-aligned-center is-layout-flex wp-container-core-columns-is-layout-28f84493 wp-block-columns-is-layout-flex\">\n<div class=\"wp-block-column is-vertically-aligned-center is-layout-flow wp-block-column-is-layout-flow\">\n\t<div  class=\"wp-block-contactpersons  \">\n\n\t\t\t\t<!--<div class=\"row g-4 row-cols-1 row-cols-sm-2 row-cols-xl-4\">-->\n\t\t\t\t\t\n\t\t\t\t<!--<div class=\"col mb-4\">-->\n\t\t\t\t\t\t\t\n\t<div id=\"contactperson-831\" class=\"card card-contactperson rounded overflow-hidden border-secondary border-1 post-831 contactperson type-contactperson status-publish has-post-thumbnail hentry\">\n\t\t<img loading=\"lazy\" decoding=\"async\" width=\"600\" height=\"600\" src=\"https:\/\/www.taktiq.de\/wp-content\/uploads\/2025\/07\/portrait-victor-kuepper-taktiq-600x600.jpg\" class=\"card-img-top h-auto wp-post-image\" alt=\"\" srcset=\"https:\/\/www.taktiq.de\/wp-content\/uploads\/2025\/07\/portrait-victor-kuepper-taktiq-600x600.jpg 600w, https:\/\/www.taktiq.de\/wp-content\/uploads\/2025\/07\/portrait-victor-kuepper-taktiq-300x300.jpg 300w, https:\/\/www.taktiq.de\/wp-content\/uploads\/2025\/07\/portrait-victor-kuepper-taktiq-900x900.jpg 900w\" sizes=\"auto, (max-width: 600px) 100vw, 600px\" \/>\t\t<div class=\"card-body d-flex flex-column justify-content-start h-100 p-3\">\n\t\t\t<div class=\"w-100\">\n\t\t\t\t<div class=\"h5 card-title fw-semibold m-0\">Victor K\u00fcpper<\/div>\n\t\t\t<\/div>\n\t\t\t\t\t\t<div class=\"w-100 \">\n\t\t\t\t<div class=\"card-text m-0 small\">Head of Consulting &amp; Services<\/div>\n\t\t\t<\/div>\n\t\t\t\t\t\t\t\t\t<div class=\"row g-2 mt-2 justify-content-between\">\n\t\t\t\t\t\t\t\t<div class=\"col-auto\">\t\t\t\n\t\t\t\t\t<a href=\"tel:+491704489735\" class=\"btn btn-light \"><span class=\"icon-phone\"><\/span> <span class=\"d-none d-lg-inline\">+49 170 4489735<\/span><span class=\"d-lg-none\">Telefon<\/span><\/a>\n\t\t\t\t<\/div>\t\t\n\t\t\t\t\t\t\t\t\t\n\t\t\t\t\t<div class=\"col-auto\">\t\t\n\t\t\t\t\t\t\t\t\t\t\t\t\t<a href=\"mailto:&#118;ict&#111;r&#46;&#107;u&#101;&#112;p&#101;&#114;&#64;t&#97;&#107;&#116;&#105;q&#46;&#100;&#101;\" class=\"btn btn-primary  px-2\"><span class=\"icon-mail\"><\/span><\/a>\n\t\t\t\t\t\t\t\t\t\t\t\t\t\n\t\t\t\t\t\t\t<a href=\"https:\/\/www.linkedin.com\/in\/victor-k%C3%BCpper-b719aa151\/\" class=\"btn btn-primary px-2\"><span class=\"icon-linkedin-squared\"><\/span><\/a>\n\t\t\t\t\t\t\t\t\t\t\t<\/div>\n\t\t\t\t\t\t\t<\/div>\n\t\t\t\t\t<\/div>\n\t<\/div>\n\t\t\t\t<!--<\/div>-->\n\t\t\t\t\t<!--<\/div>-->\n\t\t\n\t<\/div>\n\n<\/div>\n\n\n\n<div class=\"wp-block-column is-vertically-aligned-center is-layout-flow wp-block-column-is-layout-flow\">\n<h2 class=\"wp-block-heading\">Service client\u00e8le<\/h2>\n\n\n\n<p>Nos superviseurs deviennent des experts de votre cadre d&rsquo;int\u00e9gration et de vos flux de travail individuels. Il peut ainsi vous aider \u00e0 r\u00e9soudre des probl\u00e8mes complexes. Il vous informera des nouveaut\u00e9s du logiciel, int\u00e9grera vos souhaits de fonctionnalit\u00e9s dans le d\u00e9veloppement et, gr\u00e2ce \u00e0 son exp\u00e9rience pratique, vous aidera \u00e0 r\u00e9soudre vos probl\u00e8mes techniques.  <br\/><\/p>\n\n\n\n<div class=\"wp-block-buttons is-layout-flex wp-block-buttons-is-layout-flex\">\n<div class=\"wp-block-button\"><a class=\"wp-block-button__link wp-element-button\" href=\"https:\/\/www.taktiq.de\/fr\/vivre\/\">D\u00e9couvrir maintenant<\/a><\/div>\n<\/div>\n<\/div>\n<\/div>\n\n\n\n<div class=\"wp-block-columns alignwide are-vertically-aligned-center is-layout-flex wp-container-core-columns-is-layout-28f84493 wp-block-columns-is-layout-flex\">\n<div class=\"wp-block-column is-vertically-aligned-center is-layout-flow wp-block-column-is-layout-flow\">\n<h2 class=\"wp-block-heading\">Support<\/h2>\n\n\n\n<p>Notre service d&rsquo;assistance est votre point de contact unique pour toutes vos demandes, qu&rsquo;il s&rsquo;agisse d&rsquo;une question professionnelle ou d&rsquo;un probl\u00e8me technique. Vous b\u00e9n\u00e9ficiez d&rsquo;une assistance rapide, cibl\u00e9e et sp\u00e9cialis\u00e9e, tandis que nous coordonnons le traitement de vos demandes en toute transparence. Gr\u00e2ce \u00e0 des processus standardis\u00e9s et \u00e0 une collaboration \u00e9troite avec les services de conseil et de d\u00e9veloppement, votre demande est toujours entre de bonnes mains.  <\/p>\n\n\n\n<div class=\"wp-block-buttons is-layout-flex wp-block-buttons-is-layout-flex\">\n<div class=\"wp-block-button\"><a class=\"wp-block-button__link wp-element-button\" href=\"https:\/\/www.taktiq.de\/fr\/vivre\/\">D\u00e9couvrir maintenant<\/a><\/div>\n<\/div>\n<\/div>\n\n\n\n<div class=\"wp-block-column is-vertically-aligned-center is-layout-flow wp-block-column-is-layout-flow\">\n\t<div  class=\"wp-block-contactpersons  \">\n\n\t\t\t\t<!--<div class=\"row g-4 row-cols-1 row-cols-sm-2 row-cols-xl-4\">-->\n\t\t\t\t\t\n\t\t\t\t<!--<div class=\"col mb-4\">-->\n\t\t\t\t\t\t\t\n\t<div id=\"contactperson-840\" class=\"card card-contactperson rounded overflow-hidden border-secondary border-1 post-840 contactperson type-contactperson status-publish has-post-thumbnail hentry\">\n\t\t<img loading=\"lazy\" decoding=\"async\" width=\"600\" height=\"600\" src=\"https:\/\/www.taktiq.de\/wp-content\/uploads\/2025\/07\/portrait-mahmoud-kamili-taktiq-600x600.jpg\" class=\"card-img-top h-auto wp-post-image\" alt=\"\" srcset=\"https:\/\/www.taktiq.de\/wp-content\/uploads\/2025\/07\/portrait-mahmoud-kamili-taktiq-600x600.jpg 600w, https:\/\/www.taktiq.de\/wp-content\/uploads\/2025\/07\/portrait-mahmoud-kamili-taktiq-300x300.jpg 300w, https:\/\/www.taktiq.de\/wp-content\/uploads\/2025\/07\/portrait-mahmoud-kamili-taktiq-900x900.jpg 900w\" sizes=\"auto, (max-width: 600px) 100vw, 600px\" \/>\t\t<div class=\"card-body d-flex flex-column justify-content-start h-100 p-3\">\n\t\t\t<div class=\"w-100\">\n\t\t\t\t<div class=\"h5 card-title fw-semibold m-0\">Mahmoud Kamili<\/div>\n\t\t\t<\/div>\n\t\t\t\t\t\t\t\t\t<div class=\"row g-2 mt-2 justify-content-between\">\n\t\t\t\t\t\t\t\t<div class=\"col-auto\">\t\t\t\n\t\t\t\t\t<a href=\"tel:+4952516826200\" class=\"btn btn-light \"><span class=\"icon-phone\"><\/span> <span class=\"d-none d-lg-inline\">+49 5251 68262-00<\/span><span class=\"d-lg-none\">Telefon<\/span><\/a>\n\t\t\t\t<\/div>\t\t\n\t\t\t\t\t\t\t\t\t\n\t\t\t\t\t<div class=\"col-auto\">\t\t\n\t\t\t\t\t\t\t\t\t\t\t\t\t<a href=\"mailto:sup&#112;o&#114;&#116;&#64;ta&#107;tiq&#46;&#100;e\" class=\"btn btn-primary  px-2\"><span class=\"icon-mail\"><\/span><\/a>\n\t\t\t\t\t\t\t\t\t\t\t\t\t\t\t\t\t<\/div>\n\t\t\t\t\t\t\t<\/div>\n\t\t\t\t\t<\/div>\n\t<\/div>\n\t\t\t\t<!--<\/div>-->\n\t\t\t\t\t<!--<\/div>-->\n\t\t\n\t<\/div>\n\n<\/div>\n<\/div>\n<\/div>\n\n<div class=\"wp-block-group alignfull has-global-padding is-layout-constrained wp-block-group-is-layout-constrained\">\n<div class=\"wp-block-columns alignwide are-vertically-aligned-center is-layout-flex wp-container-core-columns-is-layout-28f84493 wp-block-columns-is-layout-flex\">\n<div class=\"wp-block-column is-vertically-aligned-center is-layout-flow wp-block-column-is-layout-flow\">\n<p class=\"has-text-align-left has-h-2-font-size\">Vous pourriez \u00e9galement \u00eatre int\u00e9ress\u00e9 par<\/p>\n<\/div>\n\n\n\n<div class=\"wp-block-column is-vertically-aligned-center is-layout-flow wp-block-column-is-layout-flow\">\n<div  class=\"wp-block-teaser  \">\t\n\t\n\t\n\t<div class=\"card card-teaser rounded h-100\">\n\t\t\t\t\t<div class=\"card-body p-3 p-lg-4 p-xxl-5\">\n\t\t\t\t<div class=\"row align-items-center\">\n\t\t\t\t\t<div class=\"col-md-7 order-2 order-md-1\">\t\t\t\t\t\n\t\t\t\t\t\t\t\t\t\t\t\t<a href=\"https:\/\/www.taktiq.de\/fr\/qualification\/\" class=\"card-title d-block stretched-link text-decoration-none my-2 fw-semibold fs-5\">Qualification<\/a>\n\t\t\t\t\t\t<p class=\"card-text hyphens m-0 p-0\">\n\t\t\t\t\t\t\tGr\u00e2ce \u00e0 des sessions de formation sur mesure et pratiques, nous vous rendons, vous et votre \u00e9quipe, rapidement op\u00e9rationnels.\t\t\t\t\t\t<\/p>\n\t\t\t\t\t\t<a href=\"https:\/\/www.taktiq.de\/fr\/qualification\/\" class=\"btn btn-outline-primary btn-sm mt-3\">En savoir plus<\/a>\n\t\t\t\t\t<\/div>\n\t\t\t\t\t<div class=\"col-md-5 order-1 order-md-2\">\n\t\t\t\t\t\t<img loading=\"lazy\" decoding=\"async\" width=\"1\" height=\"1\" src=\"https:\/\/www.taktiq.de\/wp-content\/uploads\/2025\/06\/taktiq-benefit-first-place.svg\" class=\"card-img-top h-auto wp-post-image\" alt=\"\" \/>\t\t\t\t\t<\/div>\n\t\t\t\t<\/div>\t\n\t\t\t<\/div>\t\t\n\t\t\t\t\n\t<\/div>\n<\/div>\n\n\n\n\n<div  class=\"wp-block-teaser  \">\t\n\t\n\t\n\t<div class=\"card card-teaser rounded h-100\">\n\t\t\t\t\t<div class=\"card-body p-3 p-lg-4 p-xxl-5\">\n\t\t\t\t<div class=\"row align-items-center\">\n\t\t\t\t\t<div class=\"col-md-7 order-2 order-md-1\">\t\t\t\t\t\n\t\t\t\t\t\t\t\t\t\t\t\t<a href=\"https:\/\/www.taktiq.de\/fr\/pilot-einfuehrung\/\" class=\"card-title d-block stretched-link text-decoration-none my-2 fw-semibold fs-5\">Pilote &amp; introduction<\/a>\n\t\t\t\t\t\t<p class=\"card-text hyphens m-0 p-0\">\n\t\t\t\t\t\t\tUne mise en \u0153uvre simple du logiciel, adapt\u00e9e \u00e0 votre situation de d\u00e9part.\t\t\t\t\t\t<\/p>\n\t\t\t\t\t\t<a href=\"https:\/\/www.taktiq.de\/fr\/pilot-einfuehrung\/\" class=\"btn btn-outline-primary btn-sm mt-3\">En savoir plus<\/a>\n\t\t\t\t\t<\/div>\n\t\t\t\t\t<div class=\"col-md-5 order-1 order-md-2\">\n\t\t\t\t\t\t<img loading=\"lazy\" decoding=\"async\" width=\"1\" height=\"1\" src=\"https:\/\/www.taktiq.de\/wp-content\/uploads\/2025\/06\/taktiq-pilot-project.svg\" class=\"card-img-top h-auto wp-post-image\" alt=\"\" \/>\t\t\t\t\t<\/div>\n\t\t\t\t<\/div>\t\n\t\t\t<\/div>\t\t\n\t\t\t\t\n\t<\/div>\n<\/div>\n\n<\/div>\n<\/div>\n<\/div>\n\n<div class=\"wp-block-group alignfull has-lightgrey-background-color has-background has-global-padding is-layout-constrained wp-block-group-is-layout-constrained\">\n<h2 class=\"wp-block-heading has-text-align-center\">Vos prochaines \u00e9tapes avec TAKTIQ<\/h2>\n\n\n\n<p class=\"has-text-align-center\">Apprenez \u00e0 mieux conna\u00eetre TAKTIQ et d\u00e9couvrez comment faire passer votre planification de la production au niveau sup\u00e9rieur. Choisissez la voie qui vous convient le mieux. <\/p>\n\n\n\n<div style=\"height:1rem\" aria-hidden=\"true\" class=\"wp-block-spacer\"><\/div>\n\n\n\n<div class=\"wp-block-columns alignwide is-layout-flex wp-container-core-columns-is-layout-28f84493 wp-block-columns-is-layout-flex\">\n<div class=\"wp-block-column is-vertically-aligned-stretch is-layout-flow wp-block-column-is-layout-flow\">\n<div class=\"wp-block-group h-100 card-product has-border-color has-midgrey-border-color has-white-background-color has-background is-vertical is-layout-flex wp-container-core-group-is-layout-142ddb77 wp-block-group-is-layout-flex\" style=\"border-width:1px;border-radius:0.75rem;padding-top:var(--wp--preset--spacing--80);padding-right:var(--wp--preset--spacing--60);padding-bottom:var(--wp--preset--spacing--60);padding-left:var(--wp--preset--spacing--60)\">\n<figure class=\"wp-block-image size-full w-100 is-style-pulledout\" style=\"margin-right:var(--wp--preset--spacing--40);margin-left:var(--wp--preset--spacing--40)\"><img decoding=\"async\" src=\"https:\/\/www.taktiq.de\/wp-content\/uploads\/2025\/06\/taktiq-trial-truck.svg\" alt=\"\" class=\"wp-image-528\"\/><\/figure>\n\n\n\n<div class=\"wp-block-group has-lightgrey-background-color has-background is-horizontal is-content-justification-left is-nowrap is-layout-flex wp-container-core-group-is-layout-183914e5 wp-block-group-is-layout-flex\" style=\"padding-top:0;padding-right:var(--wp--preset--spacing--40);padding-bottom:0;padding-left:0\">\n<figure class=\"wp-block-image size-thumbnail is-resized\"><img loading=\"lazy\" decoding=\"async\" width=\"300\" height=\"300\" src=\"https:\/\/www.taktiq.de\/wp-content\/uploads\/2025\/07\/customer-happy-working-side-laptop-background-taktiq-300x300.jpg\" alt=\"\" class=\"wp-image-1260\" style=\"aspect-ratio:1;object-fit:cover;width:50px\" srcset=\"https:\/\/www.taktiq.de\/wp-content\/uploads\/2025\/07\/customer-happy-working-side-laptop-background-taktiq-300x300.jpg 300w, https:\/\/www.taktiq.de\/wp-content\/uploads\/2025\/07\/customer-happy-working-side-laptop-background-taktiq.jpg 600w\" sizes=\"auto, (max-width: 300px) 100vw, 300px\" \/><\/figure>\n\n\n\n<p>Tester seul<\/p>\n<\/div>\n\n\n\n<h3 class=\"wp-block-heading\">Version d&rsquo;essai de 4 semaines<\/h3>\n\n\n\n<p>Essayez TAKTIQ gratuitement et \u00e9valuez vous-m\u00eame si le logiciel r\u00e9pond \u00e0 vos besoins.<\/p>\n\n\n\n<ul class=\"wp-block-list is-style-checklist-clean\">\n<li>D\u00e9marrer en 5 minutes<\/li>\n\n\n\n<li>Fonctionnalit\u00e9s compl\u00e8tes<\/li>\n\n\n\n<li>Aucun risque<\/li>\n\n\n\n<li>Exp\u00e9rience personnelle<\/li>\n<\/ul>\n\n\n\n<div class=\"wp-block-buttons mt-auto is-layout-flex wp-block-buttons-is-layout-flex\">\n<div class=\"wp-block-button is-style-outline is-style-outline--1\"><a class=\"wp-block-button__link wp-element-button\" href=\"https:\/\/www.taktiq.de\/fr\/vivre\/version-dessai\/\">D\u00e9couvrir maintenant<\/a><\/div>\n<\/div>\n<\/div>\n<\/div>\n\n\n\n<div class=\"wp-block-column is-vertically-aligned-stretch is-layout-flow wp-block-column-is-layout-flow\">\n<div class=\"wp-block-group h-100 card-product has-border-color has-white-background-color has-background is-vertical is-layout-flex wp-container-core-group-is-layout-142ddb77 wp-block-group-is-layout-flex\" style=\"border-color:#6E6E6E;border-width:1px;border-radius:0.75rem;padding-top:var(--wp--preset--spacing--80);padding-right:var(--wp--preset--spacing--60);padding-bottom:var(--wp--preset--spacing--60);padding-left:var(--wp--preset--spacing--60)\">\n<figure class=\"wp-block-image size-full w-100 is-style-pulledout\" style=\"margin-right:var(--wp--preset--spacing--40);margin-left:var(--wp--preset--spacing--40)\"><img decoding=\"async\" src=\"https:\/\/www.taktiq.de\/wp-content\/uploads\/2025\/06\/taktiq-line-balancing-home-hero.svg\" alt=\"\" class=\"wp-image-514\"\/><\/figure>\n\n\n\n<div class=\"wp-block-group has-lightgrey-background-color has-background is-horizontal is-content-justification-left is-nowrap is-layout-flex wp-container-core-group-is-layout-183914e5 wp-block-group-is-layout-flex\" style=\"padding-top:0;padding-right:var(--wp--preset--spacing--40);padding-bottom:0;padding-left:0\">\n<figure class=\"wp-block-image size-thumbnail is-resized\"><img loading=\"lazy\" decoding=\"async\" width=\"300\" height=\"300\" src=\"https:\/\/www.taktiq.de\/wp-content\/uploads\/2025\/07\/employee-headset-explaining-smile-front-background-taktiq-300x300.jpg\" alt=\"\" class=\"wp-image-1261\" style=\"aspect-ratio:1;object-fit:cover;width:50px\" srcset=\"https:\/\/www.taktiq.de\/wp-content\/uploads\/2025\/07\/employee-headset-explaining-smile-front-background-taktiq-300x300.jpg 300w, https:\/\/www.taktiq.de\/wp-content\/uploads\/2025\/07\/employee-headset-explaining-smile-front-background-taktiq.jpg 600w\" sizes=\"auto, (max-width: 300px) 100vw, 300px\" \/><\/figure>\n\n\n\n<p>Avec Kira Askevold<\/p>\n<\/div>\n\n\n\n<h3 class=\"wp-block-heading has-orange-color has-text-color has-link-color wp-elements-da0735bac687259f00bfcf75d2e67460\">Premier entretien &amp; d\u00e9mo en direct<\/h3>\n\n\n\n<p>D\u00e9terminez si TAKTIQ vous convient lors d&rsquo;un premier entretien et d\u00e9couvrez ensuite notre logiciel lors d&rsquo;une d\u00e9monstration en direct personnalis\u00e9e.<\/p>\n\n\n\n<ul class=\"wp-block-list is-style-checklist-clean\">\n<li>La clart\u00e9 en 15 minutes<\/li>\n\n\n\n<li>\u00c9change avec des experts<\/li>\n\n\n\n<li>D\u00e9monstration en direct personnalis\u00e9e<\/li>\n<\/ul>\n\n\n\n<div class=\"wp-block-buttons mt-auto is-horizontal is-content-justification-left is-layout-flex wp-container-core-buttons-is-layout-c4719c80 wp-block-buttons-is-layout-flex\">\n<div class=\"wp-block-button has-custom-width wp-block-button__width-100 is-style-fill\"><a class=\"wp-block-button__link wp-element-button\" href=\"https:\/\/www.taktiq.de\/fr\/vivre\/premier-entretien-demo-en-direct\/\">Obtenir un premier entretien<\/a><\/div>\n<\/div>\n<\/div>\n<\/div>\n\n\n\n<div class=\"wp-block-column is-vertically-aligned-stretch is-layout-flow wp-block-column-is-layout-flow\">\n<div class=\"wp-block-group h-100 card-product has-border-color has-midgrey-border-color has-white-background-color has-background is-vertical is-layout-flex wp-container-core-group-is-layout-142ddb77 wp-block-group-is-layout-flex\" style=\"border-width:1px;border-radius:0.75rem;padding-top:var(--wp--preset--spacing--80);padding-right:var(--wp--preset--spacing--60);padding-bottom:var(--wp--preset--spacing--60);padding-left:var(--wp--preset--spacing--60)\">\n<figure class=\"wp-block-image size-full w-100 is-style-pulledout\" style=\"margin-right:var(--wp--preset--spacing--40);margin-left:var(--wp--preset--spacing--40)\"><img decoding=\"async\" src=\"https:\/\/www.taktiq.de\/wp-content\/uploads\/2025\/06\/taktiq-pilot-project.svg\" alt=\"\" class=\"wp-image-521\"\/><\/figure>\n\n\n\n<div class=\"wp-block-group has-lightgrey-background-color has-background is-horizontal is-content-justification-left is-nowrap is-layout-flex wp-container-core-group-is-layout-183914e5 wp-block-group-is-layout-flex\" style=\"padding-top:0;padding-right:var(--wp--preset--spacing--40);padding-bottom:0;padding-left:0\">\n<figure class=\"wp-block-image size-thumbnail is-resized\"><img loading=\"lazy\" decoding=\"async\" width=\"300\" height=\"300\" src=\"https:\/\/www.taktiq.de\/wp-content\/uploads\/2025\/07\/portrait-victor-kuepper-taktiq-300x300.jpg\" alt=\"\" class=\"wp-image-834\" style=\"aspect-ratio:1;object-fit:cover;width:50px\" srcset=\"https:\/\/www.taktiq.de\/wp-content\/uploads\/2025\/07\/portrait-victor-kuepper-taktiq-300x300.jpg 300w, https:\/\/www.taktiq.de\/wp-content\/uploads\/2025\/07\/portrait-victor-kuepper-taktiq-600x600.jpg 600w, https:\/\/www.taktiq.de\/wp-content\/uploads\/2025\/07\/portrait-victor-kuepper-taktiq-900x900.jpg 900w\" sizes=\"auto, (max-width: 300px) 100vw, 300px\" \/><\/figure>\n\n\n\n<p>Avec Victor K\u00fcpper<\/p>\n<\/div>\n\n\n\n<h3 class=\"wp-block-heading\">Projet pilote ou enregistrement des exigences<\/h3>\n\n\n\n<p>Testez TAKTIQ directement dans votre environnement de production avec un projet pilote sur mesure ou un relev\u00e9 des besoins sur site.<\/p>\n\n\n\n<ul class=\"wp-block-list is-style-checklist-clean\">\n<li>Fonctionnement en parall\u00e8le avec le syst\u00e8me actuel<\/li>\n\n\n\n<li>Zone de test optimis\u00e9e<\/li>\n\n\n\n<li>Analyse de l&rsquo;\u00e9cart d&rsquo;ajustement<\/li>\n\n\n\n<li>Formation sur mesure<\/li>\n\n\n\n<li>Assistance personnelle<\/li>\n<\/ul>\n\n\n\n<div class=\"wp-block-buttons mt-auto is-layout-flex wp-block-buttons-is-layout-flex\">\n<div class=\"wp-block-button is-style-outline is-style-outline--2\"><a class=\"wp-block-button__link wp-element-button\" href=\"https:\/\/www.taktiq.de\/fr\/vivre\/pilot\/\">Demander des conseils<\/a><\/div>\n<\/div>\n<\/div>\n<\/div>\n<\/div>\n<\/div>\n","protected":false},"excerpt":{"rendered":"<p>Notre service d&rsquo;assistance est votre point de contact unique pour toutes vos pr\u00e9occupations, qu&rsquo;il s&rsquo;agisse d&rsquo;une question professionnelle ou d&rsquo;un probl\u00e8me technique.<\/p>\n","protected":false},"author":1,"featured_media":2351,"parent":0,"menu_order":0,"comment_status":"closed","ping_status":"closed","template":"","meta":{"_acf_changed":false,"footnotes":""},"class_list":["post-2349","page","type-page","status-publish","has-post-thumbnail","hentry"],"acf":[],"_links":{"self":[{"href":"https:\/\/www.taktiq.de\/fr\/wp-json\/wp\/v2\/pages\/2349","targetHints":{"allow":["GET"]}}],"collection":[{"href":"https:\/\/www.taktiq.de\/fr\/wp-json\/wp\/v2\/pages"}],"about":[{"href":"https:\/\/www.taktiq.de\/fr\/wp-json\/wp\/v2\/types\/page"}],"author":[{"embeddable":true,"href":"https:\/\/www.taktiq.de\/fr\/wp-json\/wp\/v2\/users\/1"}],"replies":[{"embeddable":true,"href":"https:\/\/www.taktiq.de\/fr\/wp-json\/wp\/v2\/comments?post=2349"}],"version-history":[{"count":1,"href":"https:\/\/www.taktiq.de\/fr\/wp-json\/wp\/v2\/pages\/2349\/revisions"}],"predecessor-version":[{"id":2353,"href":"https:\/\/www.taktiq.de\/fr\/wp-json\/wp\/v2\/pages\/2349\/revisions\/2353"}],"wp:featuredmedia":[{"embeddable":true,"href":"https:\/\/www.taktiq.de\/fr\/wp-json\/wp\/v2\/media\/2351"}],"wp:attachment":[{"href":"https:\/\/www.taktiq.de\/fr\/wp-json\/wp\/v2\/media?parent=2349"}],"curies":[{"name":"wp","href":"https:\/\/api.w.org\/{rel}","templated":true}]}}