{"id":3194,"date":"2025-05-07T16:29:11","date_gmt":"2025-05-07T14:29:11","guid":{"rendered":"https:\/\/relaunch.taktiq.de\/mentions-legales\/"},"modified":"2025-09-01T16:43:38","modified_gmt":"2025-09-01T14:43:38","slug":"mentions-legales","status":"publish","type":"page","link":"https:\/\/www.taktiq.de\/fr\/mentions-legales\/","title":{"rendered":"Mentions l\u00e9gales"},"content":{"rendered":"\n<div class=\"wp-block-group alignwide is-layout-flow wp-block-group-is-layout-flow\"><h1 class=\"wp-block-post-title\">Mentions l\u00e9gales<\/h1>\n\n\n<div class=\"wp-block-columns is-layout-flex wp-container-core-columns-is-layout-28f84493 wp-block-columns-is-layout-flex\">\n<div class=\"wp-block-column is-layout-flow wp-block-column-is-layout-flow\">\n<p><strong>TAKTIQ GmbH &amp; Co KG<br\/><\/strong>Am Hoppenhof 32<br\/>33104 Paderborn<\/p>\n\n\n\n<p>Registre du commerce : HRA 5901<br\/>Tribunal d&rsquo;enregistrement : Tribunal d&rsquo;instance de Paderborn<\/p>\n\n\n\n<p><strong>Repr\u00e9sent\u00e9 par :<\/strong><br\/>TAKTIQ Verwaltungsgesellschaft mbH<\/p>\n\n\n\n<p>Repr\u00e9sent\u00e9e par :<br\/>Dr. Simon Altemeier, Dr. Christoph Danne<\/p>\n\n\n\n<p>Registre du commerce : HRB 9724<br\/>Tribunal d&rsquo;enregistrement : Tribunal d&rsquo;instance de Paderborn<\/p>\n<\/div>\n\n\n\n<div class=\"wp-block-column is-layout-flow wp-block-column-is-layout-flow\">\n<p><strong>Contact<\/strong><br\/>T\u00e9l\u00e9phone : +49 5251 68262-00<br\/>E-mail : <a href=\"mailto:k&#111;n&#116;a&#107;&#116;&#64;tak&#116;i&#113;&#46;d&#101;\">&#107;&#111;nta&#107;t&#64;&#116;&#97;k&#116;i&#113;&#46;de<\/a><\/p>\n\n\n\n<p><strong>Num\u00e9ro d&rsquo;identification de la taxe sur le chiffre d&rsquo;affaires<\/strong><br\/>Num\u00e9ro d&rsquo;identification de la taxe sur le chiffre d&rsquo;affaires conform\u00e9ment au \u00a7 27 a de la loi sur la taxe sur le chiffre d&rsquo;affaires :<br\/>DE815182953<\/p>\n\n\n\n<p><strong>Num\u00e9ro d&rsquo;identification \u00e9conomique<\/strong><br\/>DE447784077<\/p>\n\n\n\n<p><strong>Responsable de la r\u00e9daction<\/strong><br\/>Dr. Simon Altemeier, Dr. Christoph Danne (adresse ci-dessus)<\/p>\n\n\n\n<p><strong>R\u00e8glement des litiges de consommation\/organisme universel de r\u00e8glement des<\/strong> litiges<br\/>Nous ne sommes pas dispos\u00e9s ou oblig\u00e9s de participer \u00e0 des proc\u00e9dures de r\u00e8glement des litiges devant un organisme de r\u00e8glement des litiges de consommation.<\/p>\n<\/div>\n<\/div>\n\n\n\n<div style=\"height:3rem\" aria-hidden=\"true\" class=\"wp-block-spacer\"><\/div>\n\n\n\n<p><strong>Conception et r\u00e9alisation<br\/><\/strong><a href=\"https:\/\/www.kaeding-anderson.de\" target=\"_blank\" rel=\"noreferrer noopener\">Kaeding Anderson GmbH<\/a> | Agence de design et de communication (\u00a9 2025)<\/p>\n<\/div>\n","protected":false},"excerpt":{"rendered":"<p>TAKTIQ GmbH &amp; Co KGAm Hoppenhof 3233104 Paderborn Registre du commerce : HRA 5901Tribunal d&rsquo;enregistrement : Tribunal d&rsquo;instance de Paderborn Repr\u00e9sent\u00e9 par :TAKTIQ Verwaltungsgesellschaft mbH Repr\u00e9sent\u00e9e par :Dr. Simon Altemeier, Dr. Christoph Danne Registre du commerce : HRB 9724Tribunal d&rsquo;enregistrement : Tribunal d&rsquo;instance de Paderborn ContactT\u00e9l\u00e9phone : +49 5251 68262-00E-mail : Num\u00e9ro d&rsquo;identification de la [&hellip;]<\/p>\n","protected":false},"author":1,"featured_media":0,"parent":0,"menu_order":0,"comment_status":"closed","ping_status":"closed","template":"","meta":{"_acf_changed":false,"footnotes":""},"class_list":["post-3194","page","type-page","status-publish","hentry"],"acf":[],"_links":{"self":[{"href":"https:\/\/www.taktiq.de\/fr\/wp-json\/wp\/v2\/pages\/3194","targetHints":{"allow":["GET"]}}],"collection":[{"href":"https:\/\/www.taktiq.de\/fr\/wp-json\/wp\/v2\/pages"}],"about":[{"href":"https:\/\/www.taktiq.de\/fr\/wp-json\/wp\/v2\/types\/page"}],"author":[{"embeddable":true,"href":"https:\/\/www.taktiq.de\/fr\/wp-json\/wp\/v2\/users\/1"}],"replies":[{"embeddable":true,"href":"https:\/\/www.taktiq.de\/fr\/wp-json\/wp\/v2\/comments?post=3194"}],"version-history":[{"count":1,"href":"https:\/\/www.taktiq.de\/fr\/wp-json\/wp\/v2\/pages\/3194\/revisions"}],"predecessor-version":[{"id":3195,"href":"https:\/\/www.taktiq.de\/fr\/wp-json\/wp\/v2\/pages\/3194\/revisions\/3195"}],"wp:attachment":[{"href":"https:\/\/www.taktiq.de\/fr\/wp-json\/wp\/v2\/media?parent=3194"}],"curies":[{"name":"wp","href":"https:\/\/api.w.org\/{rel}","templated":true}]}}