{"id":2311,"date":"2025-07-07T10:09:19","date_gmt":"2025-07-07T08:09:19","guid":{"rendered":"https:\/\/relaunch.taktiq.de\/kezdeti-konzultacio-es-elo-bemutato\/"},"modified":"2026-04-28T22:51:03","modified_gmt":"2026-04-28T20:51:03","slug":"kezdeti-konzultacio-es-elo-bemutato","status":"publish","type":"page","link":"https:\/\/www.taktiq.de\/hu\/tapasztalat\/kezdeti-konzultacio-es-elo-bemutato\/","title":{"rendered":"Kezdeti konzult\u00e1ci\u00f3 \u00e9s \u00e9l\u0151 bemutat\u00f3"},"content":{"rendered":"\n<div class=\"wp-block-group alignfull has-ms-lightgrey-background-color has-background has-global-padding is-layout-constrained wp-block-group-is-layout-constrained\">\n<div class=\"wp-block-columns alignwide are-vertically-aligned-top is-layout-flex wp-container-core-columns-is-layout-28f84493 wp-block-columns-is-layout-flex\">\n<div class=\"wp-block-column is-vertically-aligned-top is-layout-flow wp-block-column-is-layout-flow\" style=\"flex-basis:40%\">\n<h1 class=\"wp-block-heading has-text-align-left\">Itt is vagyunk<\/h1>\n\n\n\n<p class=\"has-intro-font-size\">V\u00e1lasszon ki egy id\u0151pontot a kezd\u00e9shez. Ezt k\u00f6vet\u0151en folytathatja: <\/p>\n\n\n\n<div class=\"wp-block-group alignfull has-global-padding is-layout-constrained wp-container-core-group-is-layout-c06d165c wp-block-group-is-layout-constrained\" style=\"padding-top:0;padding-right:0;padding-bottom:0;padding-left:0\">\n\n\n<div class=\"wp-block-group is-vertical is-layout-flex wp-container-core-group-is-layout-f98cf28f wp-block-group-is-layout-flex\" style=\"padding-top:0;padding-right:0;padding-bottom:0;padding-left:0\">\n<div class=\"wp-block-group has-border-color has-midgrey-border-color has-white-background-color has-background has-global-padding is-layout-constrained wp-container-core-group-is-layout-80fb368b wp-block-group-is-layout-constrained\" style=\"border-width:1px;border-radius:0.5rem;padding-top:var(--wp--preset--spacing--30);padding-right:var(--wp--preset--spacing--30);padding-bottom:var(--wp--preset--spacing--30);padding-left:var(--wp--preset--spacing--30)\">\n<div class=\"wp-block-group has-white-background-color has-background has-global-padding is-layout-constrained wp-container-core-group-is-layout-61ad80a1 wp-block-group-is-layout-constrained\" style=\"margin-top:0;margin-bottom:0;padding-top:var(--wp--preset--spacing--50);padding-right:var(--wp--preset--spacing--50);padding-bottom:var(--wp--preset--spacing--50);padding-left:var(--wp--preset--spacing--50)\">\n<div class=\"wp-block-group is-vertical is-layout-flex wp-container-core-group-is-layout-529f2e1b wp-block-group-is-layout-flex\" style=\"padding-top:0;padding-right:0;padding-bottom:0;padding-left:0\">\n<figure class=\"wp-block-image size-full is-resized\"><img decoding=\"async\" src=\"https:\/\/www.taktiq.de\/wp-content\/uploads\/2025\/06\/ausschreibung-berater-und-trainer-taktiq.svg\" alt=\"\" class=\"wp-image-454\" style=\"width:auto;height:60px\"\/><\/figure>\n\n\n\n<h3 class=\"wp-block-heading has-h-4-font-size\">Els\u0151 ismerked\u00e9s egym\u00e1ssal<\/h3>\n<\/div>\n\n\n\n<p>Egy r\u00f6vid, k\u00f6telezetts\u00e9g n\u00e9lk\u00fcli telefonbesz\u00e9lget\u00e9s keret\u00e9ben megbesz\u00e9lj\u00fck az \u00d6n termel\u00e9s\u00e9vel kapcsolatos kih\u00edv\u00e1sokat. Ezut\u00e1n megvizsg\u00e1ljuk, hogy ill\u00fcnk-e egym\u00e1shoz, \u00e9s hogy mennyire tud hasznot h\u00fazni a szoftver\u00fcnkb\u0151l. <\/p>\n<\/div>\n<\/div>\n\n\n\n<div class=\"wp-block-group has-border-color has-midgrey-border-color has-white-background-color has-background has-global-padding is-layout-constrained wp-container-core-group-is-layout-80fb368b wp-block-group-is-layout-constrained\" style=\"border-width:1px;border-radius:0.5rem;padding-top:var(--wp--preset--spacing--30);padding-right:var(--wp--preset--spacing--30);padding-bottom:var(--wp--preset--spacing--30);padding-left:var(--wp--preset--spacing--30)\">\n<div class=\"wp-block-group has-white-background-color has-background has-global-padding is-layout-constrained wp-container-core-group-is-layout-61ad80a1 wp-block-group-is-layout-constrained\" style=\"margin-top:0;margin-bottom:0;padding-top:var(--wp--preset--spacing--50);padding-right:var(--wp--preset--spacing--50);padding-bottom:var(--wp--preset--spacing--50);padding-left:var(--wp--preset--spacing--50)\">\n<div class=\"wp-block-group is-vertical is-layout-flex wp-container-core-group-is-layout-529f2e1b wp-block-group-is-layout-flex\" style=\"padding-top:0;padding-right:0;padding-bottom:0;padding-left:0\">\n<figure class=\"wp-block-image size-full is-resized\"><img decoding=\"async\" src=\"https:\/\/www.taktiq.de\/wp-content\/uploads\/2025\/06\/ausschreibung-support-specialist-taktiq.svg\" alt=\"\" class=\"wp-image-465\" style=\"width:auto;height:60px\"\/><\/figure>\n\n\n\n<h3 class=\"wp-block-heading has-h-4-font-size\">\u00c9l\u0151 dem\u00f3 a csapat\u00e1nak<\/h3>\n<\/div>\n\n\n\n<p>Egy tov\u00e1bbi tal\u00e1lkoz\u00f3n megmutatjuk csapat\u00e1nak a szoftvert \u00e9lesben, foglalkozunk az \u00d6n kih\u00edv\u00e1saival \u00e9s bemutatjuk a megfelel\u0151 TAKTIQ funkci\u00f3kat.<\/p>\n<\/div>\n<\/div>\n\n\n\n<div class=\"wp-block-group has-border-color has-midgrey-border-color has-white-background-color has-background has-global-padding is-layout-constrained wp-container-core-group-is-layout-80fb368b wp-block-group-is-layout-constrained\" style=\"border-width:1px;border-radius:0.5rem;padding-top:var(--wp--preset--spacing--30);padding-right:var(--wp--preset--spacing--30);padding-bottom:var(--wp--preset--spacing--30);padding-left:var(--wp--preset--spacing--30)\">\n<div class=\"wp-block-group has-white-background-color has-background has-global-padding is-layout-constrained wp-container-core-group-is-layout-61ad80a1 wp-block-group-is-layout-constrained\" style=\"margin-top:0;margin-bottom:0;padding-top:var(--wp--preset--spacing--50);padding-right:var(--wp--preset--spacing--50);padding-bottom:var(--wp--preset--spacing--50);padding-left:var(--wp--preset--spacing--50)\">\n<div class=\"wp-block-group is-vertical is-layout-flex wp-container-core-group-is-layout-529f2e1b wp-block-group-is-layout-flex\" style=\"padding-top:0;padding-right:0;padding-bottom:0;padding-left:0\">\n<figure class=\"wp-block-image size-full is-resized\"><img decoding=\"async\" src=\"https:\/\/www.taktiq.de\/wp-content\/uploads\/2025\/06\/ausschreibung-human-resources-manager-taktiq.svg\" alt=\"\" class=\"wp-image-460\" style=\"width:auto;height:60px\"\/><\/figure>\n\n\n\n<h3 class=\"wp-block-heading has-h-4-font-size\">Tervezze meg a k\u00f6vetkez\u0151 l\u00e9p\u00e9seket<\/h3>\n<\/div>\n\n\n\n<p>Ha a TAKTIQ meggy\u0151z\u0151, k\u00f6z\u00f6sen megbesz\u00e9lj\u00fck a nyitott k\u00f6vetelm\u00e9nyeket vagy egy k\u00eds\u00e9rleti projekt elind\u00edt\u00e1s\u00e1t.<\/p>\n<\/div>\n<\/div>\n<\/div>\n<\/div>\n\n\n\n\n\n\n<\/div>\n\n\n\n<div class=\"wp-block-column is-vertically-aligned-center is-layout-flow wp-block-column-is-layout-flow\">\n\n\n<\/p>\n\n\n\n<!-- Start of Meetings Embed Script -->\n    <div class=\"meetings-iframe-container\" data-src=\"https:\/\/meetings-eu1.hubspot.com\/kaskevold\/taktiq-discovery-call?embed=true\"><\/div>\n    \n  <!-- End of Meetings Embed Script -->\n\n\n<p>\n<\/div>\n<\/div>\n<\/div>\n\n<div class=\"wp-block-group alignfull has-lightgrey-background-color has-background has-global-padding is-layout-constrained wp-block-group-is-layout-constrained\">\n<h2 class=\"wp-block-heading has-text-align-center\">Az \u00d6n k\u00f6vetkez\u0151 l\u00e9p\u00e9sei a TAKTIQ-val<\/h2>\n\n\n\n<p class=\"has-text-align-center\">Ismerje meg jobban a TAKTIQ-ot, \u00e9s tudja meg, hogyan emelheti a termel\u00e9s tervez\u00e9s\u00e9t a k\u00f6vetkez\u0151 szintre. V\u00e1lassza ki az \u00d6nnek legmegfelel\u0151bb utat. <\/p>\n\n\n\n<div class=\"wp-block-columns alignwide is-layout-flex wp-container-core-columns-is-layout-28f84493 wp-block-columns-is-layout-flex\">\n<div class=\"wp-block-column is-vertically-aligned-stretch is-layout-flow wp-block-column-is-layout-flow\"><\/div>\n\n\n\n<div class=\"wp-block-column is-vertically-aligned-stretch is-layout-flow wp-block-column-is-layout-flow\">\n<div class=\"wp-block-group h-100 card-product has-border-color has-midgrey-border-color has-white-background-color has-background is-vertical is-layout-flex wp-container-core-group-is-layout-142ddb77 wp-block-group-is-layout-flex\" style=\"border-width:1px;border-radius:0.75rem;padding-top:var(--wp--preset--spacing--80);padding-right:var(--wp--preset--spacing--60);padding-bottom:var(--wp--preset--spacing--60);padding-left:var(--wp--preset--spacing--60)\">\n<figure class=\"wp-block-image size-full w-100 is-style-pulledout\" style=\"margin-right:var(--wp--preset--spacing--40);margin-left:var(--wp--preset--spacing--40)\"><img decoding=\"async\" src=\"https:\/\/www.taktiq.de\/wp-content\/uploads\/2025\/06\/taktiq-pilot-project.svg\" alt=\"\" class=\"wp-image-521\"\/><\/figure>\n\n\n\n<div class=\"wp-block-group has-lightgrey-background-color has-background is-horizontal is-content-justification-left is-nowrap is-layout-flex wp-container-core-group-is-layout-183914e5 wp-block-group-is-layout-flex\" style=\"padding-top:0;padding-right:var(--wp--preset--spacing--40);padding-bottom:0;padding-left:0\">\n<figure class=\"wp-block-image size-thumbnail is-resized\"><img loading=\"lazy\" decoding=\"async\" width=\"300\" height=\"300\" src=\"https:\/\/www.taktiq.de\/wp-content\/uploads\/2025\/07\/portrait-victor-kuepper-taktiq-300x300.jpg\" alt=\"\" class=\"wp-image-834\" style=\"aspect-ratio:1;object-fit:cover;width:50px\" srcset=\"https:\/\/www.taktiq.de\/wp-content\/uploads\/2025\/07\/portrait-victor-kuepper-taktiq-300x300.jpg 300w, https:\/\/www.taktiq.de\/wp-content\/uploads\/2025\/07\/portrait-victor-kuepper-taktiq-600x600.jpg 600w, https:\/\/www.taktiq.de\/wp-content\/uploads\/2025\/07\/portrait-victor-kuepper-taktiq-900x900.jpg 900w\" sizes=\"auto, (max-width: 300px) 100vw, 300px\" \/><\/figure>\n\n\n\n<p>Victor K\u00fcpperrel<\/p>\n<\/div>\n\n\n\n<h3 class=\"wp-block-heading\">K\u00eds\u00e9rleti projekt vagy k\u00f6vetelm\u00e9nyelemz\u00e9s<\/h3>\n\n\n\n<p>Tesztelje a TAKTIQ-ot k\u00f6zvetlen\u00fcl az \u00d6n termel\u00e9si k\u00f6rnyezet\u00e9ben egy szem\u00e9lyre szabott k\u00eds\u00e9rleti projekt vagy egy helysz\u00edni k\u00f6vetelm\u00e9nyelemz\u00e9s seg\u00edts\u00e9g\u00e9vel.<\/p>\n\n\n\n<ul class=\"wp-block-list is-style-checklist-clean\">\n<li>P\u00e1rhuzamos m\u0171k\u00f6d\u00e9s a jelenlegi rendszerrel<\/li>\n\n\n\n<li>Optimaliz\u00e1lt vizsg\u00e1lati ter\u00fclet<\/li>\n\n\n\n<li>Fit-gap elemz\u00e9s<\/li>\n\n\n\n<li>Testreszabott k\u00e9pz\u00e9s<\/li>\n\n\n\n<li>Szem\u00e9lyre szabott t\u00e1mogat\u00e1s<\/li>\n<\/ul>\n\n\n\n<div class=\"wp-block-buttons mt-auto is-layout-flex wp-block-buttons-is-layout-flex\">\n<div class=\"wp-block-button is-style-outline is-style-outline--1\"><a class=\"wp-block-button__link wp-element-button\" href=\"https:\/\/www.taktiq.de\/hu\/tapasztalat\/pilot\/\">Tan\u00e1csad\u00e1s k\u00e9r\u00e9se<\/a><\/div>\n<\/div>\n<\/div>\n<\/div>\n\n\n\n<div class=\"wp-block-column is-vertically-aligned-stretch is-layout-flow wp-block-column-is-layout-flow\"><\/div>\n<\/div>\n<\/div>\n","protected":false},"excerpt":{"rendered":"<p>Itt is vagyunk V\u00e1lasszon ki egy id\u0151pontot a kezd\u00e9shez. Ezt k\u00f6vet\u0151en folytathatja: Az \u00d6n k\u00f6vetkez\u0151 l\u00e9p\u00e9sei a TAKTIQ-val Ismerje meg jobban a TAKTIQ-ot, \u00e9s tudja meg, hogyan emelheti a termel\u00e9s tervez\u00e9s\u00e9t a k\u00f6vetkez\u0151 szintre. V\u00e1lassza ki az \u00d6nnek legmegfelel\u0151bb utat.<\/p>\n","protected":false},"author":1,"featured_media":0,"parent":2388,"menu_order":0,"comment_status":"closed","ping_status":"closed","template":"","meta":{"_acf_changed":false,"footnotes":""},"class_list":["post-2311","page","type-page","status-publish","hentry"],"acf":[],"_links":{"self":[{"href":"https:\/\/www.taktiq.de\/hu\/wp-json\/wp\/v2\/pages\/2311","targetHints":{"allow":["GET"]}}],"collection":[{"href":"https:\/\/www.taktiq.de\/hu\/wp-json\/wp\/v2\/pages"}],"about":[{"href":"https:\/\/www.taktiq.de\/hu\/wp-json\/wp\/v2\/types\/page"}],"author":[{"embeddable":true,"href":"https:\/\/www.taktiq.de\/hu\/wp-json\/wp\/v2\/users\/1"}],"replies":[{"embeddable":true,"href":"https:\/\/www.taktiq.de\/hu\/wp-json\/wp\/v2\/comments?post=2311"}],"version-history":[{"count":7,"href":"https:\/\/www.taktiq.de\/hu\/wp-json\/wp\/v2\/pages\/2311\/revisions"}],"predecessor-version":[{"id":7134,"href":"https:\/\/www.taktiq.de\/hu\/wp-json\/wp\/v2\/pages\/2311\/revisions\/7134"}],"up":[{"embeddable":true,"href":"https:\/\/www.taktiq.de\/hu\/wp-json\/wp\/v2\/pages\/2388"}],"wp:attachment":[{"href":"https:\/\/www.taktiq.de\/hu\/wp-json\/wp\/v2\/media?parent=2311"}],"curies":[{"name":"wp","href":"https:\/\/api.w.org\/{rel}","templated":true}]}}