{"id":2317,"date":"2025-07-07T09:59:09","date_gmt":"2025-07-07T07:59:09","guid":{"rendered":"https:\/\/relaunch.taktiq.de\/teszt-verzio\/"},"modified":"2025-09-01T16:43:39","modified_gmt":"2025-09-01T14:43:39","slug":"teszt-verzio","status":"publish","type":"page","link":"https:\/\/www.taktiq.de\/hu\/tapasztalat\/teszt-verzio\/","title":{"rendered":"Teszt verzi\u00f3"},"content":{"rendered":"\n<div class=\"wp-block-group alignfull has-global-padding is-layout-constrained wp-block-group-is-layout-constrained\">\n<div class=\"wp-block-columns alignwide are-vertically-aligned-center order-1 is-layout-flex wp-container-core-columns-is-layout-28f84493 wp-block-columns-is-layout-flex\">\n<div class=\"wp-block-column is-vertically-aligned-center is-layout-flow wp-block-column-is-layout-flow\">\n<h1 class=\"wp-block-heading\">Csak 3 l\u00e9p\u00e9s a j\u00f3 kezd\u00e9shez<\/h1>\n\n\n\n<p class=\"has-intro-font-size\">Ha b\u00e1rmilyen k\u00e9rd\u00e9se van, vagy seg\u00edts\u00e9gre van sz\u00fcks\u00e9ge, k\u00e9rj\u00fck, l\u00e9pjen kapcsolatba vel\u00fcnk!<\/p>\n\n\n\n<div class=\"wp-block-group is-nowrap is-layout-flex wp-container-core-group-is-layout-bcde1d39 wp-block-group-is-layout-flex\" style=\"padding-top:0;padding-right:0;padding-bottom:0;padding-left:0\">\n<div class=\"wp-block-group has-lightgrey-background-color has-background is-vertical is-layout-flex wp-container-core-group-is-layout-982463c9 wp-block-group-is-layout-flex\" style=\"border-radius:0.5rem;padding-top:var(--wp--preset--spacing--40);padding-right:var(--wp--preset--spacing--50);padding-bottom:var(--wp--preset--spacing--40);padding-left:var(--wp--preset--spacing--50)\">\n<p><strong>Hogyan \u00e9rhet el minket:<\/strong><\/p>\n\n\n\n<ul class=\"wp-block-list\">\n<li><a href=\"mailto:su&#112;p&#111;rt&#64;t&#97;k&#116;i&#113;&#46;de\">&#115;up&#112;&#111;r&#116;&#64;&#116;a&#107;ti&#113;.de<\/a><\/li>\n\n\n\n<li><a href=\"tel:+4952516826200\">+49 5251 68262-00<\/a><\/li>\n<\/ul>\n<\/div>\n<\/div>\n<\/div>\n\n\n\n<div class=\"wp-block-column is-vertically-aligned-center order-2 is-layout-flow wp-block-column-is-layout-flow\">\n<div class=\"wp-block-group has-border-color has-global-padding is-layout-constrained wp-container-core-group-is-layout-0fee7581 wp-block-group-is-layout-constrained\" style=\"border-color:#6E6E6E;border-width:1px;border-radius:0.5rem;padding-top:var(--wp--preset--spacing--50);padding-right:var(--wp--preset--spacing--50);padding-bottom:var(--wp--preset--spacing--50);padding-left:var(--wp--preset--spacing--50)\">\n<div class=\"wp-block-columns is-layout-flex wp-container-core-columns-is-layout-28f84493 wp-block-columns-is-layout-flex\">\n<div class=\"wp-block-column is-layout-flow wp-block-column-is-layout-flow\" style=\"flex-basis:66.66%\">\n<p>Ind\u00edtsa el a let\u00f6lt\u00e9st, majd nyissa meg a <strong>TAKTIQ.exe telep\u00edt\u00e9se<\/strong> f\u00e1jlt a let\u00f6lt\u00e9si mapp\u00e1ban.<\/p>\n\n\n\n<div class=\"wp-block-buttons is-layout-flex wp-block-buttons-is-layout-flex\">\n<div class=\"wp-block-button\"><a class=\"wp-block-button__link wp-element-button\" href=\"\/f&#xE1;jlok\/Telep&#xED;t&#xE9;s TAKTIQ.exe\" target=\"_blank\" rel=\"noreferrer noopener\">Pr\u00f3baverzi\u00f3 let\u00f6lt\u00e9se<\/a><\/div>\n<\/div>\n<\/div>\n\n\n\n<div class=\"wp-block-column is-layout-flow wp-block-column-is-layout-flow\" style=\"flex-basis:33.33%\">\n<figure class=\"wp-block-image size-full\"><img decoding=\"async\" src=\"https:\/\/www.taktiq.de\/wp-content\/uploads\/2025\/06\/taktiq-download-trial.svg\" alt=\"\" class=\"wp-image-500\"\/><\/figure>\n<\/div>\n<\/div>\n<\/div>\n\n\n\n<div class=\"wp-block-group has-border-color has-global-padding is-layout-constrained wp-container-core-group-is-layout-0fee7581 wp-block-group-is-layout-constrained\" style=\"border-color:#6E6E6E;border-width:1px;border-radius:0.5rem;padding-top:var(--wp--preset--spacing--50);padding-right:var(--wp--preset--spacing--50);padding-bottom:var(--wp--preset--spacing--50);padding-left:var(--wp--preset--spacing--50)\">\n<div class=\"wp-block-columns is-layout-flex wp-container-core-columns-is-layout-28f84493 wp-block-columns-is-layout-flex\">\n<div class=\"wp-block-column is-vertically-aligned-center is-layout-flow wp-block-column-is-layout-flow\" style=\"flex-basis:66.66%\">\n<p>A szoftver ind\u00edt\u00e1sakor t\u00f6ltse ki a licenckulcsot ig\u00e9nyl\u0151 \u0171rlapot. A kulcsot e-mailben kapja meg, \u00e9s adja meg a szoftverben. <\/p>\n<\/div>\n\n\n\n<div class=\"wp-block-column is-layout-flow wp-block-column-is-layout-flow\" style=\"flex-basis:33.33%\">\n<figure class=\"wp-block-image size-full\"><img decoding=\"async\" src=\"https:\/\/www.taktiq.de\/wp-content\/uploads\/2025\/06\/taktiq-receive-key.svg\" alt=\"\" class=\"wp-image-525\"\/><\/figure>\n<\/div>\n<\/div>\n<\/div>\n\n\n\n<div class=\"wp-block-group has-border-color has-global-padding is-layout-constrained wp-container-core-group-is-layout-0fee7581 wp-block-group-is-layout-constrained\" style=\"border-color:#6E6E6E;border-width:1px;border-radius:0.5rem;padding-top:var(--wp--preset--spacing--50);padding-right:var(--wp--preset--spacing--50);padding-bottom:var(--wp--preset--spacing--50);padding-left:var(--wp--preset--spacing--50)\">\n<div class=\"wp-block-columns is-layout-flex wp-container-core-columns-is-layout-28f84493 wp-block-columns-is-layout-flex\">\n<div class=\"wp-block-column is-vertically-aligned-center is-layout-flow wp-block-column-is-layout-flow\" style=\"flex-basis:66.66%\">\n<p>A szoftver minden funkci\u00f3j\u00e1t 4 h\u00e9ten kereszt\u00fcl alaposan tesztelje.<\/p>\n<\/div>\n\n\n\n<div class=\"wp-block-column is-layout-flow wp-block-column-is-layout-flow\" style=\"flex-basis:33.33%\">\n<figure class=\"wp-block-image size-full\"><img decoding=\"async\" src=\"https:\/\/www.taktiq.de\/wp-content\/uploads\/2025\/06\/taktiq-trial-truck.svg\" alt=\"\" class=\"wp-image-528\"\/><\/figure>\n<\/div>\n<\/div>\n<\/div>\n<\/div>\n<\/div>\n<\/div>\n\n<div class=\"wp-block-group alignfull has-lightgrey-background-color has-background has-global-padding is-layout-constrained wp-block-group-is-layout-constrained\">\n<h2 class=\"wp-block-heading has-text-align-center\">Az \u00d6n k\u00f6vetkez\u0151 l\u00e9p\u00e9sei a TAKTIQ-val<\/h2>\n\n\n\n<p class=\"has-text-align-center\">Ismerje meg jobban a TAKTIQ-ot, \u00e9s tudja meg, hogyan emelheti a termel\u00e9s tervez\u00e9s\u00e9t a k\u00f6vetkez\u0151 szintre. V\u00e1lassza ki az \u00d6nnek legmegfelel\u0151bb utat. <\/p>\n\n\n\n<div class=\"wp-block-columns is-layout-flex wp-container-core-columns-is-layout-28f84493 wp-block-columns-is-layout-flex\">\n<div class=\"wp-block-column is-vertically-aligned-stretch is-layout-flow wp-block-column-is-layout-flow\">\n<div class=\"wp-block-group h-100 card-product has-border-color has-white-background-color has-background is-vertical is-layout-flex wp-container-core-group-is-layout-142ddb77 wp-block-group-is-layout-flex\" style=\"border-color:#6E6E6E;border-width:1px;border-radius:0.75rem;padding-top:var(--wp--preset--spacing--80);padding-right:var(--wp--preset--spacing--60);padding-bottom:var(--wp--preset--spacing--60);padding-left:var(--wp--preset--spacing--60)\">\n<figure class=\"wp-block-image size-full w-100 is-style-pulledout\" style=\"margin-right:var(--wp--preset--spacing--40);margin-left:var(--wp--preset--spacing--40)\"><img decoding=\"async\" src=\"https:\/\/www.taktiq.de\/wp-content\/uploads\/2025\/06\/taktiq-line-balancing-home-hero.svg\" alt=\"\" class=\"wp-image-514\"\/><\/figure>\n\n\n\n<div class=\"wp-block-group has-lightgrey-background-color has-background is-horizontal is-content-justification-left is-nowrap is-layout-flex wp-container-core-group-is-layout-183914e5 wp-block-group-is-layout-flex\" style=\"padding-top:0;padding-right:var(--wp--preset--spacing--40);padding-bottom:0;padding-left:0\">\n<figure class=\"wp-block-image size-thumbnail is-resized\"><img loading=\"lazy\" decoding=\"async\" width=\"300\" height=\"300\" src=\"https:\/\/www.taktiq.de\/wp-content\/uploads\/2025\/07\/employee-headset-explaining-smile-front-background-taktiq-300x300.jpg\" alt=\"\" class=\"wp-image-1261\" style=\"aspect-ratio:1;object-fit:cover;width:50px\" srcset=\"https:\/\/www.taktiq.de\/wp-content\/uploads\/2025\/07\/employee-headset-explaining-smile-front-background-taktiq-300x300.jpg 300w, https:\/\/www.taktiq.de\/wp-content\/uploads\/2025\/07\/employee-headset-explaining-smile-front-background-taktiq.jpg 600w\" sizes=\"auto, (max-width: 300px) 100vw, 300px\" \/><\/figure>\n\n\n\n<p>Kira Askevolddal<\/p>\n<\/div>\n\n\n\n<h3 class=\"wp-block-heading has-orange-color has-text-color has-link-color wp-elements-d3e9bee79ba0b438473bced0a85635a4\">Kezdeti konzult\u00e1ci\u00f3 \u00e9s \u00e9l\u0151 bemutat\u00f3<\/h3>\n\n\n\n<p>Tudja meg egy els\u0151 konzult\u00e1ci\u00f3 sor\u00e1n, hogy a TAKTIQ megfelel\u0151-e az \u00d6n sz\u00e1m\u00e1ra, majd ismerje meg szoftver\u00fcnket egy szem\u00e9lyre szabott \u00e9l\u0151 bemutat\u00f3 keret\u00e9ben.<\/p>\n\n\n\n<ul class=\"wp-block-list is-style-checklist-clean\">\n<li>Tisztas\u00e1g 15 perc alatt<\/li>\n\n\n\n<li>Csere szak\u00e9rt\u0151kkel<\/li>\n\n\n\n<li>Egy\u00e9nre szabott \u00e9l\u0151 bemutat\u00f3<\/li>\n<\/ul>\n\n\n\n<div class=\"wp-block-buttons mt-auto is-horizontal is-content-justification-left is-layout-flex wp-container-core-buttons-is-layout-c4719c80 wp-block-buttons-is-layout-flex\">\n<div class=\"wp-block-button has-custom-width wp-block-button__width-100 is-style-fill\"><a class=\"wp-block-button__link wp-element-button\" href=\"https:\/\/www.taktiq.de\/hu\/tapasztalat\/kezdeti-konzultacio-es-elo-bemutato\/\">Kezdeti konzult\u00e1ci\u00f3<\/a><\/div>\n<\/div>\n<\/div>\n<\/div>\n\n\n\n<div class=\"wp-block-column is-vertically-aligned-stretch is-layout-flow wp-block-column-is-layout-flow\">\n<div class=\"wp-block-group h-100 card-product has-border-color has-midgrey-border-color has-white-background-color has-background is-vertical is-layout-flex wp-container-core-group-is-layout-142ddb77 wp-block-group-is-layout-flex\" style=\"border-width:1px;border-radius:0.75rem;padding-top:var(--wp--preset--spacing--80);padding-right:var(--wp--preset--spacing--60);padding-bottom:var(--wp--preset--spacing--60);padding-left:var(--wp--preset--spacing--60)\">\n<figure class=\"wp-block-image size-full w-100 is-style-pulledout\" style=\"margin-right:var(--wp--preset--spacing--40);margin-left:var(--wp--preset--spacing--40)\"><img decoding=\"async\" src=\"https:\/\/www.taktiq.de\/wp-content\/uploads\/2025\/06\/taktiq-pilot-project.svg\" alt=\"\" class=\"wp-image-521\"\/><\/figure>\n\n\n\n<div class=\"wp-block-group has-lightgrey-background-color has-background is-horizontal is-content-justification-left is-nowrap is-layout-flex wp-container-core-group-is-layout-183914e5 wp-block-group-is-layout-flex\" style=\"padding-top:0;padding-right:var(--wp--preset--spacing--40);padding-bottom:0;padding-left:0\">\n<figure class=\"wp-block-image size-thumbnail is-resized\"><img loading=\"lazy\" decoding=\"async\" width=\"300\" height=\"300\" src=\"https:\/\/www.taktiq.de\/wp-content\/uploads\/2025\/07\/portrait-victor-kuepper-taktiq-300x300.jpg\" alt=\"\" class=\"wp-image-834\" style=\"aspect-ratio:1;object-fit:cover;width:50px\" srcset=\"https:\/\/www.taktiq.de\/wp-content\/uploads\/2025\/07\/portrait-victor-kuepper-taktiq-300x300.jpg 300w, https:\/\/www.taktiq.de\/wp-content\/uploads\/2025\/07\/portrait-victor-kuepper-taktiq-600x600.jpg 600w, https:\/\/www.taktiq.de\/wp-content\/uploads\/2025\/07\/portrait-victor-kuepper-taktiq-900x900.jpg 900w\" sizes=\"auto, (max-width: 300px) 100vw, 300px\" \/><\/figure>\n\n\n\n<p>Victor K\u00fcpperrel<\/p>\n<\/div>\n\n\n\n<h3 class=\"wp-block-heading\">K\u00eds\u00e9rleti projekt vagy k\u00f6vetelm\u00e9nyelemz\u00e9s<\/h3>\n\n\n\n<p>Tesztelje a TAKTIQ-ot k\u00f6zvetlen\u00fcl az \u00d6n termel\u00e9si k\u00f6rnyezet\u00e9ben egy szem\u00e9lyre szabott k\u00eds\u00e9rleti projekt vagy egy helysz\u00edni k\u00f6vetelm\u00e9nyelemz\u00e9s seg\u00edts\u00e9g\u00e9vel.<\/p>\n\n\n\n<ul class=\"wp-block-list is-style-checklist-clean\">\n<li>P\u00e1rhuzamos m\u0171k\u00f6d\u00e9s a jelenlegi rendszerrel<\/li>\n\n\n\n<li>Optimaliz\u00e1lt vizsg\u00e1lati ter\u00fclet<\/li>\n\n\n\n<li>Fit-gap elemz\u00e9s<\/li>\n\n\n\n<li>Testreszabott k\u00e9pz\u00e9s<\/li>\n\n\n\n<li>Szem\u00e9lyre szabott t\u00e1mogat\u00e1s<\/li>\n<\/ul>\n\n\n\n<div class=\"wp-block-buttons mt-auto is-layout-flex wp-block-buttons-is-layout-flex\">\n<div class=\"wp-block-button is-style-outline is-style-outline--1\"><a class=\"wp-block-button__link wp-element-button\" href=\"https:\/\/www.taktiq.de\/hu\/tapasztalat\/pilot\/\">Tan\u00e1csad\u00e1s k\u00e9r\u00e9se<\/a><\/div>\n<\/div>\n<\/div>\n<\/div>\n<\/div>\n<\/div>\n","protected":false},"excerpt":{"rendered":"<p>Csak 3 l\u00e9p\u00e9s a j\u00f3 kezd\u00e9shez Ha b\u00e1rmilyen k\u00e9rd\u00e9se van, vagy seg\u00edts\u00e9gre van sz\u00fcks\u00e9ge, k\u00e9rj\u00fck, l\u00e9pjen kapcsolatba vel\u00fcnk! Ind\u00edtsa el a let\u00f6lt\u00e9st, majd nyissa meg a TAKTIQ.exe telep\u00edt\u00e9se f\u00e1jlt a let\u00f6lt\u00e9si mapp\u00e1ban. A szoftver ind\u00edt\u00e1sakor t\u00f6ltse ki a licenckulcsot ig\u00e9nyl\u0151 \u0171rlapot. A kulcsot e-mailben kapja meg, \u00e9s adja meg a szoftverben. A szoftver minden funkci\u00f3j\u00e1t [&hellip;]<\/p>\n","protected":false},"author":1,"featured_media":0,"parent":2388,"menu_order":0,"comment_status":"closed","ping_status":"closed","template":"","meta":{"_acf_changed":false,"footnotes":""},"class_list":["post-2317","page","type-page","status-publish","hentry"],"acf":[],"_links":{"self":[{"href":"https:\/\/www.taktiq.de\/hu\/wp-json\/wp\/v2\/pages\/2317","targetHints":{"allow":["GET"]}}],"collection":[{"href":"https:\/\/www.taktiq.de\/hu\/wp-json\/wp\/v2\/pages"}],"about":[{"href":"https:\/\/www.taktiq.de\/hu\/wp-json\/wp\/v2\/types\/page"}],"author":[{"embeddable":true,"href":"https:\/\/www.taktiq.de\/hu\/wp-json\/wp\/v2\/users\/1"}],"replies":[{"embeddable":true,"href":"https:\/\/www.taktiq.de\/hu\/wp-json\/wp\/v2\/comments?post=2317"}],"version-history":[{"count":5,"href":"https:\/\/www.taktiq.de\/hu\/wp-json\/wp\/v2\/pages\/2317\/revisions"}],"predecessor-version":[{"id":3199,"href":"https:\/\/www.taktiq.de\/hu\/wp-json\/wp\/v2\/pages\/2317\/revisions\/3199"}],"up":[{"embeddable":true,"href":"https:\/\/www.taktiq.de\/hu\/wp-json\/wp\/v2\/pages\/2388"}],"wp:attachment":[{"href":"https:\/\/www.taktiq.de\/hu\/wp-json\/wp\/v2\/media?parent=2317"}],"curies":[{"name":"wp","href":"https:\/\/api.w.org\/{rel}","templated":true}]}}