{"id":2342,"date":"2025-06-13T14:13:30","date_gmt":"2025-06-13T12:13:30","guid":{"rendered":"https:\/\/relaunch.taktiq.de\/uegyfelszolgalat-es-tamogatas\/"},"modified":"2025-08-11T14:11:26","modified_gmt":"2025-08-11T12:11:26","slug":"uegyfelszolgalat-es-tamogatas","status":"publish","type":"page","link":"https:\/\/www.taktiq.de\/hu\/uegyfelszolgalat-es-tamogatas\/","title":{"rendered":"\u00dcgyf\u00e9lszolg\u00e1lat \u00e9s t\u00e1mogat\u00e1s"},"content":{"rendered":"\n<div class=\"wp-block-group alignfull has-global-padding is-layout-constrained wp-block-group-is-layout-constrained\" style=\"margin-bottom:0;padding-bottom:0\">\n<div class=\"wp-block-columns alignwide is-layout-flex wp-container-core-columns-is-layout-28f84493 wp-block-columns-is-layout-flex\">\n<div class=\"wp-block-column is-vertically-aligned-center is-layout-flow wp-block-column-is-layout-flow\">\n<h1 class=\"wp-block-heading\">Kiv\u00e1l\u00f3 ell\u00e1t\u00e1s \u00e9s t\u00e1mogat\u00e1s<\/h1>\n\n\n\n<ul class=\"wp-block-list is-style-checklist-clean has-intro-font-size\">\n<li>Rendszeres csere \u00e9s \u00faj funkci\u00f3k bemutat\u00e1sa<\/li>\n\n\n\n<li>Az \u00fcgyfelek visszajelz\u00e9sei be\u00e9p\u00fclnek a fejleszt\u00e9si folyamatba<\/li>\n\n\n\n<li>Magasan k\u00e9pzett t\u00e1mogat\u00e1s vil\u00e1gszerte el\u00e9rhet\u0151<\/li>\n<\/ul>\n\n\n\n<div class=\"wp-block-group is-nowrap is-layout-flex wp-container-core-group-is-layout-bcde1d39 wp-block-group-is-layout-flex\" style=\"padding-top:0;padding-right:0;padding-bottom:0;padding-left:0\">\n<div class=\"wp-block-group has-lightgrey-background-color has-background is-vertical is-layout-flex wp-container-core-group-is-layout-982463c9 wp-block-group-is-layout-flex\" style=\"border-radius:0.5rem;padding-top:var(--wp--preset--spacing--40);padding-right:var(--wp--preset--spacing--50);padding-bottom:var(--wp--preset--spacing--40);padding-left:var(--wp--preset--spacing--50)\">\n<p><strong>Hogyan \u00e9rhet el minket:<\/strong><\/p>\n\n\n\n<ul class=\"wp-block-list\">\n<li><a href=\"mailto:&#115;&#117;&#112;port&#64;&#116;&#97;&#107;&#116;&#105;&#113;.&#100;&#101;\">su&#112;&#112;&#111;rt&#64;&#116;&#97;&#107;&#116;iq.&#100;e<\/a><\/li>\n\n\n\n<li><a href=\"tel:+4952516826200\">+49 5251 68262-00<\/a><\/li>\n<\/ul>\n<\/div>\n<\/div>\n\n\n\n<div style=\"height:6rem\" aria-hidden=\"true\" class=\"wp-block-spacer\"><\/div>\n<\/div>\n\n\n\n<div class=\"wp-block-column is-vertically-aligned-bottom is-layout-flow wp-block-column-is-layout-flow\">\n<figure class=\"wp-block-image size-full\"><img decoding=\"async\" src=\"https:\/\/www.taktiq.de\/wp-content\/uploads\/2025\/06\/taktiq-globe-consulting-support.svg\" alt=\"\" class=\"wp-image-504\"\/><\/figure>\n<\/div>\n<\/div>\n<\/div>\n\n<div class=\"wp-block-group alignfull has-lightgrey-background-color has-background has-global-padding is-layout-constrained wp-container-core-group-is-layout-0049947b wp-block-group-is-layout-constrained\" style=\"margin-top:0\">\n<div class=\"wp-block-columns alignwide are-vertically-aligned-center is-layout-flex wp-container-core-columns-is-layout-28f84493 wp-block-columns-is-layout-flex\">\n<div class=\"wp-block-column is-vertically-aligned-center is-layout-flow wp-block-column-is-layout-flow\">\n\t<div  class=\"wp-block-contactpersons  \">\n\n\t\t\t\t<!--<div class=\"row g-4 row-cols-1 row-cols-sm-2 row-cols-xl-4\">-->\n\t\t\t\t\t\n\t\t\t\t<!--<div class=\"col mb-4\">-->\n\t\t\t\t\t\t\t\n\t<div id=\"contactperson-831\" class=\"card card-contactperson rounded overflow-hidden border-secondary border-1 post-831 contactperson type-contactperson status-publish has-post-thumbnail hentry\">\n\t\t<img loading=\"lazy\" decoding=\"async\" width=\"600\" height=\"600\" src=\"https:\/\/www.taktiq.de\/wp-content\/uploads\/2025\/07\/portrait-victor-kuepper-taktiq-600x600.jpg\" class=\"card-img-top h-auto wp-post-image\" alt=\"\" srcset=\"https:\/\/www.taktiq.de\/wp-content\/uploads\/2025\/07\/portrait-victor-kuepper-taktiq-600x600.jpg 600w, https:\/\/www.taktiq.de\/wp-content\/uploads\/2025\/07\/portrait-victor-kuepper-taktiq-300x300.jpg 300w, https:\/\/www.taktiq.de\/wp-content\/uploads\/2025\/07\/portrait-victor-kuepper-taktiq-900x900.jpg 900w\" sizes=\"auto, (max-width: 600px) 100vw, 600px\" \/>\t\t<div class=\"card-body d-flex flex-column justify-content-start h-100 p-3\">\n\t\t\t<div class=\"w-100\">\n\t\t\t\t<div class=\"h5 card-title fw-semibold m-0\">Victor K\u00fcpper<\/div>\n\t\t\t<\/div>\n\t\t\t\t\t\t<div class=\"w-100 \">\n\t\t\t\t<div class=\"card-text m-0 small\">Head of Consulting &amp; Services<\/div>\n\t\t\t<\/div>\n\t\t\t\t\t\t\t\t\t<div class=\"row g-2 mt-2 justify-content-between\">\n\t\t\t\t\t\t\t\t<div class=\"col-auto\">\t\t\t\n\t\t\t\t\t<a href=\"tel:+491704489735\" class=\"btn btn-light \"><span class=\"icon-phone\"><\/span> <span class=\"d-none d-lg-inline\">+49 170 4489735<\/span><span class=\"d-lg-none\">Telefon<\/span><\/a>\n\t\t\t\t<\/div>\t\t\n\t\t\t\t\t\t\t\t\t\n\t\t\t\t\t<div class=\"col-auto\">\t\t\n\t\t\t\t\t\t\t\t\t\t\t\t\t<a href=\"mailto:&#118;i&#99;&#116;&#111;&#114;.&#107;ueppe&#114;&#64;ta&#107;ti&#113;.de\" class=\"btn btn-primary  px-2\"><span class=\"icon-mail\"><\/span><\/a>\n\t\t\t\t\t\t\t\t\t\t\t\t\t\n\t\t\t\t\t\t\t<a href=\"https:\/\/www.linkedin.com\/in\/victor-k%C3%BCpper-b719aa151\/\" class=\"btn btn-primary px-2\"><span class=\"icon-linkedin-squared\"><\/span><\/a>\n\t\t\t\t\t\t\t\t\t\t\t<\/div>\n\t\t\t\t\t\t\t<\/div>\n\t\t\t\t\t<\/div>\n\t<\/div>\n\t\t\t\t<!--<\/div>-->\n\t\t\t\t\t<!--<\/div>-->\n\t\t\n\t<\/div>\n\n<\/div>\n\n\n\n<div class=\"wp-block-column is-vertically-aligned-center is-layout-flow wp-block-column-is-layout-flow\">\n<h2 class=\"wp-block-heading\">\u00dcgyf\u00e9lszolg\u00e1lat<\/h2>\n\n\n\n<p>Tan\u00e1csad\u00f3ink az \u00d6n egyedi integr\u00e1ci\u00f3s be\u00e1ll\u00edt\u00e1sainak \u00e9s munkafolyamatainak szak\u00e9rt\u0151iv\u00e9 v\u00e1lnak. Ez azt jelenti, hogy komplex k\u00e9rd\u00e9sekben is t\u00e1mogatni tudj\u00e1k \u00d6nt. T\u00e1j\u00e9koztatj\u00e1k \u00d6nt a szoftver \u00fajdons\u00e1gair\u00f3l, be\u00e9p\u00edtik funkcion\u00e1lis k\u00f6vetelm\u00e9nyeit a fejleszt\u00e9si folyamatba, \u00e9s gyakorlati tapasztalatuknak k\u00f6sz\u00f6nhet\u0151en minden technikai k\u00e9rd\u00e9sben a rendelkez\u00e9s\u00e9re \u00e1llnak.  <br\/><\/p>\n\n\n\n<div class=\"wp-block-buttons is-layout-flex wp-block-buttons-is-layout-flex\">\n<div class=\"wp-block-button\"><a class=\"wp-block-button__link wp-element-button\" href=\"https:\/\/www.taktiq.de\/hu\/tapasztalat\/\">Tapasztalat most<\/a><\/div>\n<\/div>\n<\/div>\n<\/div>\n\n\n\n<div class=\"wp-block-columns alignwide are-vertically-aligned-center is-layout-flex wp-container-core-columns-is-layout-28f84493 wp-block-columns-is-layout-flex\">\n<div class=\"wp-block-column is-vertically-aligned-center is-layout-flow wp-block-column-is-layout-flow\">\n<h2 class=\"wp-block-heading\">T\u00e1mogat\u00e1s<\/h2>\n\n\n\n<p>T\u00e1mogat\u00f3i csapatunk az \u00d6n k\u00f6zponti kapcsolattart\u00f3ja minden probl\u00e9m\u00e1val kapcsolatban &#8211; f\u00fcggetlen\u00fcl att\u00f3l, hogy szakmai k\u00e9rd\u00e9sr\u0151l vagy technikai probl\u00e9m\u00e1r\u00f3l van sz\u00f3. Gyors, c\u00e9lzott \u00e9s technikailag megalapozott t\u00e1mogat\u00e1st kap, mik\u00f6zben \u00e1tl\u00e1that\u00f3an koordin\u00e1ljuk az \u00d6n probl\u00e9m\u00e1inak feldolgoz\u00e1s\u00e1t. A szabv\u00e1nyos\u00edtott folyamatoknak \u00e9s a tan\u00e1csad\u00e1ssal \u00e9s fejleszt\u00e9ssel val\u00f3 szoros egy\u00fcttm\u0171k\u00f6d\u00e9snek k\u00f6sz\u00f6nhet\u0151en az \u00d6n probl\u00e9m\u00e1i mindig a legjobb kezekben vannak.  <\/p>\n\n\n\n<div class=\"wp-block-buttons is-layout-flex wp-block-buttons-is-layout-flex\">\n<div class=\"wp-block-button\"><a class=\"wp-block-button__link wp-element-button\" href=\"https:\/\/www.taktiq.de\/hu\/tapasztalat\/\">Tapasztalat most<\/a><\/div>\n<\/div>\n<\/div>\n\n\n\n<div class=\"wp-block-column is-vertically-aligned-center is-layout-flow wp-block-column-is-layout-flow\">\n\t<div  class=\"wp-block-contactpersons  \">\n\n\t\t\t\t<!--<div class=\"row g-4 row-cols-1 row-cols-sm-2 row-cols-xl-4\">-->\n\t\t\t\t\t\n\t\t\t\t<!--<div class=\"col mb-4\">-->\n\t\t\t\t\t\t\t\n\t<div id=\"contactperson-840\" class=\"card card-contactperson rounded overflow-hidden border-secondary border-1 post-840 contactperson type-contactperson status-publish has-post-thumbnail hentry\">\n\t\t<img loading=\"lazy\" decoding=\"async\" width=\"600\" height=\"600\" src=\"https:\/\/www.taktiq.de\/wp-content\/uploads\/2025\/07\/portrait-mahmoud-kamili-taktiq-600x600.jpg\" class=\"card-img-top h-auto wp-post-image\" alt=\"\" srcset=\"https:\/\/www.taktiq.de\/wp-content\/uploads\/2025\/07\/portrait-mahmoud-kamili-taktiq-600x600.jpg 600w, https:\/\/www.taktiq.de\/wp-content\/uploads\/2025\/07\/portrait-mahmoud-kamili-taktiq-300x300.jpg 300w, https:\/\/www.taktiq.de\/wp-content\/uploads\/2025\/07\/portrait-mahmoud-kamili-taktiq-900x900.jpg 900w\" sizes=\"auto, (max-width: 600px) 100vw, 600px\" \/>\t\t<div class=\"card-body d-flex flex-column justify-content-start h-100 p-3\">\n\t\t\t<div class=\"w-100\">\n\t\t\t\t<div class=\"h5 card-title fw-semibold m-0\">Mahmoud Kamili<\/div>\n\t\t\t<\/div>\n\t\t\t\t\t\t\t\t\t<div class=\"row g-2 mt-2 justify-content-between\">\n\t\t\t\t\t\t\t\t<div class=\"col-auto\">\t\t\t\n\t\t\t\t\t<a href=\"tel:+4952516826200\" class=\"btn btn-light \"><span class=\"icon-phone\"><\/span> <span class=\"d-none d-lg-inline\">+49 5251 68262-00<\/span><span class=\"d-lg-none\">Telefon<\/span><\/a>\n\t\t\t\t<\/div>\t\t\n\t\t\t\t\t\t\t\t\t\n\t\t\t\t\t<div class=\"col-auto\">\t\t\n\t\t\t\t\t\t\t\t\t\t\t\t\t<a href=\"mailto:&#115;&#117;&#112;p&#111;r&#116;&#64;&#116;akt&#105;q.&#100;&#101;\" class=\"btn btn-primary  px-2\"><span class=\"icon-mail\"><\/span><\/a>\n\t\t\t\t\t\t\t\t\t\t\t\t\t\t\t\t\t<\/div>\n\t\t\t\t\t\t\t<\/div>\n\t\t\t\t\t<\/div>\n\t<\/div>\n\t\t\t\t<!--<\/div>-->\n\t\t\t\t\t<!--<\/div>-->\n\t\t\n\t<\/div>\n\n<\/div>\n<\/div>\n<\/div>\n\n<div class=\"wp-block-group alignfull has-global-padding is-layout-constrained wp-block-group-is-layout-constrained\">\n<div class=\"wp-block-columns alignwide are-vertically-aligned-center is-layout-flex wp-container-core-columns-is-layout-28f84493 wp-block-columns-is-layout-flex\">\n<div class=\"wp-block-column is-vertically-aligned-center is-layout-flow wp-block-column-is-layout-flow\">\n<p class=\"has-text-align-left has-h-2-font-size\">Ez is \u00e9rdekelheti \u00d6nt<\/p>\n<\/div>\n\n\n\n<div class=\"wp-block-column is-vertically-aligned-center is-layout-flow wp-block-column-is-layout-flow\">\n<div  class=\"wp-block-teaser  \">\t\n\t\n\t\n\t<div class=\"card card-teaser rounded h-100\">\n\t\t\t\t\t<div class=\"card-body p-3 p-lg-4 p-xxl-5\">\n\t\t\t\t<div class=\"row align-items-center\">\n\t\t\t\t\t<div class=\"col-md-7 order-2 order-md-1\">\t\t\t\t\t\n\t\t\t\t\t\t\t\t\t\t\t\t<a href=\"https:\/\/www.taktiq.de\/hu\/kepesites\/\" class=\"card-title d-block stretched-link text-decoration-none my-2 fw-semibold fs-5\">K\u00e9pes\u00edt\u00e9s<\/a>\n\t\t\t\t\t\t<p class=\"card-text hyphens m-0 p-0\">\n\t\t\t\t\t\t\tSzem\u00e9lyre szabott \u00e9s gyakorlatias k\u00e9pz\u00e9sekkel gyorsan beind\u00edtjuk \u00d6nt \u00e9s csapat\u00e1t.\t\t\t\t\t\t<\/p>\n\t\t\t\t\t\t<a href=\"https:\/\/www.taktiq.de\/hu\/kepesites\/\" class=\"btn btn-outline-primary btn-sm mt-3\">Tudjon meg t\u00f6bbet<\/a>\n\t\t\t\t\t<\/div>\n\t\t\t\t\t<div class=\"col-md-5 order-1 order-md-2\">\n\t\t\t\t\t\t<img loading=\"lazy\" decoding=\"async\" width=\"1\" height=\"1\" src=\"https:\/\/www.taktiq.de\/wp-content\/uploads\/2025\/06\/taktiq-benefit-first-place.svg\" class=\"card-img-top h-auto wp-post-image\" alt=\"\" \/>\t\t\t\t\t<\/div>\n\t\t\t\t<\/div>\t\n\t\t\t<\/div>\t\t\n\t\t\t\t\n\t<\/div>\n<\/div>\n\n\n\n\n<div  class=\"wp-block-teaser  \">\t\n\t\n\t\n\t<div class=\"card card-teaser rounded h-100\">\n\t\t\t\t\t<div class=\"card-body p-3 p-lg-4 p-xxl-5\">\n\t\t\t\t<div class=\"row align-items-center\">\n\t\t\t\t\t<div class=\"col-md-7 order-2 order-md-1\">\t\t\t\t\t\n\t\t\t\t\t\t\t\t\t\t\t\t<a href=\"https:\/\/www.taktiq.de\/hu\/pilot-einfuehrung\/\" class=\"card-title d-block stretched-link text-decoration-none my-2 fw-semibold fs-5\">Pilot \u00e9s bevezet\u00e9s<\/a>\n\t\t\t\t\t\t<p class=\"card-text hyphens m-0 p-0\">\n\t\t\t\t\t\t\tEgyszer\u0171 szoftverbevezet\u00e9s, az \u00d6n kiindul\u00f3 helyzet\u00e9re szabva.\t\t\t\t\t\t<\/p>\n\t\t\t\t\t\t<a href=\"https:\/\/www.taktiq.de\/hu\/pilot-einfuehrung\/\" class=\"btn btn-outline-primary btn-sm mt-3\">Tudjon meg t\u00f6bbet<\/a>\n\t\t\t\t\t<\/div>\n\t\t\t\t\t<div class=\"col-md-5 order-1 order-md-2\">\n\t\t\t\t\t\t<img loading=\"lazy\" decoding=\"async\" width=\"1\" height=\"1\" src=\"https:\/\/www.taktiq.de\/wp-content\/uploads\/2025\/06\/taktiq-pilot-project.svg\" class=\"card-img-top h-auto wp-post-image\" alt=\"\" \/>\t\t\t\t\t<\/div>\n\t\t\t\t<\/div>\t\n\t\t\t<\/div>\t\t\n\t\t\t\t\n\t<\/div>\n<\/div>\n\n<\/div>\n<\/div>\n<\/div>\n\n<div class=\"wp-block-group alignfull has-lightgrey-background-color has-background has-global-padding is-layout-constrained wp-block-group-is-layout-constrained\">\n<h2 class=\"wp-block-heading has-text-align-center\">Az \u00d6n k\u00f6vetkez\u0151 l\u00e9p\u00e9sei a TAKTIQ-val<\/h2>\n\n\n\n<p class=\"has-text-align-center\">Ismerje meg jobban a TAKTIQ-ot, \u00e9s tudja meg, hogyan emelheti a termel\u00e9s tervez\u00e9s\u00e9t a k\u00f6vetkez\u0151 szintre. V\u00e1lassza ki az \u00d6nnek legmegfelel\u0151bb utat. <\/p>\n\n\n\n<div style=\"height:1rem\" aria-hidden=\"true\" class=\"wp-block-spacer\"><\/div>\n\n\n\n<div class=\"wp-block-columns alignwide is-layout-flex wp-container-core-columns-is-layout-28f84493 wp-block-columns-is-layout-flex\">\n<div class=\"wp-block-column is-vertically-aligned-stretch is-layout-flow wp-block-column-is-layout-flow\">\n<div class=\"wp-block-group h-100 card-product has-border-color has-midgrey-border-color has-white-background-color has-background is-vertical is-layout-flex wp-container-core-group-is-layout-142ddb77 wp-block-group-is-layout-flex\" style=\"border-width:1px;border-radius:0.75rem;padding-top:var(--wp--preset--spacing--80);padding-right:var(--wp--preset--spacing--60);padding-bottom:var(--wp--preset--spacing--60);padding-left:var(--wp--preset--spacing--60)\">\n<figure class=\"wp-block-image size-full w-100 is-style-pulledout\" style=\"margin-right:var(--wp--preset--spacing--40);margin-left:var(--wp--preset--spacing--40)\"><img decoding=\"async\" src=\"https:\/\/www.taktiq.de\/wp-content\/uploads\/2025\/06\/taktiq-trial-truck.svg\" alt=\"\" class=\"wp-image-528\"\/><\/figure>\n\n\n\n<div class=\"wp-block-group has-lightgrey-background-color has-background is-horizontal is-content-justification-left is-nowrap is-layout-flex wp-container-core-group-is-layout-183914e5 wp-block-group-is-layout-flex\" style=\"padding-top:0;padding-right:var(--wp--preset--spacing--40);padding-bottom:0;padding-left:0\">\n<figure class=\"wp-block-image size-thumbnail is-resized\"><img loading=\"lazy\" decoding=\"async\" width=\"300\" height=\"300\" src=\"https:\/\/www.taktiq.de\/wp-content\/uploads\/2025\/07\/customer-happy-working-side-laptop-background-taktiq-300x300.jpg\" alt=\"\" class=\"wp-image-1260\" style=\"aspect-ratio:1;object-fit:cover;width:50px\" srcset=\"https:\/\/www.taktiq.de\/wp-content\/uploads\/2025\/07\/customer-happy-working-side-laptop-background-taktiq-300x300.jpg 300w, https:\/\/www.taktiq.de\/wp-content\/uploads\/2025\/07\/customer-happy-working-side-laptop-background-taktiq.jpg 600w\" sizes=\"auto, (max-width: 300px) 100vw, 300px\" \/><\/figure>\n\n\n\n<p>Csak a teszt<\/p>\n<\/div>\n\n\n\n<h3 class=\"wp-block-heading\">4 hetes pr\u00f3baverzi\u00f3<\/h3>\n\n\n\n<p>Tesztelje ingyenesen a TAKTIQ-ot, \u00e9s \u00e9rt\u00e9kelje saj\u00e1t maga, hogy a szoftver megfelel-e az \u00d6n ig\u00e9nyeinek.<\/p>\n\n\n\n<ul class=\"wp-block-list is-style-checklist-clean\">\n<li>Indul\u00e1s 5 perc m\u00falva<\/li>\n\n\n\n<li>Teljes k\u00f6r\u0171 funkci\u00f3k<\/li>\n\n\n\n<li>Nincs kock\u00e1zat<\/li>\n\n\n\n<li>Tapasztalja meg saj\u00e1t maga<\/li>\n<\/ul>\n\n\n\n<div class=\"wp-block-buttons mt-auto is-layout-flex wp-block-buttons-is-layout-flex\">\n<div class=\"wp-block-button is-style-outline is-style-outline--1\"><a class=\"wp-block-button__link wp-element-button\" href=\"https:\/\/www.taktiq.de\/hu\/tapasztalat\/teszt-verzio\/\">Tapasztalat most<\/a><\/div>\n<\/div>\n<\/div>\n<\/div>\n\n\n\n<div class=\"wp-block-column is-vertically-aligned-stretch is-layout-flow wp-block-column-is-layout-flow\">\n<div class=\"wp-block-group h-100 card-product has-border-color has-white-background-color has-background is-vertical is-layout-flex wp-container-core-group-is-layout-142ddb77 wp-block-group-is-layout-flex\" style=\"border-color:#6E6E6E;border-width:1px;border-radius:0.75rem;padding-top:var(--wp--preset--spacing--80);padding-right:var(--wp--preset--spacing--60);padding-bottom:var(--wp--preset--spacing--60);padding-left:var(--wp--preset--spacing--60)\">\n<figure class=\"wp-block-image size-full w-100 is-style-pulledout\" style=\"margin-right:var(--wp--preset--spacing--40);margin-left:var(--wp--preset--spacing--40)\"><img decoding=\"async\" src=\"https:\/\/www.taktiq.de\/wp-content\/uploads\/2025\/06\/taktiq-line-balancing-home-hero.svg\" alt=\"\" class=\"wp-image-514\"\/><\/figure>\n\n\n\n<div class=\"wp-block-group has-lightgrey-background-color has-background is-horizontal is-content-justification-left is-nowrap is-layout-flex wp-container-core-group-is-layout-183914e5 wp-block-group-is-layout-flex\" style=\"padding-top:0;padding-right:var(--wp--preset--spacing--40);padding-bottom:0;padding-left:0\">\n<figure class=\"wp-block-image size-thumbnail is-resized\"><img loading=\"lazy\" decoding=\"async\" width=\"300\" height=\"300\" src=\"https:\/\/www.taktiq.de\/wp-content\/uploads\/2025\/07\/employee-headset-explaining-smile-front-background-taktiq-300x300.jpg\" alt=\"\" class=\"wp-image-1261\" style=\"aspect-ratio:1;object-fit:cover;width:50px\" srcset=\"https:\/\/www.taktiq.de\/wp-content\/uploads\/2025\/07\/employee-headset-explaining-smile-front-background-taktiq-300x300.jpg 300w, https:\/\/www.taktiq.de\/wp-content\/uploads\/2025\/07\/employee-headset-explaining-smile-front-background-taktiq.jpg 600w\" sizes=\"auto, (max-width: 300px) 100vw, 300px\" \/><\/figure>\n\n\n\n<p>Kira Askevolddal<\/p>\n<\/div>\n\n\n\n<h3 class=\"wp-block-heading has-orange-color has-text-color has-link-color wp-elements-d3e9bee79ba0b438473bced0a85635a4\">Kezdeti konzult\u00e1ci\u00f3 \u00e9s \u00e9l\u0151 bemutat\u00f3<\/h3>\n\n\n\n<p>Tudja meg egy els\u0151 konzult\u00e1ci\u00f3 sor\u00e1n, hogy a TAKTIQ megfelel\u0151-e az \u00d6n sz\u00e1m\u00e1ra, majd ismerje meg szoftver\u00fcnket egy szem\u00e9lyre szabott \u00e9l\u0151 bemutat\u00f3 keret\u00e9ben.<\/p>\n\n\n\n<ul class=\"wp-block-list is-style-checklist-clean\">\n<li>Tisztas\u00e1g 15 perc alatt<\/li>\n\n\n\n<li>Csere szak\u00e9rt\u0151kkel<\/li>\n\n\n\n<li>Egy\u00e9nre szabott \u00e9l\u0151 bemutat\u00f3<\/li>\n<\/ul>\n\n\n\n<div class=\"wp-block-buttons mt-auto is-horizontal is-content-justification-left is-layout-flex wp-container-core-buttons-is-layout-c4719c80 wp-block-buttons-is-layout-flex\">\n<div class=\"wp-block-button has-custom-width wp-block-button__width-100 is-style-fill\"><a class=\"wp-block-button__link wp-element-button\" href=\"https:\/\/www.taktiq.de\/hu\/tapasztalat\/kezdeti-konzultacio-es-elo-bemutato\/\">Kezdeti konzult\u00e1ci\u00f3<\/a><\/div>\n<\/div>\n<\/div>\n<\/div>\n\n\n\n<div class=\"wp-block-column is-vertically-aligned-stretch is-layout-flow wp-block-column-is-layout-flow\">\n<div class=\"wp-block-group h-100 card-product has-border-color has-midgrey-border-color has-white-background-color has-background is-vertical is-layout-flex wp-container-core-group-is-layout-142ddb77 wp-block-group-is-layout-flex\" style=\"border-width:1px;border-radius:0.75rem;padding-top:var(--wp--preset--spacing--80);padding-right:var(--wp--preset--spacing--60);padding-bottom:var(--wp--preset--spacing--60);padding-left:var(--wp--preset--spacing--60)\">\n<figure class=\"wp-block-image size-full w-100 is-style-pulledout\" style=\"margin-right:var(--wp--preset--spacing--40);margin-left:var(--wp--preset--spacing--40)\"><img decoding=\"async\" src=\"https:\/\/www.taktiq.de\/wp-content\/uploads\/2025\/06\/taktiq-pilot-project.svg\" alt=\"\" class=\"wp-image-521\"\/><\/figure>\n\n\n\n<div class=\"wp-block-group has-lightgrey-background-color has-background is-horizontal is-content-justification-left is-nowrap is-layout-flex wp-container-core-group-is-layout-183914e5 wp-block-group-is-layout-flex\" style=\"padding-top:0;padding-right:var(--wp--preset--spacing--40);padding-bottom:0;padding-left:0\">\n<figure class=\"wp-block-image size-thumbnail is-resized\"><img loading=\"lazy\" decoding=\"async\" width=\"300\" height=\"300\" src=\"https:\/\/www.taktiq.de\/wp-content\/uploads\/2025\/07\/portrait-victor-kuepper-taktiq-300x300.jpg\" alt=\"\" class=\"wp-image-834\" style=\"aspect-ratio:1;object-fit:cover;width:50px\" srcset=\"https:\/\/www.taktiq.de\/wp-content\/uploads\/2025\/07\/portrait-victor-kuepper-taktiq-300x300.jpg 300w, https:\/\/www.taktiq.de\/wp-content\/uploads\/2025\/07\/portrait-victor-kuepper-taktiq-600x600.jpg 600w, https:\/\/www.taktiq.de\/wp-content\/uploads\/2025\/07\/portrait-victor-kuepper-taktiq-900x900.jpg 900w\" sizes=\"auto, (max-width: 300px) 100vw, 300px\" \/><\/figure>\n\n\n\n<p>Victor K\u00fcpperrel<\/p>\n<\/div>\n\n\n\n<h3 class=\"wp-block-heading\">K\u00eds\u00e9rleti projekt vagy k\u00f6vetelm\u00e9nyelemz\u00e9s<\/h3>\n\n\n\n<p>Tesztelje a TAKTIQ-ot k\u00f6zvetlen\u00fcl az \u00d6n termel\u00e9si k\u00f6rnyezet\u00e9ben egy szem\u00e9lyre szabott k\u00eds\u00e9rleti projekt vagy egy helysz\u00edni k\u00f6vetelm\u00e9nyelemz\u00e9s seg\u00edts\u00e9g\u00e9vel.<\/p>\n\n\n\n<ul class=\"wp-block-list is-style-checklist-clean\">\n<li>P\u00e1rhuzamos m\u0171k\u00f6d\u00e9s a jelenlegi rendszerrel<\/li>\n\n\n\n<li>Optimaliz\u00e1lt vizsg\u00e1lati ter\u00fclet<\/li>\n\n\n\n<li>Fit-gap elemz\u00e9s<\/li>\n\n\n\n<li>Testreszabott k\u00e9pz\u00e9s<\/li>\n\n\n\n<li>Szem\u00e9lyre szabott t\u00e1mogat\u00e1s<\/li>\n<\/ul>\n\n\n\n<div class=\"wp-block-buttons mt-auto is-layout-flex wp-block-buttons-is-layout-flex\">\n<div class=\"wp-block-button is-style-outline is-style-outline--2\"><a class=\"wp-block-button__link wp-element-button\" href=\"https:\/\/www.taktiq.de\/hu\/tapasztalat\/pilot\/\">Tan\u00e1csad\u00e1s k\u00e9r\u00e9se<\/a><\/div>\n<\/div>\n<\/div>\n<\/div>\n<\/div>\n<\/div>\n","protected":false},"excerpt":{"rendered":"<p>T\u00e1mogat\u00f3i csapatunk az \u00d6n k\u00f6zponti kapcsolattart\u00f3ja minden probl\u00e9m\u00e1val kapcsolatban &#8211; f\u00fcggetlen\u00fcl att\u00f3l, hogy szakmai k\u00e9rd\u00e9sr\u0151l vagy technikai probl\u00e9m\u00e1r\u00f3l van sz\u00f3.<\/p>\n","protected":false},"author":1,"featured_media":2344,"parent":0,"menu_order":0,"comment_status":"closed","ping_status":"closed","template":"","meta":{"_acf_changed":false,"footnotes":""},"class_list":["post-2342","page","type-page","status-publish","has-post-thumbnail","hentry"],"acf":[],"_links":{"self":[{"href":"https:\/\/www.taktiq.de\/hu\/wp-json\/wp\/v2\/pages\/2342","targetHints":{"allow":["GET"]}}],"collection":[{"href":"https:\/\/www.taktiq.de\/hu\/wp-json\/wp\/v2\/pages"}],"about":[{"href":"https:\/\/www.taktiq.de\/hu\/wp-json\/wp\/v2\/types\/page"}],"author":[{"embeddable":true,"href":"https:\/\/www.taktiq.de\/hu\/wp-json\/wp\/v2\/users\/1"}],"replies":[{"embeddable":true,"href":"https:\/\/www.taktiq.de\/hu\/wp-json\/wp\/v2\/comments?post=2342"}],"version-history":[{"count":1,"href":"https:\/\/www.taktiq.de\/hu\/wp-json\/wp\/v2\/pages\/2342\/revisions"}],"predecessor-version":[{"id":2347,"href":"https:\/\/www.taktiq.de\/hu\/wp-json\/wp\/v2\/pages\/2342\/revisions\/2347"}],"wp:featuredmedia":[{"embeddable":true,"href":"https:\/\/www.taktiq.de\/hu\/wp-json\/wp\/v2\/media\/2344"}],"wp:attachment":[{"href":"https:\/\/www.taktiq.de\/hu\/wp-json\/wp\/v2\/media?parent=2342"}],"curies":[{"name":"wp","href":"https:\/\/api.w.org\/{rel}","templated":true}]}}