{"id":2368,"date":"2025-07-07T09:05:24","date_gmt":"2025-07-07T07:05:24","guid":{"rendered":"https:\/\/relaunch.taktiq.de\/letoeltesek\/"},"modified":"2026-01-21T21:59:42","modified_gmt":"2026-01-21T20:59:42","slug":"downloads","status":"publish","type":"page","link":"https:\/\/www.taktiq.de\/hu\/downloads\/","title":{"rendered":"Let\u00f6lt\u00e9sek"},"content":{"rendered":"\n<div class=\"wp-block-group alignfull has-global-padding is-layout-constrained wp-block-group-is-layout-constrained\">\n<div class=\"wp-block-columns alignwide are-vertically-aligned-center is-layout-flex wp-container-core-columns-is-layout-28f84493 wp-block-columns-is-layout-flex\">\n<div class=\"wp-block-column is-vertically-aligned-center is-layout-flow wp-block-column-is-layout-flow\">\n<h1 class=\"wp-block-heading\">Minden inform\u00e1ci\u00f3 egy helyen<\/h1>\n\n\n\n<p class=\"has-intro-font-size\">A fontos dokumentumok egy\u00e9rtelm\u0171en \u00f6sszefoglalt\u00e1k. Egyszer\u0171en t\u00f6ltse le, ossza meg csapat\u00e1val, \u00e9s haszn\u00e1lja a k\u00f6vetkez\u0151 d\u00f6nt\u00e9shez. <\/p>\n\n\n\n<ol class=\"wp-block-list has-intro-font-size\">\n<li>Dokumentumok let\u00f6lt\u00e9se<\/li>\n\n\n\n<li>Megoszt\u00e1s koll\u00e9g\u00e1kkal<\/li>\n\n\n\n<li>Id\u0151pont egyeztet\u00e9se \u00e9s a k\u00e9rd\u00e9sek tiszt\u00e1z\u00e1sa<\/li>\n<\/ol>\n<\/div>\n\n\n\n<div class=\"wp-block-column is-vertically-aligned-center is-layout-flow wp-block-column-is-layout-flow\">\n<figure class=\"wp-block-image size-full\"><img decoding=\"async\" src=\"https:\/\/www.taktiq.de\/wp-content\/uploads\/2025\/06\/taktiq-downloads.svg\" alt=\"\" class=\"wp-image-501\"\/><\/figure>\n<\/div>\n<\/div>\n<\/div>\n\n<div class=\"wp-block-group alignfull has-lightgrey-background-color has-background has-global-padding is-layout-constrained wp-block-group-is-layout-constrained\">\n<div class=\"wp-block-columns alignwide is-layout-flex wp-container-core-columns-is-layout-28f84493 wp-block-columns-is-layout-flex\">\n<div class=\"wp-block-column is-layout-flow wp-block-column-is-layout-flow\">\n<h2 class=\"wp-block-heading\">TAKTIQ<\/h2>\n\n\n\n<div class=\"wp-block-file\"><a id=\"wp-block-file--media-5853e02c-0bef-499f-8a2f-1110e88894a8\" href=\"https:\/\/www.taktiq.de\/wp-content\/uploads\/2025\/07\/taktiq-releasekalender.pdf\" target=\"_blank\" rel=\"noreferrer noopener\">Kiad\u00e1si napt\u00e1r<\/a><\/div>\n\n\n\n<div class=\"wp-block-group wp-fake-file-block has-border-color has-midgrey-border-color has-white-background-color has-background is-nowrap is-layout-flex wp-container-core-group-is-layout-6d80e04a wp-block-group-is-layout-flex\" style=\"border-width:1px;border-radius:0.5rem;padding-top:var(--wp--preset--spacing--40);padding-right:var(--wp--preset--spacing--40);padding-bottom:var(--wp--preset--spacing--40);padding-left:var(--wp--preset--spacing--40)\">\n<figure class=\"wp-block-image size-full is-resized\"><img decoding=\"async\" src=\"https:\/\/www.taktiq.de\/wp-content\/uploads\/2025\/05\/taktiq-logo-md.svg\" alt=\"Download\" class=\"wp-image-2114\" style=\"width:auto;height:24px\"\/><\/figure>\n\n\n\n<p><a href=\"https:\/\/www.taktiq.de\/hu\/tapasztalat\/teszt-verzio\/\" id=\"1025\">TAKTIQ szoftver telep\u00edt\u0151<\/a><\/p>\n<\/div>\n\n\n\n<p class=\"has-lightgrey-color has-text-color has-link-color wp-elements-96b3bae6c7e59af01905fa2e53361f4e\">.\/<\/p>\n<\/div>\n\n\n\n<div class=\"wp-block-column is-layout-flow wp-block-column-is-layout-flow\">\n<h2 class=\"wp-block-heading\">Szolg\u00e1ltat\u00e1sok<\/h2>\n\n\n\n<div class=\"wp-block-file\"><a id=\"wp-block-file--media-c52d09fb-4140-4f16-9ff6-101be2a867f8\" href=\"https:\/\/www.taktiq.de\/wp-content\/uploads\/2025\/07\/taktiq-system-requirements-and-installation-en.pdf\" target=\"_blank\" rel=\"noreferrer noopener\">Rendszerk\u00f6vetelm\u00e9nyek \u00e9s telep\u00edt\u00e9s<\/a><\/div>\n\n\n\n<div class=\"wp-block-group wp-fake-file-block has-border-color has-midgrey-border-color has-white-background-color has-background has-global-padding is-layout-constrained wp-container-core-group-is-layout-52009084 wp-block-group-is-layout-constrained\" style=\"border-width:1px;border-radius:0.5rem;padding-top:var(--wp--preset--spacing--40);padding-right:var(--wp--preset--spacing--40);padding-bottom:var(--wp--preset--spacing--40);padding-left:var(--wp--preset--spacing--40)\">\n<p><a href=\"https:\/\/taktiq.assemblysuite.com\/prod1-interface\/index.html\" data-type=\"link\" data-id=\"https:\/\/taktiq.assemblysuite.com\/prod1-interface\/index.html\" target=\"_blank\" rel=\"noreferrer noopener\"><\/a><a href=\"https:\/\/taktiq.assemblysuite.com\/prod1-interface\/index.html\" data-type=\"link\" data-id=\"https:\/\/taktiq.assemblysuite.com\/prod1-interface\/index.html\" target=\"_blank\" rel=\"noreferrer noopener\">P\u00e9lda interf\u00e9sz<\/a><\/p>\n<\/div>\n\n\n\n<div class=\"wp-block-file\"><a id=\"wp-block-file--media-a955dd60-63ee-4380-9132-141a9b4c7149\" href=\"https:\/\/www.taktiq.de\/wp-content\/uploads\/2025\/07\/taktiq-service-specifications-en.pdf\" target=\"_blank\" rel=\"noreferrer noopener\">Szolg\u00e1ltat\u00e1sok list\u00e1ja<\/a><\/div>\n\n\n\n<div class=\"wp-block-file\"><a id=\"wp-block-file--media-6e9b4fda-6248-4b3e-a785-6925bea6b8f1\" href=\"https:\/\/www.taktiq.de\/wp-content\/uploads\/2025\/07\/taktiq-product-enhancement-agreement-en.pdf\" target=\"_blank\" rel=\"noreferrer noopener\">Term\u00e9kfejleszt\u00e9si meg\u00e1llapod\u00e1s<\/a><\/div>\n<\/div>\n<\/div>\n<\/div>\n\n<div class=\"wp-block-group alignfull has-lightgrey-background-color has-background has-global-padding is-layout-constrained wp-block-group-is-layout-constrained\">\n<h2 class=\"wp-block-heading has-text-align-center\">Az \u00d6n k\u00f6vetkez\u0151 l\u00e9p\u00e9sei a TAKTIQ-val<\/h2>\n\n\n\n<p class=\"has-text-align-center\">Ismerje meg jobban a TAKTIQ-ot, \u00e9s tudja meg, hogyan emelheti a termel\u00e9s tervez\u00e9s\u00e9t a k\u00f6vetkez\u0151 szintre. V\u00e1lassza ki az \u00d6nnek legmegfelel\u0151bb utat. <\/p>\n\n\n\n<div style=\"height:1rem\" aria-hidden=\"true\" class=\"wp-block-spacer\"><\/div>\n\n\n\n<div class=\"wp-block-columns alignwide is-layout-flex wp-container-core-columns-is-layout-28f84493 wp-block-columns-is-layout-flex\">\n<div class=\"wp-block-column is-vertically-aligned-stretch is-layout-flow wp-block-column-is-layout-flow\">\n<div class=\"wp-block-group h-100 card-product has-border-color has-midgrey-border-color has-white-background-color has-background is-vertical is-layout-flex wp-container-core-group-is-layout-142ddb77 wp-block-group-is-layout-flex\" style=\"border-width:1px;border-radius:0.75rem;padding-top:var(--wp--preset--spacing--80);padding-right:var(--wp--preset--spacing--60);padding-bottom:var(--wp--preset--spacing--60);padding-left:var(--wp--preset--spacing--60)\">\n<figure class=\"wp-block-image size-full w-100 is-style-pulledout\" style=\"margin-right:var(--wp--preset--spacing--40);margin-left:var(--wp--preset--spacing--40)\"><img decoding=\"async\" src=\"https:\/\/www.taktiq.de\/wp-content\/uploads\/2025\/06\/taktiq-trial-truck.svg\" alt=\"\" class=\"wp-image-528\"\/><\/figure>\n\n\n\n<div class=\"wp-block-group has-lightgrey-background-color has-background is-horizontal is-content-justification-left is-nowrap is-layout-flex wp-container-core-group-is-layout-183914e5 wp-block-group-is-layout-flex\" style=\"padding-top:0;padding-right:var(--wp--preset--spacing--40);padding-bottom:0;padding-left:0\">\n<figure class=\"wp-block-image size-thumbnail is-resized\"><img loading=\"lazy\" decoding=\"async\" width=\"300\" height=\"300\" src=\"https:\/\/www.taktiq.de\/wp-content\/uploads\/2025\/07\/customer-happy-working-side-laptop-background-taktiq-300x300.jpg\" alt=\"\" class=\"wp-image-1260\" style=\"aspect-ratio:1;object-fit:cover;width:50px\" srcset=\"https:\/\/www.taktiq.de\/wp-content\/uploads\/2025\/07\/customer-happy-working-side-laptop-background-taktiq-300x300.jpg 300w, https:\/\/www.taktiq.de\/wp-content\/uploads\/2025\/07\/customer-happy-working-side-laptop-background-taktiq.jpg 600w\" sizes=\"auto, (max-width: 300px) 100vw, 300px\" \/><\/figure>\n\n\n\n<p>Csak a teszt<\/p>\n<\/div>\n\n\n\n<h3 class=\"wp-block-heading\">4 hetes pr\u00f3baverzi\u00f3<\/h3>\n\n\n\n<p>Tesztelje ingyenesen a TAKTIQ-ot, \u00e9s \u00e9rt\u00e9kelje saj\u00e1t maga, hogy a szoftver megfelel-e az \u00d6n ig\u00e9nyeinek.<\/p>\n\n\n\n<ul class=\"wp-block-list is-style-checklist-clean\">\n<li>Indul\u00e1s 5 perc m\u00falva<\/li>\n\n\n\n<li>Teljes k\u00f6r\u0171 funkci\u00f3k<\/li>\n\n\n\n<li>Nincs kock\u00e1zat<\/li>\n\n\n\n<li>Tapasztalja meg saj\u00e1t maga<\/li>\n<\/ul>\n\n\n\n<div class=\"wp-block-buttons mt-auto is-layout-flex wp-block-buttons-is-layout-flex\">\n<div class=\"wp-block-button is-style-outline is-style-outline--1\"><a class=\"wp-block-button__link wp-element-button\" href=\"https:\/\/www.taktiq.de\/hu\/tapasztalat\/teszt-verzio\/\">Tapasztalat most<\/a><\/div>\n<\/div>\n<\/div>\n<\/div>\n\n\n\n<div class=\"wp-block-column is-vertically-aligned-stretch is-layout-flow wp-block-column-is-layout-flow\">\n<div class=\"wp-block-group h-100 card-product has-border-color has-white-background-color has-background is-vertical is-layout-flex wp-container-core-group-is-layout-142ddb77 wp-block-group-is-layout-flex\" style=\"border-color:#6E6E6E;border-width:1px;border-radius:0.75rem;padding-top:var(--wp--preset--spacing--80);padding-right:var(--wp--preset--spacing--60);padding-bottom:var(--wp--preset--spacing--60);padding-left:var(--wp--preset--spacing--60)\">\n<figure class=\"wp-block-image size-full w-100 is-style-pulledout\" style=\"margin-right:var(--wp--preset--spacing--40);margin-left:var(--wp--preset--spacing--40)\"><img decoding=\"async\" src=\"https:\/\/www.taktiq.de\/wp-content\/uploads\/2025\/06\/taktiq-line-balancing-home-hero.svg\" alt=\"\" class=\"wp-image-514\"\/><\/figure>\n\n\n\n<div class=\"wp-block-group has-lightgrey-background-color has-background is-horizontal is-content-justification-left is-nowrap is-layout-flex wp-container-core-group-is-layout-183914e5 wp-block-group-is-layout-flex\" style=\"padding-top:0;padding-right:var(--wp--preset--spacing--40);padding-bottom:0;padding-left:0\">\n<figure class=\"wp-block-image size-thumbnail is-resized\"><img loading=\"lazy\" decoding=\"async\" width=\"300\" height=\"300\" src=\"https:\/\/www.taktiq.de\/wp-content\/uploads\/2025\/07\/employee-headset-explaining-smile-front-background-taktiq-300x300.jpg\" alt=\"\" class=\"wp-image-1261\" style=\"aspect-ratio:1;object-fit:cover;width:50px\" srcset=\"https:\/\/www.taktiq.de\/wp-content\/uploads\/2025\/07\/employee-headset-explaining-smile-front-background-taktiq-300x300.jpg 300w, https:\/\/www.taktiq.de\/wp-content\/uploads\/2025\/07\/employee-headset-explaining-smile-front-background-taktiq.jpg 600w\" sizes=\"auto, (max-width: 300px) 100vw, 300px\" \/><\/figure>\n\n\n\n<p>Kira Askevolddal<\/p>\n<\/div>\n\n\n\n<h3 class=\"wp-block-heading has-orange-color has-text-color has-link-color wp-elements-d3e9bee79ba0b438473bced0a85635a4\">Kezdeti konzult\u00e1ci\u00f3 \u00e9s \u00e9l\u0151 bemutat\u00f3<\/h3>\n\n\n\n<p>Tudja meg egy els\u0151 konzult\u00e1ci\u00f3 sor\u00e1n, hogy a TAKTIQ megfelel\u0151-e az \u00d6n sz\u00e1m\u00e1ra, majd ismerje meg szoftver\u00fcnket egy szem\u00e9lyre szabott \u00e9l\u0151 bemutat\u00f3 keret\u00e9ben.<\/p>\n\n\n\n<ul class=\"wp-block-list is-style-checklist-clean\">\n<li>Tisztas\u00e1g 15 perc alatt<\/li>\n\n\n\n<li>Csere szak\u00e9rt\u0151kkel<\/li>\n\n\n\n<li>Egy\u00e9nre szabott \u00e9l\u0151 bemutat\u00f3<\/li>\n<\/ul>\n\n\n\n<div class=\"wp-block-buttons mt-auto is-horizontal is-content-justification-left is-layout-flex wp-container-core-buttons-is-layout-c4719c80 wp-block-buttons-is-layout-flex\">\n<div class=\"wp-block-button has-custom-width wp-block-button__width-100 is-style-fill\"><a class=\"wp-block-button__link wp-element-button\" href=\"https:\/\/www.taktiq.de\/hu\/tapasztalat\/kezdeti-konzultacio-es-elo-bemutato\/\">Kezdeti konzult\u00e1ci\u00f3<\/a><\/div>\n<\/div>\n<\/div>\n<\/div>\n\n\n\n<div class=\"wp-block-column is-vertically-aligned-stretch is-layout-flow wp-block-column-is-layout-flow\">\n<div class=\"wp-block-group h-100 card-product has-border-color has-midgrey-border-color has-white-background-color has-background is-vertical is-layout-flex wp-container-core-group-is-layout-142ddb77 wp-block-group-is-layout-flex\" style=\"border-width:1px;border-radius:0.75rem;padding-top:var(--wp--preset--spacing--80);padding-right:var(--wp--preset--spacing--60);padding-bottom:var(--wp--preset--spacing--60);padding-left:var(--wp--preset--spacing--60)\">\n<figure class=\"wp-block-image size-full w-100 is-style-pulledout\" style=\"margin-right:var(--wp--preset--spacing--40);margin-left:var(--wp--preset--spacing--40)\"><img decoding=\"async\" src=\"https:\/\/www.taktiq.de\/wp-content\/uploads\/2025\/06\/taktiq-pilot-project.svg\" alt=\"\" class=\"wp-image-521\"\/><\/figure>\n\n\n\n<div class=\"wp-block-group has-lightgrey-background-color has-background is-horizontal is-content-justification-left is-nowrap is-layout-flex wp-container-core-group-is-layout-183914e5 wp-block-group-is-layout-flex\" style=\"padding-top:0;padding-right:var(--wp--preset--spacing--40);padding-bottom:0;padding-left:0\">\n<figure class=\"wp-block-image size-thumbnail is-resized\"><img loading=\"lazy\" decoding=\"async\" width=\"300\" height=\"300\" src=\"https:\/\/www.taktiq.de\/wp-content\/uploads\/2025\/07\/portrait-victor-kuepper-taktiq-300x300.jpg\" alt=\"\" class=\"wp-image-834\" style=\"aspect-ratio:1;object-fit:cover;width:50px\" srcset=\"https:\/\/www.taktiq.de\/wp-content\/uploads\/2025\/07\/portrait-victor-kuepper-taktiq-300x300.jpg 300w, https:\/\/www.taktiq.de\/wp-content\/uploads\/2025\/07\/portrait-victor-kuepper-taktiq-600x600.jpg 600w, https:\/\/www.taktiq.de\/wp-content\/uploads\/2025\/07\/portrait-victor-kuepper-taktiq-900x900.jpg 900w\" sizes=\"auto, (max-width: 300px) 100vw, 300px\" \/><\/figure>\n\n\n\n<p>Victor K\u00fcpperrel<\/p>\n<\/div>\n\n\n\n<h3 class=\"wp-block-heading\">K\u00eds\u00e9rleti projekt vagy k\u00f6vetelm\u00e9nyelemz\u00e9s<\/h3>\n\n\n\n<p>Tesztelje a TAKTIQ-ot k\u00f6zvetlen\u00fcl az \u00d6n termel\u00e9si k\u00f6rnyezet\u00e9ben egy szem\u00e9lyre szabott k\u00eds\u00e9rleti projekt vagy egy helysz\u00edni k\u00f6vetelm\u00e9nyelemz\u00e9s seg\u00edts\u00e9g\u00e9vel.<\/p>\n\n\n\n<ul class=\"wp-block-list is-style-checklist-clean\">\n<li>P\u00e1rhuzamos m\u0171k\u00f6d\u00e9s a jelenlegi rendszerrel<\/li>\n\n\n\n<li>Optimaliz\u00e1lt vizsg\u00e1lati ter\u00fclet<\/li>\n\n\n\n<li>Fit-gap elemz\u00e9s<\/li>\n\n\n\n<li>Testreszabott k\u00e9pz\u00e9s<\/li>\n\n\n\n<li>Szem\u00e9lyre szabott t\u00e1mogat\u00e1s<\/li>\n<\/ul>\n\n\n\n<div class=\"wp-block-buttons mt-auto is-layout-flex wp-block-buttons-is-layout-flex\">\n<div class=\"wp-block-button is-style-outline is-style-outline--2\"><a class=\"wp-block-button__link wp-element-button\" href=\"https:\/\/www.taktiq.de\/hu\/tapasztalat\/pilot\/\">Tan\u00e1csad\u00e1s k\u00e9r\u00e9se<\/a><\/div>\n<\/div>\n<\/div>\n<\/div>\n<\/div>\n<\/div>\n","protected":false},"excerpt":{"rendered":"<p>A fontos dokumentumok egy\u00e9rtelm\u0171en \u00f6sszefoglalt\u00e1k. Egyszer\u0171en t\u00f6ltse le, ossza meg csapat\u00e1val, \u00e9s haszn\u00e1lja a k\u00f6vetkez\u0151 d\u00f6nt\u00e9shez. <\/p>\n","protected":false},"author":1,"featured_media":2154,"parent":0,"menu_order":0,"comment_status":"closed","ping_status":"closed","template":"","meta":{"_acf_changed":false,"footnotes":""},"class_list":["post-2368","page","type-page","status-publish","has-post-thumbnail","hentry"],"acf":[],"_links":{"self":[{"href":"https:\/\/www.taktiq.de\/hu\/wp-json\/wp\/v2\/pages\/2368","targetHints":{"allow":["GET"]}}],"collection":[{"href":"https:\/\/www.taktiq.de\/hu\/wp-json\/wp\/v2\/pages"}],"about":[{"href":"https:\/\/www.taktiq.de\/hu\/wp-json\/wp\/v2\/types\/page"}],"author":[{"embeddable":true,"href":"https:\/\/www.taktiq.de\/hu\/wp-json\/wp\/v2\/users\/1"}],"replies":[{"embeddable":true,"href":"https:\/\/www.taktiq.de\/hu\/wp-json\/wp\/v2\/comments?post=2368"}],"version-history":[{"count":4,"href":"https:\/\/www.taktiq.de\/hu\/wp-json\/wp\/v2\/pages\/2368\/revisions"}],"predecessor-version":[{"id":4679,"href":"https:\/\/www.taktiq.de\/hu\/wp-json\/wp\/v2\/pages\/2368\/revisions\/4679"}],"wp:featuredmedia":[{"embeddable":true,"href":"https:\/\/www.taktiq.de\/hu\/wp-json\/wp\/v2\/media\/2154"}],"wp:attachment":[{"href":"https:\/\/www.taktiq.de\/hu\/wp-json\/wp\/v2\/media?parent=2368"}],"curies":[{"name":"wp","href":"https:\/\/api.w.org\/{rel}","templated":true}]}}