{"id":2388,"date":"2025-06-18T15:33:16","date_gmt":"2025-06-18T13:33:16","guid":{"rendered":"https:\/\/relaunch.taktiq.de\/tapasztalat\/"},"modified":"2025-08-11T14:11:56","modified_gmt":"2025-08-11T12:11:56","slug":"tapasztalat","status":"publish","type":"page","link":"https:\/\/www.taktiq.de\/hu\/tapasztalat\/","title":{"rendered":"Tapasztalat"},"content":{"rendered":"\n<div class=\"wp-block-group alignfull has-lightgrey-background-color has-background has-global-padding is-layout-constrained wp-block-group-is-layout-constrained\">\n<h2 class=\"wp-block-heading has-text-align-center\">Az \u00d6n k\u00f6vetkez\u0151 l\u00e9p\u00e9sei a TAKTIQ-val<\/h2>\n\n\n\n<p class=\"has-text-align-center\">Ismerje meg jobban a TAKTIQ-ot, \u00e9s tudja meg, hogyan emelheti a termel\u00e9s tervez\u00e9s\u00e9t a k\u00f6vetkez\u0151 szintre. V\u00e1lassza ki az \u00d6nnek legmegfelel\u0151bb utat. <\/p>\n\n\n\n<div style=\"height:1rem\" aria-hidden=\"true\" class=\"wp-block-spacer\"><\/div>\n\n\n\n<div class=\"wp-block-columns alignwide is-layout-flex wp-container-core-columns-is-layout-28f84493 wp-block-columns-is-layout-flex\">\n<div class=\"wp-block-column is-vertically-aligned-stretch is-layout-flow wp-block-column-is-layout-flow\">\n<div class=\"wp-block-group h-100 card-product has-border-color has-midgrey-border-color has-white-background-color has-background is-vertical is-layout-flex wp-container-core-group-is-layout-142ddb77 wp-block-group-is-layout-flex\" style=\"border-width:1px;border-radius:0.75rem;padding-top:var(--wp--preset--spacing--80);padding-right:var(--wp--preset--spacing--60);padding-bottom:var(--wp--preset--spacing--60);padding-left:var(--wp--preset--spacing--60)\">\n<figure class=\"wp-block-image size-full w-100 is-style-pulledout\" style=\"margin-right:var(--wp--preset--spacing--40);margin-left:var(--wp--preset--spacing--40)\"><img decoding=\"async\" src=\"https:\/\/www.taktiq.de\/wp-content\/uploads\/2025\/06\/taktiq-trial-truck.svg\" alt=\"\" class=\"wp-image-528\"\/><\/figure>\n\n\n\n<div class=\"wp-block-group has-lightgrey-background-color has-background is-horizontal is-content-justification-left is-nowrap is-layout-flex wp-container-core-group-is-layout-183914e5 wp-block-group-is-layout-flex\" style=\"padding-top:0;padding-right:var(--wp--preset--spacing--40);padding-bottom:0;padding-left:0\">\n<figure class=\"wp-block-image size-thumbnail is-resized\"><img loading=\"lazy\" decoding=\"async\" width=\"300\" height=\"300\" src=\"https:\/\/www.taktiq.de\/wp-content\/uploads\/2025\/07\/customer-happy-working-side-laptop-background-taktiq-300x300.jpg\" alt=\"\" class=\"wp-image-1260\" style=\"aspect-ratio:1;object-fit:cover;width:50px\" srcset=\"https:\/\/www.taktiq.de\/wp-content\/uploads\/2025\/07\/customer-happy-working-side-laptop-background-taktiq-300x300.jpg 300w, https:\/\/www.taktiq.de\/wp-content\/uploads\/2025\/07\/customer-happy-working-side-laptop-background-taktiq.jpg 600w\" sizes=\"auto, (max-width: 300px) 100vw, 300px\" \/><\/figure>\n\n\n\n<p>Csak a teszt<\/p>\n<\/div>\n\n\n\n<h3 class=\"wp-block-heading\">4 hetes pr\u00f3baverzi\u00f3<\/h3>\n\n\n\n<p>Tesztelje ingyenesen a TAKTIQ-ot, \u00e9s \u00e9rt\u00e9kelje saj\u00e1t maga, hogy a szoftver megfelel-e az \u00d6n ig\u00e9nyeinek.<\/p>\n\n\n\n<ul class=\"wp-block-list is-style-checklist-clean\">\n<li>Indul\u00e1s 5 perc m\u00falva<\/li>\n\n\n\n<li>Teljes k\u00f6r\u0171 funkci\u00f3k<\/li>\n\n\n\n<li>Nincs kock\u00e1zat<\/li>\n\n\n\n<li>Tapasztalja meg saj\u00e1t maga<\/li>\n<\/ul>\n\n\n\n<div class=\"wp-block-buttons mt-auto is-layout-flex wp-block-buttons-is-layout-flex\">\n<div class=\"wp-block-button is-style-outline is-style-outline--1\"><a class=\"wp-block-button__link wp-element-button\" href=\"https:\/\/www.taktiq.de\/hu\/tapasztalat\/teszt-verzio\/\">Tapasztalat most<\/a><\/div>\n<\/div>\n<\/div>\n<\/div>\n\n\n\n<div class=\"wp-block-column is-vertically-aligned-stretch is-layout-flow wp-block-column-is-layout-flow\">\n<div class=\"wp-block-group h-100 card-product has-border-color has-white-background-color has-background is-vertical is-layout-flex wp-container-core-group-is-layout-142ddb77 wp-block-group-is-layout-flex\" style=\"border-color:#6E6E6E;border-width:1px;border-radius:0.75rem;padding-top:var(--wp--preset--spacing--80);padding-right:var(--wp--preset--spacing--60);padding-bottom:var(--wp--preset--spacing--60);padding-left:var(--wp--preset--spacing--60)\">\n<figure class=\"wp-block-image size-full w-100 is-style-pulledout\" style=\"margin-right:var(--wp--preset--spacing--40);margin-left:var(--wp--preset--spacing--40)\"><img decoding=\"async\" src=\"https:\/\/www.taktiq.de\/wp-content\/uploads\/2025\/06\/taktiq-line-balancing-home-hero.svg\" alt=\"\" class=\"wp-image-514\"\/><\/figure>\n\n\n\n<div class=\"wp-block-group has-lightgrey-background-color has-background is-horizontal is-content-justification-left is-nowrap is-layout-flex wp-container-core-group-is-layout-183914e5 wp-block-group-is-layout-flex\" style=\"padding-top:0;padding-right:var(--wp--preset--spacing--40);padding-bottom:0;padding-left:0\">\n<figure class=\"wp-block-image size-thumbnail is-resized\"><img loading=\"lazy\" decoding=\"async\" width=\"300\" height=\"300\" src=\"https:\/\/www.taktiq.de\/wp-content\/uploads\/2025\/07\/employee-headset-explaining-smile-front-background-taktiq-300x300.jpg\" alt=\"\" class=\"wp-image-1261\" style=\"aspect-ratio:1;object-fit:cover;width:50px\" srcset=\"https:\/\/www.taktiq.de\/wp-content\/uploads\/2025\/07\/employee-headset-explaining-smile-front-background-taktiq-300x300.jpg 300w, https:\/\/www.taktiq.de\/wp-content\/uploads\/2025\/07\/employee-headset-explaining-smile-front-background-taktiq.jpg 600w\" sizes=\"auto, (max-width: 300px) 100vw, 300px\" \/><\/figure>\n\n\n\n<p>Kira Askevolddal<\/p>\n<\/div>\n\n\n\n<h3 class=\"wp-block-heading has-orange-color has-text-color has-link-color wp-elements-d3e9bee79ba0b438473bced0a85635a4\">Kezdeti konzult\u00e1ci\u00f3 \u00e9s \u00e9l\u0151 bemutat\u00f3<\/h3>\n\n\n\n<p>Tudja meg egy els\u0151 konzult\u00e1ci\u00f3 sor\u00e1n, hogy a TAKTIQ megfelel\u0151-e az \u00d6n sz\u00e1m\u00e1ra, majd ismerje meg szoftver\u00fcnket egy szem\u00e9lyre szabott \u00e9l\u0151 bemutat\u00f3 keret\u00e9ben.<\/p>\n\n\n\n<ul class=\"wp-block-list is-style-checklist-clean\">\n<li>Tisztas\u00e1g 15 perc alatt<\/li>\n\n\n\n<li>Csere szak\u00e9rt\u0151kkel<\/li>\n\n\n\n<li>Egy\u00e9nre szabott \u00e9l\u0151 bemutat\u00f3<\/li>\n<\/ul>\n\n\n\n<div class=\"wp-block-buttons mt-auto is-horizontal is-content-justification-left is-layout-flex wp-container-core-buttons-is-layout-c4719c80 wp-block-buttons-is-layout-flex\">\n<div class=\"wp-block-button has-custom-width wp-block-button__width-100 is-style-fill\"><a class=\"wp-block-button__link wp-element-button\" href=\"https:\/\/www.taktiq.de\/hu\/tapasztalat\/kezdeti-konzultacio-es-elo-bemutato\/\">Kezdeti konzult\u00e1ci\u00f3<\/a><\/div>\n<\/div>\n<\/div>\n<\/div>\n\n\n\n<div class=\"wp-block-column is-vertically-aligned-stretch is-layout-flow wp-block-column-is-layout-flow\">\n<div class=\"wp-block-group h-100 card-product has-border-color has-midgrey-border-color has-white-background-color has-background is-vertical is-layout-flex wp-container-core-group-is-layout-142ddb77 wp-block-group-is-layout-flex\" style=\"border-width:1px;border-radius:0.75rem;padding-top:var(--wp--preset--spacing--80);padding-right:var(--wp--preset--spacing--60);padding-bottom:var(--wp--preset--spacing--60);padding-left:var(--wp--preset--spacing--60)\">\n<figure class=\"wp-block-image size-full w-100 is-style-pulledout\" style=\"margin-right:var(--wp--preset--spacing--40);margin-left:var(--wp--preset--spacing--40)\"><img decoding=\"async\" src=\"https:\/\/www.taktiq.de\/wp-content\/uploads\/2025\/06\/taktiq-pilot-project.svg\" alt=\"\" class=\"wp-image-521\"\/><\/figure>\n\n\n\n<div class=\"wp-block-group has-lightgrey-background-color has-background is-horizontal is-content-justification-left is-nowrap is-layout-flex wp-container-core-group-is-layout-183914e5 wp-block-group-is-layout-flex\" style=\"padding-top:0;padding-right:var(--wp--preset--spacing--40);padding-bottom:0;padding-left:0\">\n<figure class=\"wp-block-image size-thumbnail is-resized\"><img loading=\"lazy\" decoding=\"async\" width=\"300\" height=\"300\" src=\"https:\/\/www.taktiq.de\/wp-content\/uploads\/2025\/07\/portrait-victor-kuepper-taktiq-300x300.jpg\" alt=\"\" class=\"wp-image-834\" style=\"aspect-ratio:1;object-fit:cover;width:50px\" srcset=\"https:\/\/www.taktiq.de\/wp-content\/uploads\/2025\/07\/portrait-victor-kuepper-taktiq-300x300.jpg 300w, https:\/\/www.taktiq.de\/wp-content\/uploads\/2025\/07\/portrait-victor-kuepper-taktiq-600x600.jpg 600w, https:\/\/www.taktiq.de\/wp-content\/uploads\/2025\/07\/portrait-victor-kuepper-taktiq-900x900.jpg 900w\" sizes=\"auto, (max-width: 300px) 100vw, 300px\" \/><\/figure>\n\n\n\n<p>Victor K\u00fcpperrel<\/p>\n<\/div>\n\n\n\n<h3 class=\"wp-block-heading\">K\u00eds\u00e9rleti projekt vagy k\u00f6vetelm\u00e9nyelemz\u00e9s<\/h3>\n\n\n\n<p>Tesztelje a TAKTIQ-ot k\u00f6zvetlen\u00fcl az \u00d6n termel\u00e9si k\u00f6rnyezet\u00e9ben egy szem\u00e9lyre szabott k\u00eds\u00e9rleti projekt vagy egy helysz\u00edni k\u00f6vetelm\u00e9nyelemz\u00e9s seg\u00edts\u00e9g\u00e9vel.<\/p>\n\n\n\n<ul class=\"wp-block-list is-style-checklist-clean\">\n<li>P\u00e1rhuzamos m\u0171k\u00f6d\u00e9s a jelenlegi rendszerrel<\/li>\n\n\n\n<li>Optimaliz\u00e1lt vizsg\u00e1lati ter\u00fclet<\/li>\n\n\n\n<li>Fit-gap elemz\u00e9s<\/li>\n\n\n\n<li>Testreszabott k\u00e9pz\u00e9s<\/li>\n\n\n\n<li>Szem\u00e9lyre szabott t\u00e1mogat\u00e1s<\/li>\n<\/ul>\n\n\n\n<div class=\"wp-block-buttons mt-auto is-layout-flex wp-block-buttons-is-layout-flex\">\n<div class=\"wp-block-button is-style-outline is-style-outline--2\"><a class=\"wp-block-button__link wp-element-button\" href=\"https:\/\/www.taktiq.de\/hu\/tapasztalat\/pilot\/\">Tan\u00e1csad\u00e1s k\u00e9r\u00e9se<\/a><\/div>\n<\/div>\n<\/div>\n<\/div>\n<\/div>\n<\/div>\n","protected":false},"excerpt":{"rendered":"<p>Ismerje meg jobban a TAKTIQ-ot, \u00e9s tudja meg, hogyan emelheti a termel\u00e9s tervez\u00e9s\u00e9t a k\u00f6vetkez\u0151 szintre.<\/p>\n","protected":false},"author":1,"featured_media":0,"parent":0,"menu_order":0,"comment_status":"closed","ping_status":"closed","template":"","meta":{"_acf_changed":false,"footnotes":""},"class_list":["post-2388","page","type-page","status-publish","hentry"],"acf":[],"_links":{"self":[{"href":"https:\/\/www.taktiq.de\/hu\/wp-json\/wp\/v2\/pages\/2388","targetHints":{"allow":["GET"]}}],"collection":[{"href":"https:\/\/www.taktiq.de\/hu\/wp-json\/wp\/v2\/pages"}],"about":[{"href":"https:\/\/www.taktiq.de\/hu\/wp-json\/wp\/v2\/types\/page"}],"author":[{"embeddable":true,"href":"https:\/\/www.taktiq.de\/hu\/wp-json\/wp\/v2\/users\/1"}],"replies":[{"embeddable":true,"href":"https:\/\/www.taktiq.de\/hu\/wp-json\/wp\/v2\/comments?post=2388"}],"version-history":[{"count":1,"href":"https:\/\/www.taktiq.de\/hu\/wp-json\/wp\/v2\/pages\/2388\/revisions"}],"predecessor-version":[{"id":2392,"href":"https:\/\/www.taktiq.de\/hu\/wp-json\/wp\/v2\/pages\/2388\/revisions\/2392"}],"wp:attachment":[{"href":"https:\/\/www.taktiq.de\/hu\/wp-json\/wp\/v2\/media?parent=2388"}],"curies":[{"name":"wp","href":"https:\/\/api.w.org\/{rel}","templated":true}]}}