{"id":2486,"date":"2025-06-12T16:39:15","date_gmt":"2025-06-12T14:39:15","guid":{"rendered":"https:\/\/relaunch.taktiq.de\/agilis-fejlesztes\/"},"modified":"2025-08-11T14:16:07","modified_gmt":"2025-08-11T12:16:07","slug":"agilis-fejlesztes","status":"publish","type":"page","link":"https:\/\/www.taktiq.de\/hu\/agilis-fejlesztes\/","title":{"rendered":"Agilis fejleszt\u00e9s"},"content":{"rendered":"\n<div class=\"wp-block-group alignfull has-global-padding is-layout-constrained wp-block-group-is-layout-constrained\">\n<div class=\"wp-block-columns alignwide are-vertically-aligned-center is-layout-flex wp-container-core-columns-is-layout-28f84493 wp-block-columns-is-layout-flex\">\n<div class=\"wp-block-column is-vertically-aligned-center is-layout-flow wp-block-column-is-layout-flow\">\n<h1 class=\"wp-block-heading\"><mark style=\"background-color:rgba(0, 0, 0, 0)\" class=\"has-inline-color has-orange-color\">Folyamatos tov\u00e1bbfejleszt\u00e9s<\/mark> &#8211; A legjobb megold\u00e1s a szinkroniz\u00e1l\u00e1shoz a t\u00f6bbv\u00e1ltoz\u00f3s \u00e1raml\u00e1si sorokban<\/h1>\n\n\n\n<p class=\"has-intro-font-size\">Az \u00f6sszeszerel\u00e9s tervez\u00e9s\u00e9vel kapcsolatos kih\u00edv\u00e1sok folyamatosan n\u0151nek &#8211; \u00e9s mi is vel\u00fck egy\u00fctt n\u00f6veksz\u00fcnk. Agilis fejleszt\u00e9si megk\u00f6zel\u00edt\u00e9s\u00fcnk nemcsak az innov\u00e1ci\u00f3 \u00e9lvonal\u00e1ban tart benn\u00fcnket, hanem el\u0151re is viszi azt. <\/p>\n\n\n\n<div class=\"wp-block-buttons is-layout-flex wp-block-buttons-is-layout-flex\">\n<div class=\"wp-block-button\"><a class=\"wp-block-button__link wp-element-button\" href=\"https:\/\/www.taktiq.de\/hu\/tapasztalat\/\">Tapasztalat most<\/a><\/div>\n\n\n\n<div class=\"wp-block-button is-style-outline is-style-outline--1\"><a class=\"wp-block-button__link wp-element-button\" href=\"https:\/\/www.taktiq.de\/hu\/kiadvanyok\/\">Kiadv\u00e1nyok<\/a><\/div>\n<\/div>\n<\/div>\n\n\n\n<div class=\"wp-block-column is-vertically-aligned-center is-layout-flow wp-block-column-is-layout-flow\">\t<div  class=\"wp-block-illustration  \">\n\n\t\t<div class=\"card card-illustration bg-transparent card-alignment- border-0\" data-alt=\"478\">\n\t\t\t<img loading=\"lazy\" decoding=\"async\" width=\"1\" height=\"1\" src=\"https:\/\/www.taktiq.de\/wp-content\/uploads\/2025\/06\/taktiq-agile-development-dialogue.svg\" class=\"card-img h-auto\" alt=\"\" style=\"max-width: 100%\" \/>\t\t\t\n\t\t\t\n\t\t\t\n\t\t\t\t\n\t\t\t\t\t\n\t\t\t\t\t<div class=\"card-img-overlay p-0\">\t\t\t\t\t\n\t\t\t\t\t\t<div class=\"d-flex illustration-positioning align-items-center justify-content-start h-100\">\n\t\t\t\t\t\t\t<div class=\"illustration-wrapper position-relative aspect-ratio aspect-ratio-1-1\" style=\"max-width: 20%\">\n\t\t\t\t\t\t\t\t<div class=\"illustration-background position-absolute bottom-0 d-flex object-fit-cover border-start border-5 border-primary w-100\">\n\t\t\t\t\t\t\t\t\t<img loading=\"lazy\" decoding=\"async\" width=\"300\" height=\"300\" src=\"https:\/\/www.taktiq.de\/wp-content\/uploads\/2025\/06\/background-customer-production-300x300.jpg\" class=\"card-img h-auto\" alt=\"\" \/>\t\t\t\t\t\t\t\t<\/div>\n\t\t\t\t\t\t\t\t<div class=\"illustration-portrait position-absolute d-flex object-fit-cover h-100\">\t\t\t\t\t\t\n\t\t\t\t\t\t\t\t\t<img loading=\"lazy\" decoding=\"async\" width=\"300\" height=\"300\" src=\"https:\/\/www.taktiq.de\/wp-content\/uploads\/2025\/06\/customer-thinking-front-taktiq-300x300.png\" class=\"card-img h-auto\" alt=\"\" srcset=\"https:\/\/www.taktiq.de\/wp-content\/uploads\/2025\/06\/customer-thinking-front-taktiq-300x300.png 300w, https:\/\/www.taktiq.de\/wp-content\/uploads\/2025\/06\/customer-thinking-front-taktiq-600x600.png 600w, https:\/\/www.taktiq.de\/wp-content\/uploads\/2025\/06\/customer-thinking-front-taktiq-900x900.png 900w\" sizes=\"auto, (max-width: 300px) 100vw, 300px\" \/>\t\t\t\t\t\t\t\t<\/div>\n\t\t\t\t\t\t\t<\/div>\n\t\t\t\t\t\t<\/div>\n\t\t\t\t\t<\/div>\n\t\t\t\t\n\t\t\t\t\t\n\t\t\t\t\t<div class=\"card-img-overlay p-0\">\t\t\t\t\t\n\t\t\t\t\t\t<div class=\"d-flex illustration-positioning align-items-end justify-content-end h-100\">\n\t\t\t\t\t\t\t<div class=\"illustration-wrapper position-relative aspect-ratio aspect-ratio-1-1\" style=\"max-width: 20%\">\n\t\t\t\t\t\t\t\t<div class=\"illustration-background position-absolute bottom-0 d-flex object-fit-cover border-start border-5 border-primary w-100\">\n\t\t\t\t\t\t\t\t\t<img loading=\"lazy\" decoding=\"async\" width=\"300\" height=\"300\" src=\"https:\/\/www.taktiq.de\/wp-content\/uploads\/2025\/06\/background-taktiq-lounge-300x300.jpg\" class=\"card-img h-auto\" alt=\"\" \/>\t\t\t\t\t\t\t\t<\/div>\n\t\t\t\t\t\t\t\t<div class=\"illustration-portrait position-absolute d-flex object-fit-cover h-100\">\t\t\t\t\t\t\n\t\t\t\t\t\t\t\t\t<img loading=\"lazy\" decoding=\"async\" width=\"300\" height=\"300\" src=\"https:\/\/www.taktiq.de\/wp-content\/uploads\/2025\/06\/employee-headset-explaining-smile-front-taktiq-300x300.png\" class=\"card-img h-auto\" alt=\"\" srcset=\"https:\/\/www.taktiq.de\/wp-content\/uploads\/2025\/06\/employee-headset-explaining-smile-front-taktiq-300x300.png 300w, https:\/\/www.taktiq.de\/wp-content\/uploads\/2025\/06\/employee-headset-explaining-smile-front-taktiq-600x600.png 600w, https:\/\/www.taktiq.de\/wp-content\/uploads\/2025\/06\/employee-headset-explaining-smile-front-taktiq-900x900.png 900w\" sizes=\"auto, (max-width: 300px) 100vw, 300px\" \/>\t\t\t\t\t\t\t\t<\/div>\n\t\t\t\t\t\t\t<\/div>\n\t\t\t\t\t\t<\/div>\n\t\t\t\t\t<\/div>\n\t\t\t\t\t\t\t\n\t\t\t\n\t\t<\/div>\t\n\n\t<\/div>\n<\/div>\n<\/div>\n<\/div>\n\n<div class=\"wp-block-group alignfull has-global-padding is-layout-constrained wp-block-group-is-layout-constrained\">\n<div class=\"wp-block-columns alignwide are-vertically-aligned-center is-layout-flex wp-container-core-columns-is-layout-28f84493 wp-block-columns-is-layout-flex\">\n<div class=\"wp-block-column is-vertically-aligned-center is-layout-flow wp-block-column-is-layout-flow\">\t<div  class=\"wp-block-illustration  \">\n\n\t\t<div class=\"card card-illustration bg-transparent card-alignment-start border-0\" data-alt=\"479\">\n\t\t\t<img loading=\"lazy\" decoding=\"async\" width=\"1\" height=\"1\" src=\"https:\/\/www.taktiq.de\/wp-content\/uploads\/2025\/06\/taktiq-agile-development-ideas-benefits.svg\" class=\"card-img h-auto\" alt=\"\" style=\"max-width: 100%\" \/>\t\t\t\n\t\t\t\n\t\t\t\t\t\t\t\n\t\t\t\n\t\t\t\t<div class=\"card-img-overlay p-0\">\t\t\t\t\t\n\t\t\t\t\t<div class=\"d-flex illustration-positioning align-items-end justify-content-start h-100\">\n\t\t\t\t\t\t<div class=\"illustration-wrapper position-relative aspect-ratio aspect-ratio-1-1\">\n\t\t\t\t\t\t\t<div class=\"illustration-background position-absolute bottom-0 d-flex object-fit-cover border-start border-5 border-primary w-100\">\n\t\t\t\t\t\t\t\t<img loading=\"lazy\" decoding=\"async\" width=\"300\" height=\"300\" src=\"https:\/\/www.taktiq.de\/wp-content\/uploads\/2025\/06\/background-customer-production-300x300.jpg\" class=\"card-img h-auto\" alt=\"\" \/>\t\t\t\t\t\t\t<\/div>\n\t\t\t\t\t\t\t<div class=\"illustration-portrait position-absolute d-flex object-fit-cover h-100\">\t\t\t\t\t\t\n\t\t\t\t\t\t\t\t<img loading=\"lazy\" decoding=\"async\" width=\"300\" height=\"300\" src=\"https:\/\/www.taktiq.de\/wp-content\/uploads\/2025\/06\/customer-happy-thumbs-up-side-taktiq-300x300.png\" class=\"card-img h-auto\" alt=\"\" srcset=\"https:\/\/www.taktiq.de\/wp-content\/uploads\/2025\/06\/customer-happy-thumbs-up-side-taktiq-300x300.png 300w, https:\/\/www.taktiq.de\/wp-content\/uploads\/2025\/06\/customer-happy-thumbs-up-side-taktiq-600x600.png 600w, https:\/\/www.taktiq.de\/wp-content\/uploads\/2025\/06\/customer-happy-thumbs-up-side-taktiq-900x900.png 900w\" sizes=\"auto, (max-width: 300px) 100vw, 300px\" \/>\t\t\t\t\t\t\t<\/div>\n\t\t\t\t\t\t<\/div>\n\t\t\t\t\t<\/div>\n\t\t\t\t<\/div>\n\n\t\t\t\n\t\t<\/div>\t\n\n\t<\/div>\n<\/div>\n\n\n\n<div class=\"wp-block-column is-vertically-aligned-center is-layout-flow wp-block-column-is-layout-flow\">\n<div class=\"wp-block-group has-global-padding is-layout-constrained wp-container-core-group-is-layout-c3d0faaf wp-block-group-is-layout-constrained\" style=\"padding-top:0;padding-right:0;padding-bottom:0;padding-left:0\">\n<h2 class=\"wp-block-heading has-orange-color has-text-color has-link-color has-h-5-font-size wp-elements-a743e15dabc34525d5904f9c02c35ef9\" style=\"font-style:normal;font-weight:300\">Az \u00d6n szavazata sz\u00e1m\u00edt<\/h2>\n\n\n\n<p class=\"has-h-2-font-size\">A szoftver tervez\u00e9se<\/p>\n<\/div>\n\n\n\n<p>Nagy jelent\u0151s\u00e9get tulajdon\u00edtunk az \u00fcgyfeleinkkel folytatott szoros \u00e9s rendszeres p\u00e1rbesz\u00e9dnek. \u00cdgy a TAKTIQ egy\u00fctt fejl\u0151dik \u00fcgyfeleinkkel, hogy azok minden kih\u00edv\u00e1sra felk\u00e9sz\u00fcljenek. <\/p>\n\n\n\n<ul class=\"wp-block-list is-style-checklist-clean\">\n<li>Egyedi fejleszt\u00e9si meg\u00e1llapod\u00e1sok lehets\u00e9gesek<\/li>\n\n\n\n<li>M\u00e1s \u00fcgyfelek fejleszt\u00e9seib\u0151l sz\u00e1rmaz\u00f3 el\u0151ny\u00f6k kihaszn\u00e1l\u00e1sa<\/li>\n\n\n\n<li>R\u00f6vid \u00fat a fejl\u0151d\u00e9shez<\/li>\n<\/ul>\n\n\n\n<div class=\"wp-block-buttons is-layout-flex wp-block-buttons-is-layout-flex\">\n<div class=\"wp-block-button is-style-outline is-style-outline--2\"><a class=\"wp-block-button__link wp-element-button\" href=\"https:\/\/www.taktiq.de\/hu\/testreszabasi-lehetosegek\/\">t\u00f6bbet megtudni<\/a><\/div>\n<\/div>\n<\/div>\n<\/div>\n<\/div>\n\n<div class=\"wp-block-group alignfull has-global-padding is-layout-constrained wp-block-group-is-layout-constrained\">\n<div class=\"wp-block-columns alignwide are-vertically-aligned-center is-style-framed is-layout-flex wp-container-core-columns-is-layout-28f84493 wp-block-columns-is-layout-flex\">\n<div class=\"wp-block-column is-vertically-aligned-center is-layout-flow wp-block-column-is-layout-flow\" style=\"padding-right:var(--wp--preset--spacing--60);padding-left:var(--wp--preset--spacing--60);flex-basis:50%\">\n<h2 class=\"wp-block-heading\">Folyamatos fejleszt\u00e9s<\/h2>\n\n\n\n<p>Szoftver\u00fcnket folyamatosan fejlesztj\u00fck \u00e9s jav\u00edtjuk. Annak \u00e9rdek\u00e9ben, hogy \u00fcgyfeleink sz\u00e1m\u00e1ra a szoftver maxim\u00e1lis stabilit\u00e1s\u00e1t biztos\u00edtsuk, minden egyes kiad\u00e1st alaposan tesztel\u00fcnk, \u00e9s \u00fcgyfeleink sz\u00e1m\u00e1ra is el\u00e9rhet\u0151v\u00e9 tessz\u00fck tesztel\u00e9sre. <\/p>\n\n\n\n<div class=\"wp-block-buttons is-layout-flex wp-block-buttons-is-layout-flex\">\n<div class=\"wp-block-button is-style-outline is-style-outline--3\"><a class=\"wp-block-button__link wp-element-button\" href=\"https:\/\/www.taktiq.de\/hu\/kiadvanyok\/\">Fedezze fel a kiad\u00e1sokat<\/a><\/div>\n<\/div>\n<\/div>\n\n\n\n<div class=\"wp-block-column is-vertically-aligned-center is-layout-flow wp-block-column-is-layout-flow\">\n<div class=\"wp-block-group has-global-padding is-layout-constrained wp-container-core-group-is-layout-daeba0bf wp-block-group-is-layout-constrained\" style=\"padding-top:0;padding-bottom:0\">\n<figure class=\"wp-block-image aligncenter size-full is-resized\"><img decoding=\"async\" src=\"https:\/\/www.taktiq.de\/wp-content\/uploads\/2025\/06\/taktiq-benefit-calendar.svg\" alt=\"\" class=\"wp-image-481\" style=\"width:auto;height:120px\"\/><\/figure>\n\n\n\n<p class=\"has-text-align-center\">Rugalmas friss\u00edt\u00e9si id\u0151k\u00f6z\u00f6k<\/p>\n<\/div>\n<\/div>\n\n\n\n<div class=\"wp-block-column is-vertically-aligned-center is-layout-flow wp-block-column-is-layout-flow\">\n<div class=\"wp-block-group has-global-padding is-layout-constrained wp-container-core-group-is-layout-daeba0bf wp-block-group-is-layout-constrained\" style=\"padding-top:0;padding-bottom:0\">\n<figure class=\"wp-block-image aligncenter size-full is-resized\"><img decoding=\"async\" src=\"https:\/\/www.taktiq.de\/wp-content\/uploads\/2025\/06\/taktiq-benefit-first-place.svg\" alt=\"\" class=\"wp-image-485\" style=\"width:auto;height:120px\"\/><\/figure>\n\n\n\n<p class=\"has-text-align-center\">Mindig naprak\u00e9sz a leg\u00fajabb technol\u00f3gi\u00e1kkal<\/p>\n<\/div>\n<\/div>\n<\/div>\n<\/div>\n\n<div class=\"wp-block-group alignfull has-lightgrey-background-color has-background has-global-padding is-layout-constrained wp-block-group-is-layout-constrained\">\n<div class=\"wp-block-columns alignwide are-vertically-aligned-center is-layout-flex wp-container-core-columns-is-layout-28f84493 wp-block-columns-is-layout-flex\">\n<div class=\"wp-block-column is-vertically-aligned-center is-layout-flow wp-block-column-is-layout-flow\">\n<div class=\"wp-block-group is-horizontal is-content-justification-center is-nowrap is-layout-flex wp-container-core-group-is-layout-d989b447 wp-block-group-is-layout-flex\">\n<figure class=\"wp-block-image size-full is-resized\"><img loading=\"lazy\" decoding=\"async\" width=\"711\" height=\"325\" src=\"https:\/\/www.taktiq.de\/wp-content\/uploads\/2025\/07\/fhdw.png\" alt=\"\" class=\"wp-image-743\" style=\"width:auto;height:125px\"\/><\/figure>\n\n\n\n<figure class=\"wp-block-image size-full is-resized\"><img decoding=\"async\" src=\"https:\/\/www.taktiq.de\/wp-content\/uploads\/2025\/07\/bsfz-siegel.svg\" alt=\"\" class=\"wp-image-741\" style=\"width:auto;height:200px\"\/><\/figure>\n<\/div>\n<\/div>\n\n\n\n<div class=\"wp-block-column is-vertically-aligned-center is-layout-flow wp-block-column-is-layout-flow\">\n<h2 class=\"wp-block-heading\">Befektet\u00fcnk a j\u00f6v\u0151be<\/h2>\n\n\n\n<p>T\u00e1mogatjuk a fiatal tehets\u00e9geket \u00e9s befektet\u00fcnk a kutat\u00e1sba. \u00cdgy mozd\u00edtjuk el\u0151 akt\u00edvan az innov\u00e1ci\u00f3t a gy\u00e1rt\u00e1stervez\u00e9sben. <\/p>\n\n\n\n<ul class=\"wp-block-list is-style-checklist-clean\">\n<li>Hat\u00e9kony \u00e9s el\u0151remutat\u00f3 algoritmusok<\/li>\n\n\n\n<li>\u00datt\u00f6r\u0151 a mesters\u00e9ges intelligenci\u00e1ban a gy\u00e1rt\u00e1stervez\u00e9sben<\/li>\n<\/ul>\n<\/div>\n<\/div>\n<\/div>\n\n<div class=\"wp-block-group alignfull has-global-padding is-layout-constrained wp-block-group-is-layout-constrained\">\n<div class=\"wp-block-columns alignwide are-vertically-aligned-center is-layout-flex wp-container-core-columns-is-layout-28f84493 wp-block-columns-is-layout-flex\">\n<div class=\"wp-block-column is-vertically-aligned-center is-layout-flow wp-block-column-is-layout-flow\">\n<h2 class=\"wp-block-heading\">Mi \u00fajs\u00e1g?<\/h2>\n\n\n\n<p>Betekint\u00e9st nyerhet leg\u00fajabb kiad\u00e1sainkba, valamint a kapcsol\u00f3d\u00f3 optimaliz\u00e1ci\u00f3kba \u00e9s \u00faj funkci\u00f3kba. Vagy iratkozzon fel h\u00edrlevel\u00fcnkre, hogy \u00e9rtes\u00fclj\u00f6n a j\u00f6v\u0151beli fejleszt\u00e9sekr\u0151l. <\/p>\n\n\n\n<div class=\"wp-block-buttons is-layout-flex wp-block-buttons-is-layout-flex\">\n<div class=\"wp-block-button is-style-fill\"><a class=\"wp-block-button__link wp-element-button\" href=\"https:\/\/www.taktiq.de\/hu\/kiadvanyok\/\">Fedezze fel a kiad\u00e1sokat<\/a><\/div>\n<\/div>\n<\/div>\n\n\n\n<div class=\"wp-block-column is-vertically-aligned-center is-layout-flow wp-block-column-is-layout-flow\">\t<div  class=\"wp-block-illustration  \">\n\n\t\t<div class=\"card card-illustration bg-transparent card-alignment-end border-0\" data-alt=\"501\">\n\t\t\t<img loading=\"lazy\" decoding=\"async\" width=\"1\" height=\"1\" src=\"https:\/\/www.taktiq.de\/wp-content\/uploads\/2025\/06\/taktiq-downloads.svg\" class=\"card-img h-auto\" alt=\"\" style=\"max-width: \" \/>\t\t\t\n\t\t\t\n\t\t\t\t\t\t\t\n\t\t\t\n\t\t\t\t<div class=\"card-img-overlay p-0\">\t\t\t\t\t\n\t\t\t\t\t<div class=\"d-flex illustration-positioning align-items-end justify-content-end h-100\">\n\t\t\t\t\t\t<div class=\"illustration-wrapper position-relative aspect-ratio aspect-ratio-1-1\">\n\t\t\t\t\t\t\t<div class=\"illustration-background position-absolute bottom-0 d-flex object-fit-cover border-start border-5 border-primary w-100\">\n\t\t\t\t\t\t\t\t<img loading=\"lazy\" decoding=\"async\" width=\"300\" height=\"300\" src=\"https:\/\/www.taktiq.de\/wp-content\/uploads\/2025\/06\/background-customer-production-300x300.jpg\" class=\"card-img h-auto\" alt=\"\" \/>\t\t\t\t\t\t\t<\/div>\n\t\t\t\t\t\t\t<div class=\"illustration-portrait position-absolute d-flex object-fit-cover h-100\">\t\t\t\t\t\t\n\t\t\t\t\t\t\t\t<img loading=\"lazy\" decoding=\"async\" width=\"300\" height=\"300\" src=\"https:\/\/www.taktiq.de\/wp-content\/uploads\/2025\/06\/customer-happy-thumbs-up-side-laptop-taktiq-300x300.png\" class=\"card-img h-auto\" alt=\"\" srcset=\"https:\/\/www.taktiq.de\/wp-content\/uploads\/2025\/06\/customer-happy-thumbs-up-side-laptop-taktiq-300x300.png 300w, https:\/\/www.taktiq.de\/wp-content\/uploads\/2025\/06\/customer-happy-thumbs-up-side-laptop-taktiq-600x600.png 600w, https:\/\/www.taktiq.de\/wp-content\/uploads\/2025\/06\/customer-happy-thumbs-up-side-laptop-taktiq-900x900.png 900w\" sizes=\"auto, (max-width: 300px) 100vw, 300px\" \/>\t\t\t\t\t\t\t<\/div>\n\t\t\t\t\t\t<\/div>\n\t\t\t\t\t<\/div>\n\t\t\t\t<\/div>\n\n\t\t\t\n\t\t<\/div>\t\n\n\t<\/div>\n<\/div>\n<\/div>\n<\/div>\n\n<div class=\"wp-block-group alignwide is-style-framed has-white-background-color has-background has-global-padding is-layout-constrained wp-container-core-group-is-layout-da4f2bcd wp-block-group-is-layout-constrained\" style=\"padding-top:var(--wp--preset--spacing--60);padding-right:var(--wp--preset--spacing--60);padding-bottom:var(--wp--preset--spacing--60);padding-left:var(--wp--preset--spacing--60)\">\n<div class=\"wp-block-columns alignwide are-vertically-aligned-center is-layout-flex wp-container-core-columns-is-layout-28f84493 wp-block-columns-is-layout-flex\">\n<div class=\"wp-block-column is-vertically-aligned-center is-layout-flow wp-block-column-is-layout-flow\">\n<p class=\"has-h-2-font-size\">Maradjon naprak\u00e9sz<\/p>\n\n\n\n<p>Kapjon \u00e9rt\u00e9kes betekint\u00e9st, exkluz\u00edv friss\u00edt\u00e9seket \u00e9s gyakorlati tippeket egyenesen a postal\u00e1d\u00e1j\u00e1ba.<\/p>\n\n\n\n<ul class=\"wp-block-list is-style-checklist-clean\">\n<li>\u00daj funkci\u00f3k megismer\u00e9se<\/li>\n\n\n\n<li>Optimaliz\u00e1lja a gy\u00e1rt\u00e1stervez\u00e9st<\/li>\n\n\n\n<li>A mindennapi \u00e9let megk\u00f6nny\u00edt\u00e9se<\/li>\n<\/ul>\n<\/div>\n\n\n\n<div class=\"wp-block-column is-vertically-aligned-center is-layout-flow wp-block-column-is-layout-flow\">\n<script src=\"https:\/\/js-eu1.hsforms.net\/forms\/embed\/developer\/147363348.js\" defer><\/script>\n<div class=\"hs-form-html\" data-region=\"eu1\" data-form-id=\"b172bf98-9bf2-4dc9-9313-b06d8da89c25\" data-portal-id=\"147363348\"><\/div>\n<\/div>\n<\/div>\n<\/div>\n\n<div class=\"wp-block-group alignfull has-global-padding is-layout-constrained wp-block-group-is-layout-constrained\">\n<div class=\"wp-block-columns alignwide are-vertically-aligned-center is-layout-flex wp-container-core-columns-is-layout-28f84493 wp-block-columns-is-layout-flex\">\n<div class=\"wp-block-column is-vertically-aligned-center is-layout-flow wp-block-column-is-layout-flow\">\n<p class=\"has-text-align-left has-h-2-font-size\">Ez is \u00e9rdekelheti \u00d6nt<\/p>\n\n\n\n<p>Egy r\u00f6vid kezdeti konzult\u00e1ci\u00f3 sor\u00e1n megtudhatja, hogy szoftver\u00fcnk megfelel\u0151-e az \u00d6n sz\u00e1m\u00e1ra. Vagy tudjon meg t\u00f6bbet a TAKTIQ k\u00fcl\u00f6nb\u00f6z\u0151 testreszab\u00e1si lehet\u0151s\u00e9geir\u0151l \u00e9s arr\u00f3l, hogy milyen el\u0151ny\u00f6kkel j\u00e1rhatnak ezek. <\/p>\n<\/div>\n\n\n\n<div class=\"wp-block-column is-vertically-aligned-center is-layout-flow wp-block-column-is-layout-flow\">\n<div  class=\"wp-block-teaser  \">\t\n\t\n\t\n\t<div class=\"card card-teaser rounded h-100\">\n\t\t\t\t<div class=\"card-body p-3 p-lg-4 p-xxl-5\">\n\t\t\t\t\t\t<a href=\"https:\/\/www.taktiq.de\/hu\/tapasztalat\/\" class=\"card-title d-block stretched-link text-decoration-none my-2 fw-semibold fs-5\">Tapasztalat<\/a>\n\t\t\t<p class=\"card-text hyphens m-0 p-0\">\n\t\t\t\tIsmerje meg jobban a TAKTIQ-ot, \u00e9s tudja meg, hogyan emelheti a termel\u00e9s tervez\u00e9s\u00e9t a k\u00f6vetkez\u0151 szintre.\t\t\t<\/p>\n\t\t\t<a href=\"https:\/\/www.taktiq.de\/hu\/tapasztalat\/\" class=\"btn btn-outline-primary btn-sm mt-3\">Tudjon meg t\u00f6bbet<\/a>\n\t\t<\/div>\n\t\t\t\t\n\t<\/div>\n<\/div>\n\n\n\n\n<div  class=\"wp-block-teaser  \">\t\n\t\n\t\n\t<div class=\"card card-teaser rounded h-100\">\n\t\t\t\t\t<div class=\"card-body p-3 p-lg-4 p-xxl-5\">\n\t\t\t\t<div class=\"row align-items-center\">\n\t\t\t\t\t<div class=\"col-md-7 order-2 order-md-1\">\t\t\t\t\t\n\t\t\t\t\t\t\t\t\t\t\t\t<a href=\"https:\/\/www.taktiq.de\/hu\/testreszabasi-lehetosegek\/\" class=\"card-title d-block stretched-link text-decoration-none my-2 fw-semibold fs-5\">Testreszab\u00e1si lehet\u0151s\u00e9gek<\/a>\n\t\t\t\t\t\t<p class=\"card-text hyphens m-0 p-0\">\n\t\t\t\t\t\t\tA term\u00e9kfejleszt\u00e9si meg\u00e1llapod\u00e1s \u00e9s egy\u00e9b testreszab\u00e1si lehet\u0151s\u00e9gek r\u00e9v\u00e9n lehet\u0151v\u00e9 tessz\u00fck, hogy a TAKTIQ egy\u00fctt n\u00f6vekedjen \u00d6nnel.\t\t\t\t\t\t<\/p>\n\t\t\t\t\t\t<a href=\"https:\/\/www.taktiq.de\/hu\/testreszabasi-lehetosegek\/\" class=\"btn btn-outline-primary btn-sm mt-3\">Tudjon meg t\u00f6bbet<\/a>\n\t\t\t\t\t<\/div>\n\t\t\t\t\t<div class=\"col-md-5 order-1 order-md-2\">\n\t\t\t\t\t\t<img loading=\"lazy\" decoding=\"async\" width=\"1\" height=\"1\" src=\"https:\/\/www.taktiq.de\/wp-content\/uploads\/2025\/06\/taktiq-agile-development-ideas-benefits.svg\" class=\"card-img-top h-auto wp-post-image\" alt=\"\" \/>\t\t\t\t\t<\/div>\n\t\t\t\t<\/div>\t\n\t\t\t<\/div>\t\t\n\t\t\t\t\n\t<\/div>\n<\/div>\n\n<\/div>\n<\/div>\n<\/div>\n","protected":false},"excerpt":{"rendered":"<p>Agilis fejleszt\u00e9si megk\u00f6zel\u00edt\u00e9s\u00fcnk nemcsak az innov\u00e1ci\u00f3 \u00e9lvonal\u00e1ban tart benn\u00fcnket, hanem el\u0151re is viszi azt.<\/p>\n","protected":false},"author":1,"featured_media":2489,"parent":0,"menu_order":0,"comment_status":"closed","ping_status":"closed","template":"","meta":{"_acf_changed":false,"footnotes":""},"class_list":["post-2486","page","type-page","status-publish","has-post-thumbnail","hentry"],"acf":[],"_links":{"self":[{"href":"https:\/\/www.taktiq.de\/hu\/wp-json\/wp\/v2\/pages\/2486","targetHints":{"allow":["GET"]}}],"collection":[{"href":"https:\/\/www.taktiq.de\/hu\/wp-json\/wp\/v2\/pages"}],"about":[{"href":"https:\/\/www.taktiq.de\/hu\/wp-json\/wp\/v2\/types\/page"}],"author":[{"embeddable":true,"href":"https:\/\/www.taktiq.de\/hu\/wp-json\/wp\/v2\/users\/1"}],"replies":[{"embeddable":true,"href":"https:\/\/www.taktiq.de\/hu\/wp-json\/wp\/v2\/comments?post=2486"}],"version-history":[{"count":2,"href":"https:\/\/www.taktiq.de\/hu\/wp-json\/wp\/v2\/pages\/2486\/revisions"}],"predecessor-version":[{"id":2497,"href":"https:\/\/www.taktiq.de\/hu\/wp-json\/wp\/v2\/pages\/2486\/revisions\/2497"}],"wp:featuredmedia":[{"embeddable":true,"href":"https:\/\/www.taktiq.de\/hu\/wp-json\/wp\/v2\/media\/2489"}],"wp:attachment":[{"href":"https:\/\/www.taktiq.de\/hu\/wp-json\/wp\/v2\/media?parent=2486"}],"curies":[{"name":"wp","href":"https:\/\/api.w.org\/{rel}","templated":true}]}}