{"id":3192,"date":"2025-05-07T16:29:11","date_gmt":"2025-05-07T14:29:11","guid":{"rendered":"https:\/\/relaunch.taktiq.de\/impresszum\/"},"modified":"2025-09-01T16:43:37","modified_gmt":"2025-09-01T14:43:37","slug":"impresszum","status":"publish","type":"page","link":"https:\/\/www.taktiq.de\/hu\/impresszum\/","title":{"rendered":"Impresszum"},"content":{"rendered":"\n<div class=\"wp-block-group alignwide is-layout-flow wp-block-group-is-layout-flow\"><h1 class=\"wp-block-post-title\">Impresszum<\/h1>\n\n\n<div class=\"wp-block-columns is-layout-flex wp-container-core-columns-is-layout-28f84493 wp-block-columns-is-layout-flex\">\n<div class=\"wp-block-column is-layout-flow wp-block-column-is-layout-flow\">\n<p><strong>TAKTIQ GmbH &amp; Co KG<br\/><\/strong>Am Hoppenhof 32<br\/>33104 Paderborn<\/p>\n\n\n\n<p>Kereskedelmi nyilv\u00e1ntart\u00e1s: HRA 5901<br\/>Nyilv\u00e1ntart\u00f3 b\u00edr\u00f3s\u00e1g: Paderborni Helyi B\u00edr\u00f3s\u00e1g<\/p>\n\n\n\n<p><strong>K\u00e9pviseli:<\/strong><br\/>TAKTIQ Verwaltungsgesellschaft mbH<\/p>\n\n\n\n<p>K\u00e9pviseli:<br\/>Dr. Simon Altemeier, Dr. Christoph Danne<\/p>\n\n\n\n<p>Kereskedelmi nyilv\u00e1ntart\u00e1s: HRB 9724<br\/>Nyilv\u00e1ntart\u00f3 b\u00edr\u00f3s\u00e1g: Paderborni Helyi B\u00edr\u00f3s\u00e1g<\/p>\n<\/div>\n\n\n\n<div class=\"wp-block-column is-layout-flow wp-block-column-is-layout-flow\">\n<p><strong>Kapcsolat<\/strong><br\/>Telefon: +49 5251 68262-00<br\/>E-mail: <a href=\"mailto:&#107;&#111;n&#116;&#97;kt&#64;&#116;&#97;&#107;ti&#113;.d&#101;\">k&#111;n&#116;&#97;&#107;t&#64;t&#97;k&#116;i&#113;.de<\/a><\/p>\n\n\n\n<p><strong>Forgalmiad\u00f3-azonos\u00edt\u00f3sz\u00e1m<\/strong><br\/>Forgalmiad\u00f3-azonos\u00edt\u00f3sz\u00e1m az \u00e1ltal\u00e1nos forgalmi ad\u00f3r\u00f3l sz\u00f3l\u00f3 t\u00f6rv\u00e9ny 27a. \u00a7-a szerint:<br\/>DE815182953<\/p>\n\n\n\n<p><strong>C\u00e9gazonos\u00edt\u00f3 sz\u00e1m<\/strong><br\/>DE447784077<\/p>\n\n\n\n<p><strong>Szerkeszt\u0151i felel\u0151ss\u00e9g<\/strong><br\/>Dr. Simon Altemeier, Dr. Christoph Danne (c\u00edm mint fent)<\/p>\n\n\n\n<p><strong>Fogyaszt\u00f3i vitarendez\u00e9s\/egyetemes d\u00f6nt\u0151bizotts\u00e1g<\/strong><br\/>Nem vagyunk hajland\u00f3ak vagy k\u00f6telesek r\u00e9szt venni fogyaszt\u00f3i d\u00f6nt\u0151bizotts\u00e1g el\u0151tti vitarendez\u00e9si elj\u00e1r\u00e1sban.<\/p>\n<\/div>\n<\/div>\n\n\n\n<div style=\"height:3rem\" aria-hidden=\"true\" class=\"wp-block-spacer\"><\/div>\n\n\n\n<p><strong>Tervez\u00e9s \u00e9s kivitelez\u00e9s<br\/><\/strong><a href=\"https:\/\/www.kaeding-anderson.de\" target=\"_blank\" rel=\"noreferrer noopener\">Kaeding Anderson GmbH<\/a> | Design \u00e9s Kommunik\u00e1ci\u00f3s \u00dcgyn\u00f6ks\u00e9g (\u00a9 2025)<\/p>\n<\/div>\n","protected":false},"excerpt":{"rendered":"<p>TAKTIQ GmbH &amp; Co KGAm Hoppenhof 3233104 Paderborn Kereskedelmi nyilv\u00e1ntart\u00e1s: HRA 5901Nyilv\u00e1ntart\u00f3 b\u00edr\u00f3s\u00e1g: Paderborni Helyi B\u00edr\u00f3s\u00e1g K\u00e9pviseli:TAKTIQ Verwaltungsgesellschaft mbH K\u00e9pviseli:Dr. Simon Altemeier, Dr. Christoph Danne Kereskedelmi nyilv\u00e1ntart\u00e1s: HRB 9724Nyilv\u00e1ntart\u00f3 b\u00edr\u00f3s\u00e1g: Paderborni Helyi B\u00edr\u00f3s\u00e1g KapcsolatTelefon: +49 5251 68262-00E-mail: Forgalmiad\u00f3-azonos\u00edt\u00f3sz\u00e1mForgalmiad\u00f3-azonos\u00edt\u00f3sz\u00e1m az \u00e1ltal\u00e1nos forgalmi ad\u00f3r\u00f3l sz\u00f3l\u00f3 t\u00f6rv\u00e9ny 27a. \u00a7-a szerint:DE815182953 C\u00e9gazonos\u00edt\u00f3 sz\u00e1mDE447784077 Szerkeszt\u0151i felel\u0151ss\u00e9gDr. Simon Altemeier, Dr. Christoph [&hellip;]<\/p>\n","protected":false},"author":1,"featured_media":0,"parent":0,"menu_order":0,"comment_status":"closed","ping_status":"closed","template":"","meta":{"_acf_changed":false,"footnotes":""},"class_list":["post-3192","page","type-page","status-publish","hentry"],"acf":[],"_links":{"self":[{"href":"https:\/\/www.taktiq.de\/hu\/wp-json\/wp\/v2\/pages\/3192","targetHints":{"allow":["GET"]}}],"collection":[{"href":"https:\/\/www.taktiq.de\/hu\/wp-json\/wp\/v2\/pages"}],"about":[{"href":"https:\/\/www.taktiq.de\/hu\/wp-json\/wp\/v2\/types\/page"}],"author":[{"embeddable":true,"href":"https:\/\/www.taktiq.de\/hu\/wp-json\/wp\/v2\/users\/1"}],"replies":[{"embeddable":true,"href":"https:\/\/www.taktiq.de\/hu\/wp-json\/wp\/v2\/comments?post=3192"}],"version-history":[{"count":1,"href":"https:\/\/www.taktiq.de\/hu\/wp-json\/wp\/v2\/pages\/3192\/revisions"}],"predecessor-version":[{"id":3193,"href":"https:\/\/www.taktiq.de\/hu\/wp-json\/wp\/v2\/pages\/3192\/revisions\/3193"}],"wp:attachment":[{"href":"https:\/\/www.taktiq.de\/hu\/wp-json\/wp\/v2\/media?parent=3192"}],"curies":[{"name":"wp","href":"https:\/\/api.w.org\/{rel}","templated":true}]}}