{"id":2187,"date":"2025-06-13T14:12:58","date_gmt":"2025-06-13T12:12:58","guid":{"rendered":"https:\/\/relaunch.taktiq.de\/integrazione-e-funzionamento\/"},"modified":"2026-02-25T15:36:21","modified_gmt":"2026-02-25T14:36:21","slug":"integration-betrieb","status":"publish","type":"page","link":"https:\/\/www.taktiq.de\/it\/integration-betrieb\/","title":{"rendered":"Integrazione e funzionamento"},"content":{"rendered":"\n<div class=\"wp-block-group alignfull has-global-padding is-layout-constrained wp-block-group-is-layout-constrained\">\n<div class=\"wp-block-columns alignwide are-vertically-aligned-center is-layout-flex wp-container-core-columns-is-layout-28f84493 wp-block-columns-is-layout-flex\">\n<div class=\"wp-block-column is-vertically-aligned-center is-layout-flow wp-block-column-is-layout-flow\">\n<h1 class=\"wp-block-heading\">Integrazione e funzionamento senza problemi di TAKTIQ<\/h1>\n\n\n\n<p class=\"has-intro-font-size\">L&#8217;integrazione di un nuovo software pu\u00f2 essere complicata e richiedere molto tempo. Con TAKTIQ, invece, questo processo \u00e8 reso il pi\u00f9 snello e semplice possibile. Ci affidiamo alle tecnologie pi\u00f9 recenti e ai pi\u00f9 alti standard di sicurezza per garantire un&#8217;implementazione fluida ed efficiente.  <\/p>\n\n\n\n<ul class=\"wp-block-list is-style-default\">\n<li><a href=\"#datensicherheit-datenschutz\">Sicurezza e protezione dei dati<\/a><\/li>\n\n\n\n<li><a href=\"#systemanforderung-installation\">Requisiti di sistema e installazione<\/a><\/li>\n\n\n\n<li><a href=\"#Serveroptionen\" data-type=\"internal\" data-id=\"#Serveroptionen\">Opzioni del server<\/a><\/li>\n\n\n\n<li><a href=\"#schnittstellen\">Interfacce<\/a><\/li>\n<\/ul>\n\n\n\n<div class=\"wp-block-group has-lightgrey-background-color has-background is-nowrap is-layout-flex wp-container-core-group-is-layout-ca63f8bc wp-block-group-is-layout-flex\" style=\"border-radius:0.5rem;padding-top:var(--wp--preset--spacing--40);padding-right:var(--wp--preset--spacing--40);padding-bottom:var(--wp--preset--spacing--40);padding-left:var(--wp--preset--spacing--40)\">\n<p>Vuoi saperne di pi\u00f9 sul processo di introduzione di TAKTIQ nella tua azienda?<\/p>\n\n\n\n<div class=\"wp-block-buttons wp-container-content-6884ef2a is-horizontal is-content-justification-left is-nowrap is-layout-flex wp-container-core-buttons-is-layout-e5fbeb3a wp-block-buttons-is-layout-flex\">\n<div class=\"wp-block-button\"><a class=\"wp-block-button__link wp-element-button\" href=\"https:\/\/www.taktiq.de\/it\/pilot-einfuehrung\/\">Per saperne di pi\u00f9<\/a><\/div>\n<\/div>\n<\/div>\n<\/div>\n\n\n\n<div class=\"wp-block-column is-vertically-aligned-center is-layout-flow wp-block-column-is-layout-flow\">\n<figure class=\"wp-block-image size-full\"><img decoding=\"async\" src=\"https:\/\/www.taktiq.de\/wp-content\/uploads\/2025\/06\/taktiq-integration-operation.svg\" alt=\"\" class=\"wp-image-507\"\/><\/figure>\n<\/div>\n<\/div>\n<\/div>\n\n<div class=\"wp-block-group alignfull has-white-background-color has-background has-global-padding is-layout-constrained wp-block-group-is-layout-constrained\" id=\"datensicherheit-datenschutz\">\n<div class=\"wp-block-columns alignwide is-layout-flex wp-container-core-columns-is-layout-28f84493 wp-block-columns-is-layout-flex\">\n<div class=\"wp-block-column is-layout-flow wp-block-column-is-layout-flow\">\n<h2 class=\"wp-block-heading\">Zertifizierte Datensicherheit &amp; Datenschutz<\/h2>\n\n\n\n<p>Der Schutz und die Sicherheit Ihrer Daten sind uns sehr wichtig. Deshalb setzen wir auf die modernsten Technologien und h\u00f6chste Sicherheitsstandards. Mit den angegebenen Nummern k\u00f6nnen Sie das Ergebnis unserer TISAX-Zertifizierung unter dem Button selbst einsehen.<\/p>\n\n\n\n<p>Scope ID: SH0TV7<br>Assessment ID: AC5L90<\/p>\n\n\n\n<div class=\"wp-block-buttons is-layout-flex wp-block-buttons-is-layout-flex\">\n<div class=\"wp-block-button is-style-outline is-style-outline--1\"><a class=\"wp-block-button__link wp-element-button\" href=\"https:\/\/enx.com\/en-US\/TISAX\/\" target=\"_blank\" rel=\"noreferrer noopener\">TISAX Zertifizierung<\/a><\/div>\n\n\n\n<div class=\"wp-block-button is-style-outline is-style-outline--2\"><a class=\"wp-block-button__link wp-element-button\" href=\"https:\/\/www.taktiq.de\/wp-content\/uploads\/2025\/07\/taktiq-certificate-vegasystems-iso-iec-27001.pdf\" target=\"_blank\" rel=\"noreferrer noopener\">Zertifizierte Server<\/a><\/div>\n<\/div>\n<\/div>\n\n\n\n<div class=\"wp-block-column is-layout-flow wp-block-column-is-layout-flow\">\n<div class=\"wp-block-group is-content-justification-center is-nowrap is-layout-flex wp-container-core-group-is-layout-23441af8 wp-block-group-is-layout-flex\">\n<figure class=\"wp-block-image size-full is-resized\"><img decoding=\"async\" src=\"https:\/\/www.taktiq.de\/wp-content\/uploads\/2025\/07\/tisax.svg\" alt=\"\" class=\"wp-image-1079\" style=\"width:200px\"\/><\/figure>\n\n\n\n<figure class=\"wp-block-image size-full is-resized\"><img loading=\"lazy\" decoding=\"async\" width=\"490\" height=\"67\" src=\"https:\/\/www.taktiq.de\/wp-content\/uploads\/2025\/07\/vegasystems.png\" alt=\"\" class=\"wp-image-1080\" style=\"width:300px\"\/><\/figure>\n<\/div>\n<\/div>\n<\/div>\n<\/div>\n\n<div class=\"wp-block-group alignfull has-global-padding is-layout-constrained wp-block-group-is-layout-constrained\" id=\"systemanforderung-installation\">\n<div class=\"wp-block-columns alignwide are-vertically-aligned-center is-layout-flex wp-container-core-columns-is-layout-28f84493 wp-block-columns-is-layout-flex\">\n<div class=\"wp-block-column is-vertically-aligned-center is-layout-flow wp-block-column-is-layout-flow\">\n<h2 class=\"wp-block-heading\">Requisiti di sistema e installazione<\/h2>\n\n\n\n<p>Il nostro software \u00e8 leggero e potente. Tuttavia, per un funzionamento ottimale \u00e8 necessario soddisfare alcuni requisiti. Lavoriamo a stretto contatto con te per rendere l&#8217;installazione il pi\u00f9 semplice e agevole possibile.  <\/p>\n\n\n\n<div class=\"wp-block-buttons is-layout-flex wp-block-buttons-is-layout-flex\">\n<div class=\"wp-block-button\"><a class=\"wp-block-button__link wp-element-button\" href=\"https:\/\/www.taktiq.de\/wp-content\/uploads\/2025\/07\/taktiq-systemanforderungen-und-installation-de.pdf\" target=\"_blank\" rel=\"noreferrer noopener\">Scarica la panoramica<\/a><\/div>\n<\/div>\n<\/div>\n\n\n\n<div class=\"wp-block-column is-vertically-aligned-center is-layout-flow wp-block-column-is-layout-flow\">\n<ul class=\"wp-block-list is-style-checklist-boxed\">\n<li>Applicazione leggera con requisiti minimi<\/li>\n\n\n\n<li>Installazione e integrazione semplice da parte degli esperti TAKTIQ<\/li>\n<\/ul>\n<\/div>\n<\/div>\n<\/div>\n\n<div class=\"wp-block-group alignfull has-lightgrey-background-color has-background has-global-padding is-layout-constrained wp-block-group-is-layout-constrained\" id=\"serveroptionen\">\n<div class=\"wp-block-columns alignwide is-layout-flex wp-container-core-columns-is-layout-28f84493 wp-block-columns-is-layout-flex\">\n<div class=\"wp-block-column is-layout-flow wp-block-column-is-layout-flow\">\n<h2 class=\"wp-block-heading\">Opzioni del server<\/h2>\n\n\n\n<p>Sfrutta le nostre diverse opzioni operative per ottenere la massima flessibilit\u00e0 e una perfetta integrazione nel tuo sistema esistente:<\/p>\n\n\n\n<ul class=\"wp-block-list is-style-checklist-clean\">\n<li>Solo per i clienti<\/li>\n\n\n\n<li>Cliente-Server<\/li>\n\n\n\n<li>Client-Server integrato<\/li>\n<\/ul>\n\n\n\n<p>\u00c8 possibile anche un avvio rapido con il solo client e un successivo passaggio al funzionamento client-server senza problemi. Ulteriori informazioni sono disponibili nei nostri requisiti di sistema: <\/p>\n\n\n\n<div class=\"wp-block-buttons is-layout-flex wp-block-buttons-is-layout-flex\">\n<div class=\"wp-block-button\"><a class=\"wp-block-button__link wp-element-button\" href=\"https:\/\/www.taktiq.de\/wp-content\/uploads\/2025\/07\/taktiq-systemanforderungen-und-installation-de.pdf\" target=\"_blank\" rel=\"noreferrer noopener\">Scarica la panoramica<\/a><\/div>\n<\/div>\n<\/div>\n\n\n\n<div class=\"wp-block-column is-layout-flow wp-block-column-is-layout-flow\">\n<figure class=\"wp-block-image size-full\"><img decoding=\"async\" src=\"https:\/\/www.taktiq.de\/wp-content\/uploads\/2025\/06\/taktiq-clientonly-server.svg\" alt=\"\" class=\"wp-image-498\"\/><\/figure>\n<\/div>\n<\/div>\n<\/div>\n\n<div class=\"wp-block-group alignfull has-global-padding is-layout-constrained wp-block-group-is-layout-constrained\" id=\"schnittstellen\">\n<h2 class=\"wp-block-heading has-text-align-center\">Interfacce<\/h2>\n\n\n\n<p class=\"has-text-align-center\">Utilizza una delle tre opzioni per integrare TAKTIQ nel tuo panorama IT:<\/p>\n\n\n\n<details class=\"wp-block-details alignwide is-layout-flow wp-block-details-is-layout-flow\" name=\"schnittstellen\" open><summary>Importazione\/esportazione standard di Excel<br><\/summary>\n<div class=\"wp-block-group is-nowrap is-layout-flex wp-container-core-group-is-layout-8f32cfaa wp-block-group-is-layout-flex\" style=\"padding-top:0;padding-right:0;padding-bottom:0;padding-left:0\">\n<p class=\"wp-container-content-b0223bd5\">Vuoi testare tutto prima di investire in un&#8217;interfaccia a lungo termine?<br\/><br\/>Utilizza l&#8217;importazione standard di Excel. Basta esportare il nostro modello direttamente da TAKTIQ, inserire i dati nelle colonne selezionate e importarlo nuovamente. Puoi iniziare a lavorare in modo produttivo!  <\/p>\n\n\n\n<ul style=\"border-radius:0.5rem;padding-top:var(--wp--preset--spacing--50);padding-right:var(--wp--preset--spacing--50);padding-bottom:var(--wp--preset--spacing--50);padding-left:var(--wp--preset--spacing--50)\" class=\"wp-block-list is-style-checklist-clean has-lightgrey-background-color has-background wp-container-content-b0223bd5\">\n<li>Inizia subito a lavorare<\/li>\n\n\n\n<li>Gratuito<\/li>\n\n\n\n<li>Nessuno sforzo di programmazione<\/li>\n<\/ul>\n\n\n\n<figure class=\"wp-block-image size-full is-resized wp-container-content-0733e5d0\"><img decoding=\"async\" src=\"https:\/\/www.taktiq.de\/wp-content\/uploads\/2025\/06\/taktiq-interface-excel-import-export.svg\" alt=\"\" class=\"wp-image-509\" style=\"object-fit:cover;width:700px;height:250px\"\/><\/figure>\n<\/div>\n<\/details>\n\n\n\n<details class=\"wp-block-details alignwide is-layout-flow wp-block-details-is-layout-flow\" name=\"schnittstellen\"><summary>Interfacce standard<\/summary>\n<div class=\"wp-block-group is-nowrap is-layout-flex wp-container-core-group-is-layout-8f32cfaa wp-block-group-is-layout-flex\" style=\"padding-top:0;padding-right:0;padding-bottom:0;padding-left:0\">\n<div class=\"wp-block-group wp-container-content-b0223bd5 has-global-padding is-layout-constrained wp-container-core-group-is-layout-639b5052 wp-block-group-is-layout-constrained\" style=\"padding-top:0;padding-right:0;padding-bottom:0;padding-left:0\">\n<p>La nostra interfaccia standard \u00e8 la soluzione pi\u00f9 semplice e veloce per un utilizzo a lungo termine nella tua azienda.<br\/><br\/>Nella nostra pagina di download troverai le nostre interfacce campione, in modo che il tuo team IT possa farsi un&#8217;idea della portata e della struttura.<\/p>\n\n\n\n<div class=\"wp-block-buttons is-layout-flex wp-block-buttons-is-layout-flex\">\n<div class=\"wp-block-button\"><a class=\"wp-block-button__link wp-element-button\" href=\"https:\/\/taktiq.assemblysuite.com\/prod1-interface\/index.html\" target=\"_blank\" rel=\"noreferrer noopener\">Esempio di interfaccia<\/a><\/div>\n<\/div>\n<\/div>\n\n\n\n<ul style=\"border-radius:0.5rem;padding-top:var(--wp--preset--spacing--50);padding-right:var(--wp--preset--spacing--50);padding-bottom:var(--wp--preset--spacing--50);padding-left:var(--wp--preset--spacing--50)\" class=\"wp-block-list is-style-checklist-clean has-lightgrey-background-color has-background wp-container-content-b0223bd5\">\n<li>Integrazione semplice per il tuo team IT<\/li>\n\n\n\n<li>Accesso sicuro con la crittografia<\/li>\n\n\n\n<li>Sviluppo contro l&#8217;interfaccia 100% dalla tua parte<\/li>\n\n\n\n<li>Sei tu a stabilire quali dati vengono trasmessi e come<\/li>\n<\/ul>\n\n\n\n<figure class=\"wp-block-image size-full is-resized wp-container-content-0733e5d0\"><img decoding=\"async\" src=\"https:\/\/www.taktiq.de\/wp-content\/uploads\/2025\/06\/taktiq-interface-standard.svg\" alt=\"\" class=\"wp-image-510\" style=\"object-fit:cover;width:700px;height:250px\"\/><\/figure>\n<\/div>\n<\/details>\n\n\n\n<details class=\"wp-block-details alignwide is-layout-flow wp-block-details-is-layout-flow\" name=\"schnittstellen\"><summary>Altre interfacce<\/summary>\n<div class=\"wp-block-group is-nowrap is-layout-flex wp-container-core-group-is-layout-8f32cfaa wp-block-group-is-layout-flex\" style=\"padding-top:0;padding-right:0;padding-bottom:0;padding-left:0\">\n<p class=\"wp-container-content-0733e5d0\">Vuoi attingere alla nostra esperienza per programmare un&#8217;interfaccia? O alle nostre soluzioni esistenti per sistemi noti? <br\/><br\/>Abbiamo gi\u00e0 realizzato interfacce con sistemi come <strong>Ticon,<\/strong> <strong>SAP,<\/strong> <strong>Windchill<\/strong> e oltre 13 altri sistemi interni al cliente.<br\/><br\/>Siamo inoltre lieti di programmare un&#8217;interfaccia con <strong>ema, halocline<\/strong>, <strong>Siemens Teamcenter<\/strong> e altri sistemi su richiesta.<\/p>\n\n\n\n<figure class=\"wp-block-image size-full is-resized wp-container-content-0733e5d0\"><img decoding=\"async\" src=\"https:\/\/www.taktiq.de\/wp-content\/uploads\/2025\/06\/taktiq-interface-ema-ipolog-ptc-more.svg\" alt=\"\" class=\"wp-image-508\" style=\"object-fit:cover;width:700px;height:425px\"\/><\/figure>\n<\/div>\n<\/details>\n<\/div>\n\n<div class=\"wp-block-group alignfull has-global-padding is-layout-constrained wp-block-group-is-layout-constrained\">\n<div class=\"wp-block-columns alignwide are-vertically-aligned-center is-layout-flex wp-container-core-columns-is-layout-28f84493 wp-block-columns-is-layout-flex\">\n<div class=\"wp-block-column is-vertically-aligned-center is-layout-flow wp-block-column-is-layout-flow\">\n<p class=\"has-text-align-left has-h-2-font-size\">Questo potrebbe interessarti anche<\/p>\n<\/div>\n\n\n\n<div class=\"wp-block-column is-vertically-aligned-center is-layout-flow wp-block-column-is-layout-flow\">\n<div  class=\"wp-block-teaser  \">\t\n\t\n\t\n\t<div class=\"card card-teaser rounded h-100\">\n\t\t\t\t\t<div class=\"card-body p-3 p-lg-4 p-xxl-5\">\n\t\t\t\t<div class=\"row align-items-center\">\n\t\t\t\t\t<div class=\"col-md-7 order-2 order-md-1\">\t\t\t\t\t\n\t\t\t\t\t\t\t\t\t\t\t\t<a href=\"https:\/\/www.taktiq.de\/it\/pilot-einfuehrung\/\" class=\"card-title d-block stretched-link text-decoration-none my-2 fw-semibold fs-5\">Pilota e introduzione<\/a>\n\t\t\t\t\t\t<p class=\"card-text hyphens m-0 p-0\">\n\t\t\t\t\t\t\tImplementazione semplice del software, personalizzata in base alla tua situazione iniziale.\t\t\t\t\t\t<\/p>\n\t\t\t\t\t\t<a href=\"https:\/\/www.taktiq.de\/it\/pilot-einfuehrung\/\" class=\"btn btn-outline-primary btn-sm mt-3\">Per saperne di pi\u00f9<\/a>\n\t\t\t\t\t<\/div>\n\t\t\t\t\t<div class=\"col-md-5 order-1 order-md-2\">\n\t\t\t\t\t\t<img loading=\"lazy\" decoding=\"async\" width=\"1\" height=\"1\" src=\"https:\/\/www.taktiq.de\/wp-content\/uploads\/2025\/06\/taktiq-pilot-project.svg\" class=\"card-img-top h-auto wp-post-image\" alt=\"\" \/>\t\t\t\t\t<\/div>\n\t\t\t\t<\/div>\t\n\t\t\t<\/div>\t\t\n\t\t\t\t\n\t<\/div>\n<\/div>\n\n\n\n\n<div  class=\"wp-block-teaser  \">\t\n\t\n\t\n\t<div class=\"card card-teaser rounded h-100\">\n\t\t\t\t\t<div class=\"card-body p-3 p-lg-4 p-xxl-5\">\n\t\t\t\t<div class=\"row align-items-center\">\n\t\t\t\t\t<div class=\"col-md-7 order-2 order-md-1\">\t\t\t\t\t\n\t\t\t\t\t\t\t\t\t\t\t\t<a href=\"https:\/\/www.taktiq.de\/it\/opzioni-di-personalizzazione\/\" class=\"card-title d-block stretched-link text-decoration-none my-2 fw-semibold fs-5\">Opzioni di personalizzazione<\/a>\n\t\t\t\t\t\t<p class=\"card-text hyphens m-0 p-0\">\n\t\t\t\t\t\t\tCon l&#8217;opzione di un contratto di sviluppo del prodotto e altre opzioni di personalizzazione, consentiamo al tuo TAKTIQ di crescere con te.\t\t\t\t\t\t<\/p>\n\t\t\t\t\t\t<a href=\"https:\/\/www.taktiq.de\/it\/opzioni-di-personalizzazione\/\" class=\"btn btn-outline-primary btn-sm mt-3\">Per saperne di pi\u00f9<\/a>\n\t\t\t\t\t<\/div>\n\t\t\t\t\t<div class=\"col-md-5 order-1 order-md-2\">\n\t\t\t\t\t\t<img loading=\"lazy\" decoding=\"async\" width=\"1\" height=\"1\" src=\"https:\/\/www.taktiq.de\/wp-content\/uploads\/2025\/06\/taktiq-agile-development-ideas-benefits.svg\" class=\"card-img-top h-auto wp-post-image\" alt=\"\" \/>\t\t\t\t\t<\/div>\n\t\t\t\t<\/div>\t\n\t\t\t<\/div>\t\t\n\t\t\t\t\n\t<\/div>\n<\/div>\n\n<\/div>\n<\/div>\n<\/div>\n\n<div class=\"wp-block-group alignfull has-lightgrey-background-color has-background has-global-padding is-layout-constrained wp-block-group-is-layout-constrained\">\n<h2 class=\"wp-block-heading has-text-align-center\">I tuoi prossimi passi con TAKTIQ<\/h2>\n\n\n\n<p class=\"has-text-align-center\">Conosci meglio TAKTIQ e scopri come puoi portare la tua pianificazione della produzione a un livello superiore. Scegli il percorso pi\u00f9 adatto a te. <\/p>\n\n\n\n<div style=\"height:1rem\" aria-hidden=\"true\" class=\"wp-block-spacer\"><\/div>\n\n\n\n<div class=\"wp-block-columns alignwide is-layout-flex wp-container-core-columns-is-layout-28f84493 wp-block-columns-is-layout-flex\">\n<div class=\"wp-block-column is-vertically-aligned-stretch is-layout-flow wp-block-column-is-layout-flow\">\n<div class=\"wp-block-group h-100 card-product has-border-color has-midgrey-border-color has-white-background-color has-background is-vertical is-layout-flex wp-container-core-group-is-layout-142ddb77 wp-block-group-is-layout-flex\" style=\"border-width:1px;border-radius:0.75rem;padding-top:var(--wp--preset--spacing--80);padding-right:var(--wp--preset--spacing--60);padding-bottom:var(--wp--preset--spacing--60);padding-left:var(--wp--preset--spacing--60)\">\n<figure class=\"wp-block-image size-full w-100 is-style-pulledout\" style=\"margin-right:var(--wp--preset--spacing--40);margin-left:var(--wp--preset--spacing--40)\"><img decoding=\"async\" src=\"https:\/\/www.taktiq.de\/wp-content\/uploads\/2025\/06\/taktiq-trial-truck.svg\" alt=\"\" class=\"wp-image-528\"\/><\/figure>\n\n\n\n<div class=\"wp-block-group has-lightgrey-background-color has-background is-horizontal is-content-justification-left is-nowrap is-layout-flex wp-container-core-group-is-layout-183914e5 wp-block-group-is-layout-flex\" style=\"padding-top:0;padding-right:var(--wp--preset--spacing--40);padding-bottom:0;padding-left:0\">\n<figure class=\"wp-block-image size-thumbnail is-resized\"><img loading=\"lazy\" decoding=\"async\" width=\"300\" height=\"300\" src=\"https:\/\/www.taktiq.de\/wp-content\/uploads\/2025\/07\/customer-happy-working-side-laptop-background-taktiq-300x300.jpg\" alt=\"\" class=\"wp-image-1260\" style=\"aspect-ratio:1;object-fit:cover;width:50px\" srcset=\"https:\/\/www.taktiq.de\/wp-content\/uploads\/2025\/07\/customer-happy-working-side-laptop-background-taktiq-300x300.jpg 300w, https:\/\/www.taktiq.de\/wp-content\/uploads\/2025\/07\/customer-happy-working-side-laptop-background-taktiq.jpg 600w\" sizes=\"auto, (max-width: 300px) 100vw, 300px\" \/><\/figure>\n\n\n\n<p>Test da solo<\/p>\n<\/div>\n\n\n\n<h3 class=\"wp-block-heading\">Versione di prova di 4 settimane<\/h3>\n\n\n\n<p>Prova gratuitamente TAKTIQ e valuta tu stesso se il software soddisfa le tue esigenze.<\/p>\n\n\n\n<ul class=\"wp-block-list is-style-checklist-clean\">\n<li>Inizia tra 5 minuti<\/li>\n\n\n\n<li>Gamma completa di funzioni<\/li>\n\n\n\n<li>Nessun rischio<\/li>\n\n\n\n<li>Prova tu stesso<\/li>\n<\/ul>\n\n\n\n<div class=\"wp-block-buttons mt-auto is-layout-flex wp-block-buttons-is-layout-flex\">\n<div class=\"wp-block-button is-style-outline is-style-outline--3\"><a class=\"wp-block-button__link wp-element-button\" href=\"https:\/\/www.taktiq.de\/it\/esperienza\/versione-di-prova\/\">Esperienza attuale<\/a><\/div>\n<\/div>\n<\/div>\n<\/div>\n\n\n\n<div class=\"wp-block-column is-vertically-aligned-stretch is-layout-flow wp-block-column-is-layout-flow\">\n<div class=\"wp-block-group h-100 card-product has-border-color has-white-background-color has-background is-vertical is-layout-flex wp-container-core-group-is-layout-142ddb77 wp-block-group-is-layout-flex\" style=\"border-color:#6E6E6E;border-width:1px;border-radius:0.75rem;padding-top:var(--wp--preset--spacing--80);padding-right:var(--wp--preset--spacing--60);padding-bottom:var(--wp--preset--spacing--60);padding-left:var(--wp--preset--spacing--60)\">\n<figure class=\"wp-block-image size-full w-100 is-style-pulledout\" style=\"margin-right:var(--wp--preset--spacing--40);margin-left:var(--wp--preset--spacing--40)\"><img decoding=\"async\" src=\"https:\/\/www.taktiq.de\/wp-content\/uploads\/2025\/06\/taktiq-line-balancing-home-hero.svg\" alt=\"\" class=\"wp-image-514\"\/><\/figure>\n\n\n\n<div class=\"wp-block-group has-lightgrey-background-color has-background is-horizontal is-content-justification-left is-nowrap is-layout-flex wp-container-core-group-is-layout-183914e5 wp-block-group-is-layout-flex\" style=\"padding-top:0;padding-right:var(--wp--preset--spacing--40);padding-bottom:0;padding-left:0\">\n<figure class=\"wp-block-image size-thumbnail is-resized\"><img loading=\"lazy\" decoding=\"async\" width=\"300\" height=\"300\" src=\"https:\/\/www.taktiq.de\/wp-content\/uploads\/2025\/07\/employee-headset-explaining-smile-front-background-taktiq-300x300.jpg\" alt=\"\" class=\"wp-image-1261\" style=\"aspect-ratio:1;object-fit:cover;width:50px\" srcset=\"https:\/\/www.taktiq.de\/wp-content\/uploads\/2025\/07\/employee-headset-explaining-smile-front-background-taktiq-300x300.jpg 300w, https:\/\/www.taktiq.de\/wp-content\/uploads\/2025\/07\/employee-headset-explaining-smile-front-background-taktiq.jpg 600w\" sizes=\"auto, (max-width: 300px) 100vw, 300px\" \/><\/figure>\n\n\n\n<p>Con Kira Askevold<\/p>\n<\/div>\n\n\n\n<h3 class=\"wp-block-heading has-orange-color has-text-color has-link-color wp-elements-362b2501ff712a67c5094d75e25a06c8\">Consulenza iniziale e demo dal vivo<\/h3>\n\n\n\n<p>Scopri con una prima consulenza se TAKTIQ fa al caso tuo e prova il nostro software in una dimostrazione dal vivo personalizzata.<\/p>\n\n\n\n<ul class=\"wp-block-list is-style-checklist-clean\">\n<li>Chiarezza in 15 minuti<\/li>\n\n\n\n<li>Scambio con gli esperti<\/li>\n\n\n\n<li>Dimostrazione dal vivo personalizzata<\/li>\n<\/ul>\n\n\n\n<div class=\"wp-block-buttons mt-auto is-horizontal is-content-justification-left is-layout-flex wp-container-core-buttons-is-layout-c4719c80 wp-block-buttons-is-layout-flex\">\n<div class=\"wp-block-button has-custom-width wp-block-button__width-100 is-style-fill\"><a class=\"wp-block-button__link wp-element-button\" href=\"https:\/\/www.taktiq.de\/it\/esperienza\/consulenza-iniziale-e-demo-dal-vivo\/\">Ricevi una consulenza iniziale<\/a><\/div>\n<\/div>\n<\/div>\n<\/div>\n\n\n\n<div class=\"wp-block-column is-vertically-aligned-stretch is-layout-flow wp-block-column-is-layout-flow\">\n<div class=\"wp-block-group h-100 card-product has-border-color has-midgrey-border-color has-white-background-color has-background is-vertical is-layout-flex wp-container-core-group-is-layout-142ddb77 wp-block-group-is-layout-flex\" style=\"border-width:1px;border-radius:0.75rem;padding-top:var(--wp--preset--spacing--80);padding-right:var(--wp--preset--spacing--60);padding-bottom:var(--wp--preset--spacing--60);padding-left:var(--wp--preset--spacing--60)\">\n<figure class=\"wp-block-image size-full w-100 is-style-pulledout\" style=\"margin-right:var(--wp--preset--spacing--40);margin-left:var(--wp--preset--spacing--40)\"><img decoding=\"async\" src=\"https:\/\/www.taktiq.de\/wp-content\/uploads\/2025\/06\/taktiq-pilot-project.svg\" alt=\"\" class=\"wp-image-521\"\/><\/figure>\n\n\n\n<div class=\"wp-block-group has-lightgrey-background-color has-background is-horizontal is-content-justification-left is-nowrap is-layout-flex wp-container-core-group-is-layout-183914e5 wp-block-group-is-layout-flex\" style=\"padding-top:0;padding-right:var(--wp--preset--spacing--40);padding-bottom:0;padding-left:0\">\n<figure class=\"wp-block-image size-thumbnail is-resized\"><img loading=\"lazy\" decoding=\"async\" width=\"300\" height=\"300\" src=\"https:\/\/www.taktiq.de\/wp-content\/uploads\/2025\/07\/portrait-victor-kuepper-taktiq-300x300.jpg\" alt=\"\" class=\"wp-image-834\" style=\"aspect-ratio:1;object-fit:cover;width:50px\" srcset=\"https:\/\/www.taktiq.de\/wp-content\/uploads\/2025\/07\/portrait-victor-kuepper-taktiq-300x300.jpg 300w, https:\/\/www.taktiq.de\/wp-content\/uploads\/2025\/07\/portrait-victor-kuepper-taktiq-600x600.jpg 600w, https:\/\/www.taktiq.de\/wp-content\/uploads\/2025\/07\/portrait-victor-kuepper-taktiq-900x900.jpg 900w\" sizes=\"auto, (max-width: 300px) 100vw, 300px\" \/><\/figure>\n\n\n\n<p>Con Victor K\u00fcpper<\/p>\n<\/div>\n\n\n\n<h3 class=\"wp-block-heading\">Progetto pilota o analisi dei requisiti<\/h3>\n\n\n\n<p>Prova TAKTIQ direttamente nel tuo ambiente di produzione con un progetto pilota personalizzato o un&#8217;analisi dei requisiti in loco.<\/p>\n\n\n\n<ul class=\"wp-block-list is-style-checklist-clean\">\n<li>Funzionamento in parallelo con il sistema attuale<\/li>\n\n\n\n<li>Area di test ottimizzata<\/li>\n\n\n\n<li>Analisi del fit-gap<\/li>\n\n\n\n<li>Formazione personalizzata<\/li>\n\n\n\n<li>Assistenza personalizzata<\/li>\n<\/ul>\n\n\n\n<div class=\"wp-block-buttons mt-auto is-layout-flex wp-block-buttons-is-layout-flex\">\n<div class=\"wp-block-button is-style-outline is-style-outline--4\"><a class=\"wp-block-button__link wp-element-button\" href=\"https:\/\/www.taktiq.de\/it\/esperienza\/analisi-pilota-e-dei-requisiti\/\">Richiedi un consiglio<\/a><\/div>\n<\/div>\n<\/div>\n<\/div>\n<\/div>\n<\/div>\n","protected":false},"excerpt":{"rendered":"<p>TAKTIQ rende l&#8217;integrazione il pi\u00f9 semplice e lineare possibile.  <\/p>\n","protected":false},"author":1,"featured_media":2188,"parent":0,"menu_order":0,"comment_status":"closed","ping_status":"closed","template":"","meta":{"_acf_changed":false,"footnotes":""},"class_list":["post-2187","page","type-page","status-publish","has-post-thumbnail","hentry"],"acf":[],"_links":{"self":[{"href":"https:\/\/www.taktiq.de\/it\/wp-json\/wp\/v2\/pages\/2187","targetHints":{"allow":["GET"]}}],"collection":[{"href":"https:\/\/www.taktiq.de\/it\/wp-json\/wp\/v2\/pages"}],"about":[{"href":"https:\/\/www.taktiq.de\/it\/wp-json\/wp\/v2\/types\/page"}],"author":[{"embeddable":true,"href":"https:\/\/www.taktiq.de\/it\/wp-json\/wp\/v2\/users\/1"}],"replies":[{"embeddable":true,"href":"https:\/\/www.taktiq.de\/it\/wp-json\/wp\/v2\/comments?post=2187"}],"version-history":[{"count":4,"href":"https:\/\/www.taktiq.de\/it\/wp-json\/wp\/v2\/pages\/2187\/revisions"}],"predecessor-version":[{"id":4936,"href":"https:\/\/www.taktiq.de\/it\/wp-json\/wp\/v2\/pages\/2187\/revisions\/4936"}],"wp:featuredmedia":[{"embeddable":true,"href":"https:\/\/www.taktiq.de\/it\/wp-json\/wp\/v2\/media\/2188"}],"wp:attachment":[{"href":"https:\/\/www.taktiq.de\/it\/wp-json\/wp\/v2\/media?parent=2187"}],"curies":[{"name":"wp","href":"https:\/\/api.w.org\/{rel}","templated":true}]}}